{"id":32723,"date":"2023-01-12T20:30:22","date_gmt":"2023-01-13T01:30:22","guid":{"rendered":"https:\/\/dyzedesign.com\/shop\/non class\u00e9\/capteur-de-mise-a-niveau-automatique-horizon\/"},"modified":"2023-01-12T20:30:22","modified_gmt":"2023-01-13T01:30:22","slug":"capteur-de-mise-a-niveau-automatique-horizon","status":"publish","type":"product","link":"https:\/\/dyzedesign.com\/fr\/boutique\/accessoires\/capteur-de-mise-a-niveau-automatique-horizon\/","title":{"rendered":"Capteur de mise \u00e0 niveau automatique Horizon\u2122"},"content":{"rendered":"<p>L&rsquo;Horizon\u2122, \u00e0 toutes fins pratiques, transforme votre buse en un capteur de force tr\u00e8s sensible.<\/p>\n<p>Cela permet une mise \u00e0 l&rsquo;origine en Z tr\u00e8s pr\u00e9cise sans aucun risque d&rsquo;endommager votre imprimante car les moteurs Z seront arr\u00eat\u00e9s \u00e0 l&rsquo;instant o\u00f9 votre buse touchera le lit.<\/p>\n<p>Horizon\u2122 peut \u00eatre utilis\u00e9 comme interrupteur de but\u00e9e sur l&rsquo;axe z ou comme capteur de mise \u00e0 niveau automatique du lit (ABL).<\/p>\n<p>L&rsquo;Horizon fournit \u00e9galement une sortie analogique proportionnelle \u00e0 la force appliqu\u00e9e sur la buse qui pourrait \u00eatre utilis\u00e9e dans d&rsquo;autres contextes o\u00f9 vous auriez besoin d&rsquo;un capteur de force sensible pour votre imprimante 3d.<\/p>\n","protected":false},"excerpt":{"rendered":"<p>Horizon \u2122, un capteur de mise \u00e0 niveau automatique du lit (ABL), un d\u00e9tecteur de collision et un interrupteur de but\u00e9e d&rsquo;axe Z.<\/p>\n","protected":false},"featured_media":32674,"comment_status":"open","ping_status":"closed","template":"","meta":[],"product_cat":[78,135],"product_tag":[],"class_list":{"0":"post-32723","1":"product","2":"type-product","3":"status-publish","4":"has-post-thumbnail","6":"product_cat-accessoires","7":"product_cat-ra-fr","9":"first","10":"instock","11":"featured","12":"taxable","13":"shipping-taxable","14":"purchasable","15":"product-type-simple"},"yoast_head":"<!-- This site is optimized with the Yoast SEO plugin v27.4 - https:\/\/yoast.com\/product\/yoast-seo-wordpress\/ -->\n<title>Capteur de mise \u00e0 niveau automatique Horizon\u2122 - DYZE DESIGN<\/title>\n<meta name=\"robots\" content=\"index, follow, max-snippet:-1, max-image-preview:large, max-video-preview:-1\" \/>\n<link rel=\"canonical\" href=\"https:\/\/dyzedesign.com\/fr\/boutique\/non%20class\u00e9\/capteur-de-mise-a-niveau-automatique-horizon\/\" \/>\n<meta property=\"og:locale\" content=\"fr_FR\" \/>\n<meta property=\"og:type\" content=\"article\" \/>\n<meta property=\"og:title\" content=\"Capteur de mise \u00e0 niveau automatique Horizon\u2122 - DYZE DESIGN\" \/>\n<meta property=\"og:description\" content=\"Horizon \u2122, un capteur de mise \u00e0 niveau automatique du lit (ABL), un d\u00e9tecteur de collision et un interrupteur de but\u00e9e d&#039;axe Z.\" \/>\n<meta property=\"og:url\" content=\"https:\/\/dyzedesign.com\/fr\/boutique\/non class\u00e9\/capteur-de-mise-a-niveau-automatique-horizon\/\" \/>\n<meta property=\"og:site_name\" content=\"DYZE DESIGN\" \/>\n<meta property=\"article:publisher\" content=\"https:\/\/www.facebook.com\/dyzedesign\/\" \/>\n<meta property=\"og:image\" content=\"https:\/\/dyzedesign.com\/cdn-cgi\/image\/quality=80,format=auto,onerror=redirect,metadata=none\/wp-content\/uploads\/2017\/10\/CubePro-Dyze-Printing-13_resize.jpg\" \/>\n\t<meta property=\"og:image:width\" content=\"2000\" \/>\n\t<meta property=\"og:image:height\" content=\"1333\" \/>\n\t<meta property=\"og:image:type\" content=\"image\/jpeg\" \/>\n<meta name=\"twitter:card\" content=\"summary_large_image\" \/>\n<meta name=\"twitter:label1\" content=\"Dur\u00e9e de lecture estim\u00e9e\" \/>\n\t<meta name=\"twitter:data1\" content=\"1 minute\" \/>\n<script type=\"application\/ld+json\" class=\"yoast-schema-graph\">{\"@context\":\"https:\\\/\\\/schema.org\",\"@graph\":[{\"@type\":\"WebPage\",\"@id\":\"https:\\\/\\\/dyzedesign.com\\\/fr\\\/boutique\\\/non class\u00e9\\\/capteur-de-mise-a-niveau-automatique-horizon\\\/\",\"url\":\"https:\\\/\\\/dyzedesign.com\\\/fr\\\/boutique\\\/non class\u00e9\\\/capteur-de-mise-a-niveau-automatique-horizon\\\/\",\"name\":\"Capteur de mise \u00e0 niveau automatique Horizon\u2122 - DYZE DESIGN\",\"isPartOf\":{\"@id\":\"https:\\\/\\\/dyzedesign.com\\\/#website\"},\"primaryImageOfPage\":{\"@id\":\"https:\\\/\\\/dyzedesign.com\\\/fr\\\/boutique\\\/non class\u00e9\\\/capteur-de-mise-a-niveau-automatique-horizon\\\/#primaryimage\"},\"image\":{\"@id\":\"https:\\\/\\\/dyzedesign.com\\\/fr\\\/boutique\\\/non class\u00e9\\\/capteur-de-mise-a-niveau-automatique-horizon\\\/#primaryimage\"},\"thumbnailUrl\":\"\\\/cdn-cgi\\\/image\\\/quality=80,format=auto,onerror=redirect,metadata=none\\\/wp-content\\\/uploads\\\/2023\\\/01\\\/IMG_1811r.jpg\",\"datePublished\":\"2023-01-13T01:30:22+00:00\",\"breadcrumb\":{\"@id\":\"https:\\\/\\\/dyzedesign.com\\\/fr\\\/boutique\\\/non class\u00e9\\\/capteur-de-mise-a-niveau-automatique-horizon\\\/#breadcrumb\"},\"inLanguage\":\"fr-FR\",\"potentialAction\":[{\"@type\":\"ReadAction\",\"target\":[\"https:\\\/\\\/dyzedesign.com\\\/fr\\\/boutique\\\/non class\u00e9\\\/capteur-de-mise-a-niveau-automatique-horizon\\\/\"]}]},{\"@type\":\"ImageObject\",\"inLanguage\":\"fr-FR\",\"@id\":\"https:\\\/\\\/dyzedesign.com\\\/fr\\\/boutique\\\/non class\u00e9\\\/capteur-de-mise-a-niveau-automatique-horizon\\\/#primaryimage\",\"url\":\"\\\/cdn-cgi\\\/image\\\/quality=80,format=auto,onerror=redirect,metadata=none\\\/wp-content\\\/uploads\\\/2023\\\/01\\\/IMG_1811r.jpg\",\"contentUrl\":\"\\\/cdn-cgi\\\/image\\\/quality=80,format=auto,onerror=redirect,metadata=none\\\/wp-content\\\/uploads\\\/2023\\\/01\\\/IMG_1811r.jpg\",\"width\":1000,\"height\":667,\"caption\":\"Capteur de mise \u00e0 niveau automatique Horizon\u2122\"},{\"@type\":\"BreadcrumbList\",\"@id\":\"https:\\\/\\\/dyzedesign.com\\\/fr\\\/boutique\\\/non class\u00e9\\\/capteur-de-mise-a-niveau-automatique-horizon\\\/#breadcrumb\",\"itemListElement\":[{\"@type\":\"ListItem\",\"position\":1,\"name\":\"Home\",\"item\":\"https:\\\/\\\/dyzedesign.com\\\/\"},{\"@type\":\"ListItem\",\"position\":2,\"name\":\"Boutique\",\"item\":\"https:\\\/\\\/dyzedesign.com\\\/fr\\\/boutique\\\/\"},{\"@type\":\"ListItem\",\"position\":3,\"name\":\"Capteur de mise \u00e0 niveau automatique Horizon\u2122\"}]},{\"@type\":\"WebSite\",\"@id\":\"https:\\\/\\\/dyzedesign.com\\\/#website\",\"url\":\"https:\\\/\\\/dyzedesign.com\\\/\",\"name\":\"DYZE DESIGN\",\"description\":\"\",\"publisher\":{\"@id\":\"https:\\\/\\\/dyzedesign.com\\\/#organization\"},\"potentialAction\":[{\"@type\":\"SearchAction\",\"target\":{\"@type\":\"EntryPoint\",\"urlTemplate\":\"https:\\\/\\\/dyzedesign.com\\\/?s={search_term_string}\"},\"query-input\":{\"@type\":\"PropertyValueSpecification\",\"valueRequired\":true,\"valueName\":\"search_term_string\"}}],\"inLanguage\":\"fr-FR\"},{\"@type\":\"Organization\",\"@id\":\"https:\\\/\\\/dyzedesign.com\\\/#organization\",\"name\":\"Dyze Design\",\"url\":\"https:\\\/\\\/dyzedesign.com\\\/\",\"logo\":{\"@type\":\"ImageObject\",\"inLanguage\":\"fr-FR\",\"@id\":\"https:\\\/\\\/dyzedesign.com\\\/#\\\/schema\\\/logo\\\/image\\\/\",\"url\":\"https:\\\/\\\/dyzedesign.com\\\/wp-content\\\/uploads\\\/2016\\\/11\\\/DYZE_logo_RGB_PNG-web.png\",\"contentUrl\":\"https:\\\/\\\/dyzedesign.com\\\/wp-content\\\/uploads\\\/2016\\\/11\\\/DYZE_logo_RGB_PNG-web.png\",\"width\":451,\"height\":225,\"caption\":\"Dyze Design\"},\"image\":{\"@id\":\"https:\\\/\\\/dyzedesign.com\\\/#\\\/schema\\\/logo\\\/image\\\/\"},\"sameAs\":[\"https:\\\/\\\/www.facebook.com\\\/dyzedesign\\\/\"]}]}<\/script>\n<!-- \/ Yoast SEO plugin. -->","yoast_head_json":{"title":"Capteur de mise \u00e0 niveau automatique Horizon\u2122 - DYZE DESIGN","robots":{"index":"index","follow":"follow","max-snippet":"max-snippet:-1","max-image-preview":"max-image-preview:large","max-video-preview":"max-video-preview:-1"},"canonical":"https:\/\/dyzedesign.com\/fr\/boutique\/non class\u00e9\/capteur-de-mise-a-niveau-automatique-horizon\/","og_locale":"fr_FR","og_type":"article","og_title":"Capteur de mise \u00e0 niveau automatique Horizon\u2122 - DYZE DESIGN","og_description":"Horizon \u2122, un capteur de mise \u00e0 niveau automatique du lit (ABL), un d\u00e9tecteur de collision et un interrupteur de but\u00e9e d'axe Z.","og_url":"https:\/\/dyzedesign.com\/fr\/boutique\/non class\u00e9\/capteur-de-mise-a-niveau-automatique-horizon\/","og_site_name":"DYZE DESIGN","article_publisher":"https:\/\/www.facebook.com\/dyzedesign\/","og_image":[{"width":2000,"height":1333,"url":"https:\/\/dyzedesign.com\/cdn-cgi\/image\/quality=80,format=auto,onerror=redirect,metadata=none\/wp-content\/uploads\/2017\/10\/CubePro-Dyze-Printing-13_resize.jpg","type":"image\/jpeg"}],"twitter_card":"summary_large_image","twitter_misc":{"Dur\u00e9e de lecture estim\u00e9e":"1 minute"},"schema":{"@context":"https:\/\/schema.org","@graph":[{"@type":"WebPage","@id":"https:\/\/dyzedesign.com\/fr\/boutique\/non class\u00e9\/capteur-de-mise-a-niveau-automatique-horizon\/","url":"https:\/\/dyzedesign.com\/fr\/boutique\/non class\u00e9\/capteur-de-mise-a-niveau-automatique-horizon\/","name":"Capteur de mise \u00e0 niveau automatique Horizon\u2122 - DYZE DESIGN","isPartOf":{"@id":"https:\/\/dyzedesign.com\/#website"},"primaryImageOfPage":{"@id":"https:\/\/dyzedesign.com\/fr\/boutique\/non class\u00e9\/capteur-de-mise-a-niveau-automatique-horizon\/#primaryimage"},"image":{"@id":"https:\/\/dyzedesign.com\/fr\/boutique\/non class\u00e9\/capteur-de-mise-a-niveau-automatique-horizon\/#primaryimage"},"thumbnailUrl":"\/cdn-cgi\/image\/quality=80,format=auto,onerror=redirect,metadata=none\/wp-content\/uploads\/2023\/01\/IMG_1811r.jpg","datePublished":"2023-01-13T01:30:22+00:00","breadcrumb":{"@id":"https:\/\/dyzedesign.com\/fr\/boutique\/non class\u00e9\/capteur-de-mise-a-niveau-automatique-horizon\/#breadcrumb"},"inLanguage":"fr-FR","potentialAction":[{"@type":"ReadAction","target":["https:\/\/dyzedesign.com\/fr\/boutique\/non class\u00e9\/capteur-de-mise-a-niveau-automatique-horizon\/"]}]},{"@type":"ImageObject","inLanguage":"fr-FR","@id":"https:\/\/dyzedesign.com\/fr\/boutique\/non class\u00e9\/capteur-de-mise-a-niveau-automatique-horizon\/#primaryimage","url":"\/cdn-cgi\/image\/quality=80,format=auto,onerror=redirect,metadata=none\/wp-content\/uploads\/2023\/01\/IMG_1811r.jpg","contentUrl":"\/cdn-cgi\/image\/quality=80,format=auto,onerror=redirect,metadata=none\/wp-content\/uploads\/2023\/01\/IMG_1811r.jpg","width":1000,"height":667,"caption":"Capteur de mise \u00e0 niveau automatique Horizon\u2122"},{"@type":"BreadcrumbList","@id":"https:\/\/dyzedesign.com\/fr\/boutique\/non class\u00e9\/capteur-de-mise-a-niveau-automatique-horizon\/#breadcrumb","itemListElement":[{"@type":"ListItem","position":1,"name":"Home","item":"https:\/\/dyzedesign.com\/"},{"@type":"ListItem","position":2,"name":"Boutique","item":"https:\/\/dyzedesign.com\/fr\/boutique\/"},{"@type":"ListItem","position":3,"name":"Capteur de mise \u00e0 niveau automatique Horizon\u2122"}]},{"@type":"WebSite","@id":"https:\/\/dyzedesign.com\/#website","url":"https:\/\/dyzedesign.com\/","name":"DYZE DESIGN","description":"","publisher":{"@id":"https:\/\/dyzedesign.com\/#organization"},"potentialAction":[{"@type":"SearchAction","target":{"@type":"EntryPoint","urlTemplate":"https:\/\/dyzedesign.com\/?s={search_term_string}"},"query-input":{"@type":"PropertyValueSpecification","valueRequired":true,"valueName":"search_term_string"}}],"inLanguage":"fr-FR"},{"@type":"Organization","@id":"https:\/\/dyzedesign.com\/#organization","name":"Dyze Design","url":"https:\/\/dyzedesign.com\/","logo":{"@type":"ImageObject","inLanguage":"fr-FR","@id":"https:\/\/dyzedesign.com\/#\/schema\/logo\/image\/","url":"https:\/\/dyzedesign.com\/wp-content\/uploads\/2016\/11\/DYZE_logo_RGB_PNG-web.png","contentUrl":"https:\/\/dyzedesign.com\/wp-content\/uploads\/2016\/11\/DYZE_logo_RGB_PNG-web.png","width":451,"height":225,"caption":"Dyze Design"},"image":{"@id":"https:\/\/dyzedesign.com\/#\/schema\/logo\/image\/"},"sameAs":["https:\/\/www.facebook.com\/dyzedesign\/"]}]}},"_links":{"self":[{"href":"https:\/\/dyzedesign.com\/fr\/wp-json\/wp\/v2\/product\/32723","targetHints":{"allow":["GET"]}}],"collection":[{"href":"https:\/\/dyzedesign.com\/fr\/wp-json\/wp\/v2\/product"}],"about":[{"href":"https:\/\/dyzedesign.com\/fr\/wp-json\/wp\/v2\/types\/product"}],"replies":[{"embeddable":true,"href":"https:\/\/dyzedesign.com\/fr\/wp-json\/wp\/v2\/comments?post=32723"}],"version-history":[{"count":0,"href":"https:\/\/dyzedesign.com\/fr\/wp-json\/wp\/v2\/product\/32723\/revisions"}],"wp:featuredmedia":[{"embeddable":true,"href":"https:\/\/dyzedesign.com\/fr\/wp-json\/wp\/v2\/media\/32674"}],"wp:attachment":[{"href":"https:\/\/dyzedesign.com\/fr\/wp-json\/wp\/v2\/media?parent=32723"}],"wp:term":[{"taxonomy":"product_cat","embeddable":true,"href":"https:\/\/dyzedesign.com\/fr\/wp-json\/wp\/v2\/product_cat?post=32723"},{"taxonomy":"product_tag","embeddable":true,"href":"https:\/\/dyzedesign.com\/fr\/wp-json\/wp\/v2\/product_tag?post=32723"}],"curies":[{"name":"wp","href":"https:\/\/api.w.org\/{rel}","templated":true}]}}