{"id":31458,"date":"2022-02-10T16:56:43","date_gmt":"2022-02-10T21:56:43","guid":{"rendered":"https:\/\/dyzedesign.com\/shop\/non%20class\u00e9\/carte-amplification-pt100\/"},"modified":"2022-10-24T15:05:35","modified_gmt":"2022-10-24T19:05:35","slug":"carte-amplification-pt100","status":"publish","type":"product","link":"https:\/\/dyzedesign.com\/fr\/boutique\/accessoires\/carte-amplification-pt100\/","title":{"rendered":"Carte d&rsquo;amplification pour PT100"},"content":{"rendered":"<p>Cette carte d&rsquo;amplification PT100 vous permet de connecter un <a href=\"https:\/\/dyzedesign.com\/fr\/boutique\/accessoires\/capteur-de-temperature-pt100\/\">capteur de temp\u00e9rature PT100<\/a> \u00e0 votre contr\u00f4leur d&rsquo;imprimante 3d. Il amplifie le signal du PT100 \u00e0 un niveau qui peut \u00eatre lu avec pr\u00e9cision par votre contr\u00f4leur.<\/p>\n<p>Notre amplificateur fonctionne avec des alimentations 3,3 V ou 5 V et peut \u00eatre connect\u00e9 en s\u00e9rie pour l&rsquo;usage de plusieurs capteurs PT100. Le gain a \u00e9galement \u00e9t\u00e9 revu pour maximiser la plage de lecture et la pr\u00e9cision.<\/p>\n<p>Le montage est facile gr\u00e2ce aux entretoises fournies.<\/p>\n<p>Pour plus d&rsquo;informations sur la configuration de la carte d&rsquo;amplificateur, veuillez consulter <a href=\"https:\/\/docs.dyzedesign.com\/pt100-amplifier-board.html\">notre documentation<\/a>.<\/p>\n","protected":false},"excerpt":{"rendered":"<p>Connectez un capteur de temp\u00e9rature PT100 \u00e0 votre contr\u00f4leur d&rsquo;imprimante 3d en utilisant ce circuit. Amplifie le signal du PT100 \u00e0 un niveau de tension que votre imprimante peut interpr\u00e9ter avec pr\u00e9cision.<\/p>\n","protected":false},"featured_media":31439,"comment_status":"open","ping_status":"closed","template":"","meta":[],"product_cat":[78,135],"product_tag":[],"class_list":{"0":"post-31458","1":"product","2":"type-product","3":"status-publish","4":"has-post-thumbnail","6":"product_cat-accessoires","7":"product_cat-ra-fr","9":"first","10":"instock","11":"taxable","12":"shipping-taxable","13":"purchasable","14":"product-type-variable","15":"has-default-attributes"},"yoast_head":"<!-- This site is optimized with the Yoast SEO plugin v27.2 - https:\/\/yoast.com\/product\/yoast-seo-wordpress\/ -->\n<title>Carte d&#039;amplification pour PT100 - DYZE DESIGN<\/title>\n<meta name=\"description\" content=\"Cette carte d&#039;amplificateur PT100 am\u00e9liore le signal d&#039;un capteur de temp\u00e9rature PT100 \u00e0 un niveau de tension que votre imprimante peut interpr\u00e9ter avec pr\u00e9cision.\" \/>\n<meta name=\"robots\" content=\"index, follow, max-snippet:-1, max-image-preview:large, max-video-preview:-1\" \/>\n<link rel=\"canonical\" href=\"https:\/\/dyzedesign.com\/fr\/boutique\/accessoires\/carte-amplification-pt100\/\" \/>\n<meta property=\"og:locale\" content=\"fr_FR\" \/>\n<meta property=\"og:type\" content=\"article\" \/>\n<meta property=\"og:title\" content=\"Carte d&#039;amplification pour PT100 - DYZE DESIGN\" \/>\n<meta property=\"og:description\" content=\"Cette carte d&#039;amplificateur PT100 am\u00e9liore le signal d&#039;un capteur de temp\u00e9rature PT100 \u00e0 un niveau de tension que votre imprimante peut interpr\u00e9ter avec pr\u00e9cision.\" \/>\n<meta property=\"og:url\" content=\"https:\/\/dyzedesign.com\/fr\/boutique\/accessoires\/carte-amplification-pt100\/\" \/>\n<meta property=\"og:site_name\" content=\"DYZE DESIGN\" \/>\n<meta property=\"article:publisher\" content=\"https:\/\/www.facebook.com\/dyzedesign\/\" \/>\n<meta property=\"article:modified_time\" content=\"2022-10-24T19:05:35+00:00\" \/>\n<meta property=\"og:image\" content=\"https:\/\/dyzedesign.com\/cdn-cgi\/image\/quality=80,format=auto,onerror=redirect,metadata=none\/wp-content\/uploads\/2017\/10\/CubePro-Dyze-Printing-13_resize.jpg\" \/>\n\t<meta property=\"og:image:width\" content=\"2000\" \/>\n\t<meta property=\"og:image:height\" content=\"1333\" \/>\n\t<meta property=\"og:image:type\" content=\"image\/jpeg\" \/>\n<meta name=\"twitter:card\" content=\"summary_large_image\" \/>\n<script type=\"application\/ld+json\" class=\"yoast-schema-graph\">{\"@context\":\"https:\/\/schema.org\",\"@graph\":[{\"@type\":\"WebPage\",\"@id\":\"https:\/\/dyzedesign.com\/fr\/boutique\/accessoires\/carte-amplification-pt100\/\",\"url\":\"https:\/\/dyzedesign.com\/fr\/boutique\/accessoires\/carte-amplification-pt100\/\",\"name\":\"Carte d'amplification pour PT100 - DYZE DESIGN\",\"isPartOf\":{\"@id\":\"https:\/\/dyzedesign.com\/#website\"},\"primaryImageOfPage\":{\"@id\":\"https:\/\/dyzedesign.com\/fr\/boutique\/accessoires\/carte-amplification-pt100\/#primaryimage\"},\"image\":{\"@id\":\"https:\/\/dyzedesign.com\/fr\/boutique\/accessoires\/carte-amplification-pt100\/#primaryimage\"},\"thumbnailUrl\":\"\/cdn-cgi\/image\/quality=80,format=auto,onerror=redirect,metadata=none\/wp-content\/uploads\/2022\/02\/IMG_0594-scaled.jpg\",\"datePublished\":\"2022-02-10T21:56:43+00:00\",\"dateModified\":\"2022-10-24T19:05:35+00:00\",\"description\":\"Cette carte d'amplificateur PT100 am\u00e9liore le signal d'un capteur de temp\u00e9rature PT100 \u00e0 un niveau de tension que votre imprimante peut interpr\u00e9ter avec pr\u00e9cision.\",\"breadcrumb\":{\"@id\":\"https:\/\/dyzedesign.com\/fr\/boutique\/accessoires\/carte-amplification-pt100\/#breadcrumb\"},\"inLanguage\":\"fr-FR\",\"potentialAction\":[{\"@type\":\"ReadAction\",\"target\":[\"https:\/\/dyzedesign.com\/fr\/boutique\/accessoires\/carte-amplification-pt100\/\"]}]},{\"@type\":\"ImageObject\",\"inLanguage\":\"fr-FR\",\"@id\":\"https:\/\/dyzedesign.com\/fr\/boutique\/accessoires\/carte-amplification-pt100\/#primaryimage\",\"url\":\"\/cdn-cgi\/image\/quality=80,format=auto,onerror=redirect,metadata=none\/wp-content\/uploads\/2022\/02\/IMG_0594-scaled.jpg\",\"contentUrl\":\"\/cdn-cgi\/image\/quality=80,format=auto,onerror=redirect,metadata=none\/wp-content\/uploads\/2022\/02\/IMG_0594-scaled.jpg\",\"width\":2048,\"height\":1365,\"caption\":\"Carte d&rsquo;amplification pour PT100\"},{\"@type\":\"BreadcrumbList\",\"@id\":\"https:\/\/dyzedesign.com\/fr\/boutique\/accessoires\/carte-amplification-pt100\/#breadcrumb\",\"itemListElement\":[{\"@type\":\"ListItem\",\"position\":1,\"name\":\"Home\",\"item\":\"https:\/\/dyzedesign.com\/\"},{\"@type\":\"ListItem\",\"position\":2,\"name\":\"Boutique\",\"item\":\"https:\/\/dyzedesign.com\/fr\/boutique\/\"},{\"@type\":\"ListItem\",\"position\":3,\"name\":\"Carte d&#8217;amplification pour PT100\"}]},{\"@type\":\"WebSite\",\"@id\":\"https:\/\/dyzedesign.com\/#website\",\"url\":\"https:\/\/dyzedesign.com\/\",\"name\":\"DYZE DESIGN\",\"description\":\"\",\"publisher\":{\"@id\":\"https:\/\/dyzedesign.com\/#organization\"},\"potentialAction\":[{\"@type\":\"SearchAction\",\"target\":{\"@type\":\"EntryPoint\",\"urlTemplate\":\"https:\/\/dyzedesign.com\/?s={search_term_string}\"},\"query-input\":{\"@type\":\"PropertyValueSpecification\",\"valueRequired\":true,\"valueName\":\"search_term_string\"}}],\"inLanguage\":\"fr-FR\"},{\"@type\":\"Organization\",\"@id\":\"https:\/\/dyzedesign.com\/#organization\",\"name\":\"Dyze Design\",\"url\":\"https:\/\/dyzedesign.com\/\",\"logo\":{\"@type\":\"ImageObject\",\"inLanguage\":\"fr-FR\",\"@id\":\"https:\/\/dyzedesign.com\/#\/schema\/logo\/image\/\",\"url\":\"https:\/\/dyzedesign.com\/wp-content\/uploads\/2016\/11\/DYZE_logo_RGB_PNG-web.png\",\"contentUrl\":\"https:\/\/dyzedesign.com\/wp-content\/uploads\/2016\/11\/DYZE_logo_RGB_PNG-web.png\",\"width\":451,\"height\":225,\"caption\":\"Dyze Design\"},\"image\":{\"@id\":\"https:\/\/dyzedesign.com\/#\/schema\/logo\/image\/\"},\"sameAs\":[\"https:\/\/www.facebook.com\/dyzedesign\/\"]}]}<\/script>\n<!-- \/ Yoast SEO plugin. -->","yoast_head_json":{"title":"Carte d'amplification pour PT100 - DYZE DESIGN","description":"Cette carte d'amplificateur PT100 am\u00e9liore le signal d'un capteur de temp\u00e9rature PT100 \u00e0 un niveau de tension que votre imprimante peut interpr\u00e9ter avec pr\u00e9cision.","robots":{"index":"index","follow":"follow","max-snippet":"max-snippet:-1","max-image-preview":"max-image-preview:large","max-video-preview":"max-video-preview:-1"},"canonical":"https:\/\/dyzedesign.com\/fr\/boutique\/accessoires\/carte-amplification-pt100\/","og_locale":"fr_FR","og_type":"article","og_title":"Carte d'amplification pour PT100 - DYZE DESIGN","og_description":"Cette carte d'amplificateur PT100 am\u00e9liore le signal d'un capteur de temp\u00e9rature PT100 \u00e0 un niveau de tension que votre imprimante peut interpr\u00e9ter avec pr\u00e9cision.","og_url":"https:\/\/dyzedesign.com\/fr\/boutique\/accessoires\/carte-amplification-pt100\/","og_site_name":"DYZE DESIGN","article_publisher":"https:\/\/www.facebook.com\/dyzedesign\/","article_modified_time":"2022-10-24T19:05:35+00:00","og_image":[{"width":2000,"height":1333,"url":"https:\/\/dyzedesign.com\/cdn-cgi\/image\/quality=80,format=auto,onerror=redirect,metadata=none\/wp-content\/uploads\/2017\/10\/CubePro-Dyze-Printing-13_resize.jpg","type":"image\/jpeg"}],"twitter_card":"summary_large_image","schema":{"@context":"https:\/\/schema.org","@graph":[{"@type":"WebPage","@id":"https:\/\/dyzedesign.com\/fr\/boutique\/accessoires\/carte-amplification-pt100\/","url":"https:\/\/dyzedesign.com\/fr\/boutique\/accessoires\/carte-amplification-pt100\/","name":"Carte d'amplification pour PT100 - DYZE DESIGN","isPartOf":{"@id":"https:\/\/dyzedesign.com\/#website"},"primaryImageOfPage":{"@id":"https:\/\/dyzedesign.com\/fr\/boutique\/accessoires\/carte-amplification-pt100\/#primaryimage"},"image":{"@id":"https:\/\/dyzedesign.com\/fr\/boutique\/accessoires\/carte-amplification-pt100\/#primaryimage"},"thumbnailUrl":"\/cdn-cgi\/image\/quality=80,format=auto,onerror=redirect,metadata=none\/wp-content\/uploads\/2022\/02\/IMG_0594-scaled.jpg","datePublished":"2022-02-10T21:56:43+00:00","dateModified":"2022-10-24T19:05:35+00:00","description":"Cette carte d'amplificateur PT100 am\u00e9liore le signal d'un capteur de temp\u00e9rature PT100 \u00e0 un niveau de tension que votre imprimante peut interpr\u00e9ter avec pr\u00e9cision.","breadcrumb":{"@id":"https:\/\/dyzedesign.com\/fr\/boutique\/accessoires\/carte-amplification-pt100\/#breadcrumb"},"inLanguage":"fr-FR","potentialAction":[{"@type":"ReadAction","target":["https:\/\/dyzedesign.com\/fr\/boutique\/accessoires\/carte-amplification-pt100\/"]}]},{"@type":"ImageObject","inLanguage":"fr-FR","@id":"https:\/\/dyzedesign.com\/fr\/boutique\/accessoires\/carte-amplification-pt100\/#primaryimage","url":"\/cdn-cgi\/image\/quality=80,format=auto,onerror=redirect,metadata=none\/wp-content\/uploads\/2022\/02\/IMG_0594-scaled.jpg","contentUrl":"\/cdn-cgi\/image\/quality=80,format=auto,onerror=redirect,metadata=none\/wp-content\/uploads\/2022\/02\/IMG_0594-scaled.jpg","width":2048,"height":1365,"caption":"Carte d&rsquo;amplification pour PT100"},{"@type":"BreadcrumbList","@id":"https:\/\/dyzedesign.com\/fr\/boutique\/accessoires\/carte-amplification-pt100\/#breadcrumb","itemListElement":[{"@type":"ListItem","position":1,"name":"Home","item":"https:\/\/dyzedesign.com\/"},{"@type":"ListItem","position":2,"name":"Boutique","item":"https:\/\/dyzedesign.com\/fr\/boutique\/"},{"@type":"ListItem","position":3,"name":"Carte d&#8217;amplification pour PT100"}]},{"@type":"WebSite","@id":"https:\/\/dyzedesign.com\/#website","url":"https:\/\/dyzedesign.com\/","name":"DYZE DESIGN","description":"","publisher":{"@id":"https:\/\/dyzedesign.com\/#organization"},"potentialAction":[{"@type":"SearchAction","target":{"@type":"EntryPoint","urlTemplate":"https:\/\/dyzedesign.com\/?s={search_term_string}"},"query-input":{"@type":"PropertyValueSpecification","valueRequired":true,"valueName":"search_term_string"}}],"inLanguage":"fr-FR"},{"@type":"Organization","@id":"https:\/\/dyzedesign.com\/#organization","name":"Dyze Design","url":"https:\/\/dyzedesign.com\/","logo":{"@type":"ImageObject","inLanguage":"fr-FR","@id":"https:\/\/dyzedesign.com\/#\/schema\/logo\/image\/","url":"https:\/\/dyzedesign.com\/wp-content\/uploads\/2016\/11\/DYZE_logo_RGB_PNG-web.png","contentUrl":"https:\/\/dyzedesign.com\/wp-content\/uploads\/2016\/11\/DYZE_logo_RGB_PNG-web.png","width":451,"height":225,"caption":"Dyze Design"},"image":{"@id":"https:\/\/dyzedesign.com\/#\/schema\/logo\/image\/"},"sameAs":["https:\/\/www.facebook.com\/dyzedesign\/"]}]}},"_links":{"self":[{"href":"https:\/\/dyzedesign.com\/fr\/wp-json\/wp\/v2\/product\/31458","targetHints":{"allow":["GET"]}}],"collection":[{"href":"https:\/\/dyzedesign.com\/fr\/wp-json\/wp\/v2\/product"}],"about":[{"href":"https:\/\/dyzedesign.com\/fr\/wp-json\/wp\/v2\/types\/product"}],"replies":[{"embeddable":true,"href":"https:\/\/dyzedesign.com\/fr\/wp-json\/wp\/v2\/comments?post=31458"}],"version-history":[{"count":0,"href":"https:\/\/dyzedesign.com\/fr\/wp-json\/wp\/v2\/product\/31458\/revisions"}],"wp:featuredmedia":[{"embeddable":true,"href":"https:\/\/dyzedesign.com\/fr\/wp-json\/wp\/v2\/media\/31439"}],"wp:attachment":[{"href":"https:\/\/dyzedesign.com\/fr\/wp-json\/wp\/v2\/media?parent=31458"}],"wp:term":[{"taxonomy":"product_cat","embeddable":true,"href":"https:\/\/dyzedesign.com\/fr\/wp-json\/wp\/v2\/product_cat?post=31458"},{"taxonomy":"product_tag","embeddable":true,"href":"https:\/\/dyzedesign.com\/fr\/wp-json\/wp\/v2\/product_tag?post=31458"}],"curies":[{"name":"wp","href":"https:\/\/api.w.org\/{rel}","templated":true}]}}