{"id":18540,"date":"2019-07-09T11:55:20","date_gmt":"2019-07-09T15:55:20","guid":{"rendered":"https:\/\/dyzedesign.com\/shop\/non%20class\u00e9\/embouts-en-carbure-de-tungstene\/"},"modified":"2026-03-29T15:41:12","modified_gmt":"2026-03-29T19:41:12","slug":"embouts-en-carbure-de-tungstene","status":"publish","type":"product","link":"https:\/\/dyzedesign.com\/fr\/boutique\/buses\/embouts-en-carbure-de-tungstene\/","title":{"rendered":"Buse en carbure de tungst\u00e8ne"},"content":{"rendered":"<p>Carbure de tungst\u00e8ne\u00a0: d\u00e9bit \u00e9lev\u00e9 avec r\u00e9sistance \u00e0 l&rsquo;abrasion<\/p>\n<p>Le carbure de tungst\u00e8ne, \u00e0 ne pas confondre avec l&rsquo;alliage de tungst\u00e8ne, qui est un m\u00e9tal, est la c\u00e9ramique de choix en mati\u00e8re de r\u00e9sistance \u00e0 l&rsquo;usure et \u00e0 l&rsquo;abrasion. Les outils de coupe pour l&rsquo;acier et l&rsquo;acier \u00e0 outils sont fabriqu\u00e9s en carbure de tungst\u00e8ne. Il est \u00e9galement largement utilis\u00e9 dans l\u2019industrie mini\u00e8re comme insert de bouton pour le concassage des roches.<\/p>\n<p>Les performances thermiques \u00e9lev\u00e9es du carbure de tungst\u00e8ne maintiennent la pointe de la buse chaude, permettant ainsi une vitesse d&rsquo;impression plus rapide sans sacrifier la qualit\u00e9.<\/p>\n<p>Le carbure de tungst\u00e8ne pr\u00e9sente une r\u00e9sistance \u00e0 l&rsquo;usure exceptionnelle en raison de sa duret\u00e9 \u00e9lev\u00e9e. La taille et la hauteur du trou de la buse resteront toujours les m\u00eames, quelle que soit la dur\u00e9e ou l&rsquo;intensit\u00e9 de votre utilisation.<\/p>\n<p>Par rapport \u00e0 une buse en laiton de r\u00e9f\u00e9rence, la buse en carbure de tungst\u00e8ne est beaucoup plus facile \u00e0 extruder. En effet, le d\u00e9bit de sortie peut \u00eatre augment\u00e9 d&rsquo;environ 80% tout en obtenant les m\u00eames r\u00e9sultats.<\/p>\n<p>Pour plus d&rsquo;informations\u00a0: https:\/\/dyzedesign.com\/tungsten-carbide-nozzle\/<\/p>\n","protected":false},"excerpt":{"rendered":"<p>Buse pour imprimante 3D en carbure de tungst\u00e8ne. Un \u00e9quilibre parfait entre r\u00e9sistance \u00e0 l\u2019usure, haute performance et \u00e9change thermique.<\/p>\n","protected":false},"featured_media":30633,"comment_status":"open","ping_status":"closed","template":"","meta":[],"product_cat":[82,135],"product_tag":[214],"class_list":{"0":"post-18540","1":"product","2":"type-product","3":"status-publish","4":"has-post-thumbnail","6":"product_brand-dyze-design","7":"product_cat-buses","8":"product_cat-ra-fr","9":"product_tag-carbure-tungstene","11":"first","12":"instock","13":"featured","14":"taxable","15":"shipping-taxable","16":"purchasable","17":"product-type-variable","18":"has-default-attributes"},"yoast_head":"<!-- This site is optimized with the Yoast SEO plugin v27.4 - https:\/\/yoast.com\/product\/yoast-seo-wordpress\/ -->\n<title>Buse en carbure de tungst\u00e8ne - DYZE DESIGN<\/title>\n<meta name=\"description\" content=\"Buses pour imprimante 3D en carbure de tungst\u00e8ne. Un \u00e9quilibre parfait entre r\u00e9sistance \u00e0 l\u2019usure, haute performance et \u00e9change thermique.\" \/>\n<meta name=\"robots\" content=\"index, follow, max-snippet:-1, max-image-preview:large, max-video-preview:-1\" \/>\n<link rel=\"canonical\" href=\"https:\/\/dyzedesign.com\/fr\/boutique\/buses\/embouts-en-carbure-de-tungstene\/\" \/>\n<meta property=\"og:locale\" content=\"fr_FR\" \/>\n<meta property=\"og:type\" content=\"article\" \/>\n<meta property=\"og:title\" content=\"Buse en carbure de tungst\u00e8ne - DYZE DESIGN\" \/>\n<meta property=\"og:description\" content=\"Buses pour imprimante 3D en carbure de tungst\u00e8ne. Un \u00e9quilibre parfait entre r\u00e9sistance \u00e0 l\u2019usure, haute performance et \u00e9change thermique.\" \/>\n<meta property=\"og:url\" content=\"https:\/\/dyzedesign.com\/fr\/boutique\/buses\/embouts-en-carbure-de-tungstene\/\" \/>\n<meta property=\"og:site_name\" content=\"DYZE DESIGN\" \/>\n<meta property=\"article:publisher\" content=\"https:\/\/www.facebook.com\/dyzedesign\/\" \/>\n<meta property=\"article:modified_time\" content=\"2026-03-29T19:41:12+00:00\" \/>\n<meta property=\"og:image\" content=\"https:\/\/dyzedesign.com\/cdn-cgi\/image\/quality=80,format=auto,onerror=redirect,metadata=none\/wp-content\/uploads\/2017\/10\/CubePro-Dyze-Printing-13_resize.jpg\" \/>\n\t<meta property=\"og:image:width\" content=\"2000\" \/>\n\t<meta property=\"og:image:height\" content=\"1333\" \/>\n\t<meta property=\"og:image:type\" content=\"image\/jpeg\" \/>\n<meta name=\"twitter:card\" content=\"summary_large_image\" \/>\n<meta name=\"twitter:label1\" content=\"Dur\u00e9e de lecture estim\u00e9e\" \/>\n\t<meta name=\"twitter:data1\" content=\"1 minute\" \/>\n<script type=\"application\/ld+json\" class=\"yoast-schema-graph\">{\"@context\":\"https:\\\/\\\/schema.org\",\"@graph\":[{\"@type\":\"WebPage\",\"@id\":\"https:\\\/\\\/dyzedesign.com\\\/fr\\\/boutique\\\/buses\\\/embouts-en-carbure-de-tungstene\\\/\",\"url\":\"https:\\\/\\\/dyzedesign.com\\\/fr\\\/boutique\\\/buses\\\/embouts-en-carbure-de-tungstene\\\/\",\"name\":\"Buse en carbure de tungst\u00e8ne - DYZE DESIGN\",\"isPartOf\":{\"@id\":\"https:\\\/\\\/dyzedesign.com\\\/#website\"},\"primaryImageOfPage\":{\"@id\":\"https:\\\/\\\/dyzedesign.com\\\/fr\\\/boutique\\\/buses\\\/embouts-en-carbure-de-tungstene\\\/#primaryimage\"},\"image\":{\"@id\":\"https:\\\/\\\/dyzedesign.com\\\/fr\\\/boutique\\\/buses\\\/embouts-en-carbure-de-tungstene\\\/#primaryimage\"},\"thumbnailUrl\":\"\\\/cdn-cgi\\\/image\\\/quality=80,format=auto,onerror=redirect,metadata=none\\\/wp-content\\\/uploads\\\/2019\\\/07\\\/tungsten_nozzle_1-1.jpg\",\"datePublished\":\"2019-07-09T15:55:20+00:00\",\"dateModified\":\"2026-03-29T19:41:12+00:00\",\"description\":\"Buses pour imprimante 3D en carbure de tungst\u00e8ne. Un \u00e9quilibre parfait entre r\u00e9sistance \u00e0 l\u2019usure, haute performance et \u00e9change thermique.\",\"breadcrumb\":{\"@id\":\"https:\\\/\\\/dyzedesign.com\\\/fr\\\/boutique\\\/buses\\\/embouts-en-carbure-de-tungstene\\\/#breadcrumb\"},\"inLanguage\":\"fr-FR\",\"potentialAction\":[{\"@type\":\"ReadAction\",\"target\":[\"https:\\\/\\\/dyzedesign.com\\\/fr\\\/boutique\\\/buses\\\/embouts-en-carbure-de-tungstene\\\/\"]}]},{\"@type\":\"ImageObject\",\"inLanguage\":\"fr-FR\",\"@id\":\"https:\\\/\\\/dyzedesign.com\\\/fr\\\/boutique\\\/buses\\\/embouts-en-carbure-de-tungstene\\\/#primaryimage\",\"url\":\"\\\/cdn-cgi\\\/image\\\/quality=80,format=auto,onerror=redirect,metadata=none\\\/wp-content\\\/uploads\\\/2019\\\/07\\\/tungsten_nozzle_1-1.jpg\",\"contentUrl\":\"\\\/cdn-cgi\\\/image\\\/quality=80,format=auto,onerror=redirect,metadata=none\\\/wp-content\\\/uploads\\\/2019\\\/07\\\/tungsten_nozzle_1-1.jpg\",\"width\":2000,\"height\":2000,\"caption\":\"Buse en carbure de tungst\u00e8ne\"},{\"@type\":\"BreadcrumbList\",\"@id\":\"https:\\\/\\\/dyzedesign.com\\\/fr\\\/boutique\\\/buses\\\/embouts-en-carbure-de-tungstene\\\/#breadcrumb\",\"itemListElement\":[{\"@type\":\"ListItem\",\"position\":1,\"name\":\"Home\",\"item\":\"https:\\\/\\\/dyzedesign.com\\\/\"},{\"@type\":\"ListItem\",\"position\":2,\"name\":\"Boutique\",\"item\":\"https:\\\/\\\/dyzedesign.com\\\/fr\\\/boutique\\\/\"},{\"@type\":\"ListItem\",\"position\":3,\"name\":\"Buse en carbure de tungst\u00e8ne\"}]},{\"@type\":\"WebSite\",\"@id\":\"https:\\\/\\\/dyzedesign.com\\\/#website\",\"url\":\"https:\\\/\\\/dyzedesign.com\\\/\",\"name\":\"DYZE DESIGN\",\"description\":\"\",\"publisher\":{\"@id\":\"https:\\\/\\\/dyzedesign.com\\\/#organization\"},\"potentialAction\":[{\"@type\":\"SearchAction\",\"target\":{\"@type\":\"EntryPoint\",\"urlTemplate\":\"https:\\\/\\\/dyzedesign.com\\\/?s={search_term_string}\"},\"query-input\":{\"@type\":\"PropertyValueSpecification\",\"valueRequired\":true,\"valueName\":\"search_term_string\"}}],\"inLanguage\":\"fr-FR\"},{\"@type\":\"Organization\",\"@id\":\"https:\\\/\\\/dyzedesign.com\\\/#organization\",\"name\":\"Dyze Design\",\"url\":\"https:\\\/\\\/dyzedesign.com\\\/\",\"logo\":{\"@type\":\"ImageObject\",\"inLanguage\":\"fr-FR\",\"@id\":\"https:\\\/\\\/dyzedesign.com\\\/#\\\/schema\\\/logo\\\/image\\\/\",\"url\":\"https:\\\/\\\/dyzedesign.com\\\/wp-content\\\/uploads\\\/2016\\\/11\\\/DYZE_logo_RGB_PNG-web.png\",\"contentUrl\":\"https:\\\/\\\/dyzedesign.com\\\/wp-content\\\/uploads\\\/2016\\\/11\\\/DYZE_logo_RGB_PNG-web.png\",\"width\":451,\"height\":225,\"caption\":\"Dyze Design\"},\"image\":{\"@id\":\"https:\\\/\\\/dyzedesign.com\\\/#\\\/schema\\\/logo\\\/image\\\/\"},\"sameAs\":[\"https:\\\/\\\/www.facebook.com\\\/dyzedesign\\\/\"]}]}<\/script>\n<!-- \/ Yoast SEO plugin. -->","yoast_head_json":{"title":"Buse en carbure de tungst\u00e8ne - DYZE DESIGN","description":"Buses pour imprimante 3D en carbure de tungst\u00e8ne. Un \u00e9quilibre parfait entre r\u00e9sistance \u00e0 l\u2019usure, haute performance et \u00e9change thermique.","robots":{"index":"index","follow":"follow","max-snippet":"max-snippet:-1","max-image-preview":"max-image-preview:large","max-video-preview":"max-video-preview:-1"},"canonical":"https:\/\/dyzedesign.com\/fr\/boutique\/buses\/embouts-en-carbure-de-tungstene\/","og_locale":"fr_FR","og_type":"article","og_title":"Buse en carbure de tungst\u00e8ne - DYZE DESIGN","og_description":"Buses pour imprimante 3D en carbure de tungst\u00e8ne. Un \u00e9quilibre parfait entre r\u00e9sistance \u00e0 l\u2019usure, haute performance et \u00e9change thermique.","og_url":"https:\/\/dyzedesign.com\/fr\/boutique\/buses\/embouts-en-carbure-de-tungstene\/","og_site_name":"DYZE DESIGN","article_publisher":"https:\/\/www.facebook.com\/dyzedesign\/","article_modified_time":"2026-03-29T19:41:12+00:00","og_image":[{"width":2000,"height":1333,"url":"https:\/\/dyzedesign.com\/cdn-cgi\/image\/quality=80,format=auto,onerror=redirect,metadata=none\/wp-content\/uploads\/2017\/10\/CubePro-Dyze-Printing-13_resize.jpg","type":"image\/jpeg"}],"twitter_card":"summary_large_image","twitter_misc":{"Dur\u00e9e de lecture estim\u00e9e":"1 minute"},"schema":{"@context":"https:\/\/schema.org","@graph":[{"@type":"WebPage","@id":"https:\/\/dyzedesign.com\/fr\/boutique\/buses\/embouts-en-carbure-de-tungstene\/","url":"https:\/\/dyzedesign.com\/fr\/boutique\/buses\/embouts-en-carbure-de-tungstene\/","name":"Buse en carbure de tungst\u00e8ne - DYZE DESIGN","isPartOf":{"@id":"https:\/\/dyzedesign.com\/#website"},"primaryImageOfPage":{"@id":"https:\/\/dyzedesign.com\/fr\/boutique\/buses\/embouts-en-carbure-de-tungstene\/#primaryimage"},"image":{"@id":"https:\/\/dyzedesign.com\/fr\/boutique\/buses\/embouts-en-carbure-de-tungstene\/#primaryimage"},"thumbnailUrl":"\/cdn-cgi\/image\/quality=80,format=auto,onerror=redirect,metadata=none\/wp-content\/uploads\/2019\/07\/tungsten_nozzle_1-1.jpg","datePublished":"2019-07-09T15:55:20+00:00","dateModified":"2026-03-29T19:41:12+00:00","description":"Buses pour imprimante 3D en carbure de tungst\u00e8ne. Un \u00e9quilibre parfait entre r\u00e9sistance \u00e0 l\u2019usure, haute performance et \u00e9change thermique.","breadcrumb":{"@id":"https:\/\/dyzedesign.com\/fr\/boutique\/buses\/embouts-en-carbure-de-tungstene\/#breadcrumb"},"inLanguage":"fr-FR","potentialAction":[{"@type":"ReadAction","target":["https:\/\/dyzedesign.com\/fr\/boutique\/buses\/embouts-en-carbure-de-tungstene\/"]}]},{"@type":"ImageObject","inLanguage":"fr-FR","@id":"https:\/\/dyzedesign.com\/fr\/boutique\/buses\/embouts-en-carbure-de-tungstene\/#primaryimage","url":"\/cdn-cgi\/image\/quality=80,format=auto,onerror=redirect,metadata=none\/wp-content\/uploads\/2019\/07\/tungsten_nozzle_1-1.jpg","contentUrl":"\/cdn-cgi\/image\/quality=80,format=auto,onerror=redirect,metadata=none\/wp-content\/uploads\/2019\/07\/tungsten_nozzle_1-1.jpg","width":2000,"height":2000,"caption":"Buse en carbure de tungst\u00e8ne"},{"@type":"BreadcrumbList","@id":"https:\/\/dyzedesign.com\/fr\/boutique\/buses\/embouts-en-carbure-de-tungstene\/#breadcrumb","itemListElement":[{"@type":"ListItem","position":1,"name":"Home","item":"https:\/\/dyzedesign.com\/"},{"@type":"ListItem","position":2,"name":"Boutique","item":"https:\/\/dyzedesign.com\/fr\/boutique\/"},{"@type":"ListItem","position":3,"name":"Buse en carbure de tungst\u00e8ne"}]},{"@type":"WebSite","@id":"https:\/\/dyzedesign.com\/#website","url":"https:\/\/dyzedesign.com\/","name":"DYZE DESIGN","description":"","publisher":{"@id":"https:\/\/dyzedesign.com\/#organization"},"potentialAction":[{"@type":"SearchAction","target":{"@type":"EntryPoint","urlTemplate":"https:\/\/dyzedesign.com\/?s={search_term_string}"},"query-input":{"@type":"PropertyValueSpecification","valueRequired":true,"valueName":"search_term_string"}}],"inLanguage":"fr-FR"},{"@type":"Organization","@id":"https:\/\/dyzedesign.com\/#organization","name":"Dyze Design","url":"https:\/\/dyzedesign.com\/","logo":{"@type":"ImageObject","inLanguage":"fr-FR","@id":"https:\/\/dyzedesign.com\/#\/schema\/logo\/image\/","url":"https:\/\/dyzedesign.com\/wp-content\/uploads\/2016\/11\/DYZE_logo_RGB_PNG-web.png","contentUrl":"https:\/\/dyzedesign.com\/wp-content\/uploads\/2016\/11\/DYZE_logo_RGB_PNG-web.png","width":451,"height":225,"caption":"Dyze Design"},"image":{"@id":"https:\/\/dyzedesign.com\/#\/schema\/logo\/image\/"},"sameAs":["https:\/\/www.facebook.com\/dyzedesign\/"]}]}},"_links":{"self":[{"href":"https:\/\/dyzedesign.com\/fr\/wp-json\/wp\/v2\/product\/18540","targetHints":{"allow":["GET"]}}],"collection":[{"href":"https:\/\/dyzedesign.com\/fr\/wp-json\/wp\/v2\/product"}],"about":[{"href":"https:\/\/dyzedesign.com\/fr\/wp-json\/wp\/v2\/types\/product"}],"replies":[{"embeddable":true,"href":"https:\/\/dyzedesign.com\/fr\/wp-json\/wp\/v2\/comments?post=18540"}],"version-history":[{"count":0,"href":"https:\/\/dyzedesign.com\/fr\/wp-json\/wp\/v2\/product\/18540\/revisions"}],"wp:featuredmedia":[{"embeddable":true,"href":"https:\/\/dyzedesign.com\/fr\/wp-json\/wp\/v2\/media\/30633"}],"wp:attachment":[{"href":"https:\/\/dyzedesign.com\/fr\/wp-json\/wp\/v2\/media?parent=18540"}],"wp:term":[{"taxonomy":"product_cat","embeddable":true,"href":"https:\/\/dyzedesign.com\/fr\/wp-json\/wp\/v2\/product_cat?post=18540"},{"taxonomy":"product_tag","embeddable":true,"href":"https:\/\/dyzedesign.com\/fr\/wp-json\/wp\/v2\/product_tag?post=18540"}],"curies":[{"name":"wp","href":"https:\/\/api.w.org\/{rel}","templated":true}]}}