{"id":17650,"date":"2018-02-06T11:19:05","date_gmt":"2018-02-06T16:19:05","guid":{"rendered":"https:\/\/dyzedesign.com\/shop\/non%20class\u00e9\/dyzend-x-kit-manufacturier\/"},"modified":"2022-10-24T15:09:18","modified_gmt":"2022-10-24T19:09:18","slug":"dyzend-x-kit-manufacturier","status":"publish","type":"product","link":"https:\/\/dyzedesign.com\/fr\/boutique\/rh-fr\/dyzend-x-kit-manufacturier\/","title":{"rendered":"DyzEnd-X \u2013 Kit Manufacturier"},"content":{"rendered":"<p>Ce kit est destin\u00e9 \u00e0 maximiser la r\u00e9duction des co\u00fbts pour favoriser des \u00e9conomies optimales. Il ne comprend donc pas les \u00e9l\u00e9ments suivants de nos kits standard:<\/p>\n<ul>\n<li>C\u00e2ble d\u2019extension (si s\u00e9lectionn\u00e9)<\/li>\n<li>Emballage<\/li>\n<li>Autocollants<\/li>\n<li>Carte d\u2019authenticit\u00e9<\/li>\n<\/ul>\n<p>Si vous n&rsquo;avez besoin que d&rsquo;un c\u00e2ble sp\u00e9cifique, veuillez s\u00e9lectionner l&rsquo;option sans c\u00e2ble et aller \u00e0 la page des accessoires et s\u00e9lectionnez les c\u00e2bles dont vous avez besoin.<\/p>\n<p><em>* <\/em><em>Si vous avez besoin d\u2019un bloc de refroidissement liquide, vous pouvez l\u2019ajouter en vous rendant dans la cat\u00e9gorie refroidissement liquide.<\/em><\/p>\n","protected":false},"excerpt":{"rendered":"<p>Ce kit est destin\u00e9 \u00e0 maximiser la r\u00e9duction des co\u00fbts pour favoriser des \u00e9conomies optimales. Il ne comprend donc pas les \u00e9l\u00e9ments suivants de nos kits standard: C\u00e2ble d\u2019extension (si s\u00e9lectionn\u00e9) Emballage Autocollants Carte d\u2019authenticit\u00e9 Si vous n&rsquo;avez besoin que<span class=\"excerpt-hellip\"> [\u2026]<\/span><\/p>\n","protected":false},"featured_media":30490,"comment_status":"open","ping_status":"closed","template":"","meta":[],"product_cat":[138,129],"product_tag":[],"class_list":{"0":"post-17650","1":"product","2":"type-product","3":"status-publish","4":"has-post-thumbnail","6":"product_cat-kits-manufacturiers","7":"product_cat-rh-fr","9":"first","10":"instock","11":"taxable","12":"shipping-taxable","13":"product-type-variable","14":"has-default-attributes"},"yoast_head":"<!-- This site is optimized with the Yoast SEO plugin v27.2 - https:\/\/yoast.com\/product\/yoast-seo-wordpress\/ -->\n<title>DyzEnd-X Kit Manufacturier - T\u00eate Chauffante - DYZE DESIGN<\/title>\n<meta name=\"description\" content=\"Le kit manufacturier de la t\u00eate chauffante DyzEnd-X est destin\u00e9 \u00e0 maximiser la r\u00e9duction des co\u00fbts pour favoriser des \u00e9conomies optimales.\" \/>\n<meta name=\"robots\" content=\"index, follow, max-snippet:-1, max-image-preview:large, max-video-preview:-1\" \/>\n<link rel=\"canonical\" href=\"https:\/\/dyzedesign.com\/fr\/boutique\/rh-fr\/dyzend-x-kit-manufacturier\/\" \/>\n<meta property=\"og:locale\" content=\"fr_FR\" \/>\n<meta property=\"og:type\" content=\"article\" \/>\n<meta property=\"og:title\" content=\"DyzEnd-X Kit Manufacturier - T\u00eate Chauffante - DYZE DESIGN\" \/>\n<meta property=\"og:description\" content=\"Le kit manufacturier de la t\u00eate chauffante DyzEnd-X est destin\u00e9 \u00e0 maximiser la r\u00e9duction des co\u00fbts pour favoriser des \u00e9conomies optimales.\" \/>\n<meta property=\"og:url\" content=\"https:\/\/dyzedesign.com\/fr\/boutique\/rh-fr\/dyzend-x-kit-manufacturier\/\" \/>\n<meta property=\"og:site_name\" content=\"DYZE DESIGN\" \/>\n<meta property=\"article:publisher\" content=\"https:\/\/www.facebook.com\/dyzedesign\/\" \/>\n<meta property=\"article:modified_time\" content=\"2022-10-24T19:09:18+00:00\" \/>\n<meta property=\"og:image\" content=\"https:\/\/dyzedesign.com\/wp-content\/uploads\/2018\/02\/dyzenx_1.jpg\" \/>\n\t<meta property=\"og:image:width\" content=\"2000\" \/>\n\t<meta property=\"og:image:height\" content=\"2000\" \/>\n\t<meta property=\"og:image:type\" content=\"image\/jpeg\" \/>\n<meta name=\"twitter:card\" content=\"summary_large_image\" \/>\n<meta name=\"twitter:label1\" content=\"Dur\u00e9e de lecture estim\u00e9e\" \/>\n\t<meta name=\"twitter:data1\" content=\"1 minute\" \/>\n<script type=\"application\/ld+json\" class=\"yoast-schema-graph\">{\"@context\":\"https:\/\/schema.org\",\"@graph\":[{\"@type\":\"WebPage\",\"@id\":\"https:\/\/dyzedesign.com\/fr\/boutique\/rh-fr\/dyzend-x-kit-manufacturier\/\",\"url\":\"https:\/\/dyzedesign.com\/fr\/boutique\/rh-fr\/dyzend-x-kit-manufacturier\/\",\"name\":\"DyzEnd-X Kit Manufacturier - T\u00eate Chauffante - DYZE DESIGN\",\"isPartOf\":{\"@id\":\"https:\/\/dyzedesign.com\/#website\"},\"primaryImageOfPage\":{\"@id\":\"https:\/\/dyzedesign.com\/fr\/boutique\/rh-fr\/dyzend-x-kit-manufacturier\/#primaryimage\"},\"image\":{\"@id\":\"https:\/\/dyzedesign.com\/fr\/boutique\/rh-fr\/dyzend-x-kit-manufacturier\/#primaryimage\"},\"thumbnailUrl\":\"\/cdn-cgi\/image\/quality=80,format=auto,onerror=redirect,metadata=none\/wp-content\/uploads\/2018\/02\/dyzenx_1.jpg\",\"datePublished\":\"2018-02-06T16:19:05+00:00\",\"dateModified\":\"2022-10-24T19:09:18+00:00\",\"description\":\"Le kit manufacturier de la t\u00eate chauffante DyzEnd-X est destin\u00e9 \u00e0 maximiser la r\u00e9duction des co\u00fbts pour favoriser des \u00e9conomies optimales.\",\"breadcrumb\":{\"@id\":\"https:\/\/dyzedesign.com\/fr\/boutique\/rh-fr\/dyzend-x-kit-manufacturier\/#breadcrumb\"},\"inLanguage\":\"fr-FR\",\"potentialAction\":[{\"@type\":\"ReadAction\",\"target\":[\"https:\/\/dyzedesign.com\/fr\/boutique\/rh-fr\/dyzend-x-kit-manufacturier\/\"]}]},{\"@type\":\"ImageObject\",\"inLanguage\":\"fr-FR\",\"@id\":\"https:\/\/dyzedesign.com\/fr\/boutique\/rh-fr\/dyzend-x-kit-manufacturier\/#primaryimage\",\"url\":\"\/cdn-cgi\/image\/quality=80,format=auto,onerror=redirect,metadata=none\/wp-content\/uploads\/2018\/02\/dyzenx_1.jpg\",\"contentUrl\":\"\/cdn-cgi\/image\/quality=80,format=auto,onerror=redirect,metadata=none\/wp-content\/uploads\/2018\/02\/dyzenx_1.jpg\",\"width\":2000,\"height\":2000,\"caption\":\"DyzEnd-X \u2013 Kit Manufacturier\"},{\"@type\":\"BreadcrumbList\",\"@id\":\"https:\/\/dyzedesign.com\/fr\/boutique\/rh-fr\/dyzend-x-kit-manufacturier\/#breadcrumb\",\"itemListElement\":[{\"@type\":\"ListItem\",\"position\":1,\"name\":\"Home\",\"item\":\"https:\/\/dyzedesign.com\/\"},{\"@type\":\"ListItem\",\"position\":2,\"name\":\"Boutique\",\"item\":\"https:\/\/dyzedesign.com\/fr\/boutique\/\"},{\"@type\":\"ListItem\",\"position\":3,\"name\":\"DyzEnd-X \u2013 Kit Manufacturier\"}]},{\"@type\":\"WebSite\",\"@id\":\"https:\/\/dyzedesign.com\/#website\",\"url\":\"https:\/\/dyzedesign.com\/\",\"name\":\"DYZE DESIGN\",\"description\":\"\",\"publisher\":{\"@id\":\"https:\/\/dyzedesign.com\/#organization\"},\"potentialAction\":[{\"@type\":\"SearchAction\",\"target\":{\"@type\":\"EntryPoint\",\"urlTemplate\":\"https:\/\/dyzedesign.com\/?s={search_term_string}\"},\"query-input\":{\"@type\":\"PropertyValueSpecification\",\"valueRequired\":true,\"valueName\":\"search_term_string\"}}],\"inLanguage\":\"fr-FR\"},{\"@type\":\"Organization\",\"@id\":\"https:\/\/dyzedesign.com\/#organization\",\"name\":\"Dyze Design\",\"url\":\"https:\/\/dyzedesign.com\/\",\"logo\":{\"@type\":\"ImageObject\",\"inLanguage\":\"fr-FR\",\"@id\":\"https:\/\/dyzedesign.com\/#\/schema\/logo\/image\/\",\"url\":\"https:\/\/dyzedesign.com\/wp-content\/uploads\/2016\/11\/DYZE_logo_RGB_PNG-web.png\",\"contentUrl\":\"https:\/\/dyzedesign.com\/wp-content\/uploads\/2016\/11\/DYZE_logo_RGB_PNG-web.png\",\"width\":451,\"height\":225,\"caption\":\"Dyze Design\"},\"image\":{\"@id\":\"https:\/\/dyzedesign.com\/#\/schema\/logo\/image\/\"},\"sameAs\":[\"https:\/\/www.facebook.com\/dyzedesign\/\"]}]}<\/script>\n<!-- \/ Yoast SEO plugin. -->","yoast_head_json":{"title":"DyzEnd-X Kit Manufacturier - T\u00eate Chauffante - DYZE DESIGN","description":"Le kit manufacturier de la t\u00eate chauffante DyzEnd-X est destin\u00e9 \u00e0 maximiser la r\u00e9duction des co\u00fbts pour favoriser des \u00e9conomies optimales.","robots":{"index":"index","follow":"follow","max-snippet":"max-snippet:-1","max-image-preview":"max-image-preview:large","max-video-preview":"max-video-preview:-1"},"canonical":"https:\/\/dyzedesign.com\/fr\/boutique\/rh-fr\/dyzend-x-kit-manufacturier\/","og_locale":"fr_FR","og_type":"article","og_title":"DyzEnd-X Kit Manufacturier - T\u00eate Chauffante - DYZE DESIGN","og_description":"Le kit manufacturier de la t\u00eate chauffante DyzEnd-X est destin\u00e9 \u00e0 maximiser la r\u00e9duction des co\u00fbts pour favoriser des \u00e9conomies optimales.","og_url":"https:\/\/dyzedesign.com\/fr\/boutique\/rh-fr\/dyzend-x-kit-manufacturier\/","og_site_name":"DYZE DESIGN","article_publisher":"https:\/\/www.facebook.com\/dyzedesign\/","article_modified_time":"2022-10-24T19:09:18+00:00","og_image":[{"width":2000,"height":2000,"url":"https:\/\/dyzedesign.com\/wp-content\/uploads\/2018\/02\/dyzenx_1.jpg","type":"image\/jpeg"}],"twitter_card":"summary_large_image","twitter_misc":{"Dur\u00e9e de lecture estim\u00e9e":"1 minute"},"schema":{"@context":"https:\/\/schema.org","@graph":[{"@type":"WebPage","@id":"https:\/\/dyzedesign.com\/fr\/boutique\/rh-fr\/dyzend-x-kit-manufacturier\/","url":"https:\/\/dyzedesign.com\/fr\/boutique\/rh-fr\/dyzend-x-kit-manufacturier\/","name":"DyzEnd-X Kit Manufacturier - T\u00eate Chauffante - DYZE DESIGN","isPartOf":{"@id":"https:\/\/dyzedesign.com\/#website"},"primaryImageOfPage":{"@id":"https:\/\/dyzedesign.com\/fr\/boutique\/rh-fr\/dyzend-x-kit-manufacturier\/#primaryimage"},"image":{"@id":"https:\/\/dyzedesign.com\/fr\/boutique\/rh-fr\/dyzend-x-kit-manufacturier\/#primaryimage"},"thumbnailUrl":"\/cdn-cgi\/image\/quality=80,format=auto,onerror=redirect,metadata=none\/wp-content\/uploads\/2018\/02\/dyzenx_1.jpg","datePublished":"2018-02-06T16:19:05+00:00","dateModified":"2022-10-24T19:09:18+00:00","description":"Le kit manufacturier de la t\u00eate chauffante DyzEnd-X est destin\u00e9 \u00e0 maximiser la r\u00e9duction des co\u00fbts pour favoriser des \u00e9conomies optimales.","breadcrumb":{"@id":"https:\/\/dyzedesign.com\/fr\/boutique\/rh-fr\/dyzend-x-kit-manufacturier\/#breadcrumb"},"inLanguage":"fr-FR","potentialAction":[{"@type":"ReadAction","target":["https:\/\/dyzedesign.com\/fr\/boutique\/rh-fr\/dyzend-x-kit-manufacturier\/"]}]},{"@type":"ImageObject","inLanguage":"fr-FR","@id":"https:\/\/dyzedesign.com\/fr\/boutique\/rh-fr\/dyzend-x-kit-manufacturier\/#primaryimage","url":"\/cdn-cgi\/image\/quality=80,format=auto,onerror=redirect,metadata=none\/wp-content\/uploads\/2018\/02\/dyzenx_1.jpg","contentUrl":"\/cdn-cgi\/image\/quality=80,format=auto,onerror=redirect,metadata=none\/wp-content\/uploads\/2018\/02\/dyzenx_1.jpg","width":2000,"height":2000,"caption":"DyzEnd-X \u2013 Kit Manufacturier"},{"@type":"BreadcrumbList","@id":"https:\/\/dyzedesign.com\/fr\/boutique\/rh-fr\/dyzend-x-kit-manufacturier\/#breadcrumb","itemListElement":[{"@type":"ListItem","position":1,"name":"Home","item":"https:\/\/dyzedesign.com\/"},{"@type":"ListItem","position":2,"name":"Boutique","item":"https:\/\/dyzedesign.com\/fr\/boutique\/"},{"@type":"ListItem","position":3,"name":"DyzEnd-X \u2013 Kit Manufacturier"}]},{"@type":"WebSite","@id":"https:\/\/dyzedesign.com\/#website","url":"https:\/\/dyzedesign.com\/","name":"DYZE DESIGN","description":"","publisher":{"@id":"https:\/\/dyzedesign.com\/#organization"},"potentialAction":[{"@type":"SearchAction","target":{"@type":"EntryPoint","urlTemplate":"https:\/\/dyzedesign.com\/?s={search_term_string}"},"query-input":{"@type":"PropertyValueSpecification","valueRequired":true,"valueName":"search_term_string"}}],"inLanguage":"fr-FR"},{"@type":"Organization","@id":"https:\/\/dyzedesign.com\/#organization","name":"Dyze Design","url":"https:\/\/dyzedesign.com\/","logo":{"@type":"ImageObject","inLanguage":"fr-FR","@id":"https:\/\/dyzedesign.com\/#\/schema\/logo\/image\/","url":"https:\/\/dyzedesign.com\/wp-content\/uploads\/2016\/11\/DYZE_logo_RGB_PNG-web.png","contentUrl":"https:\/\/dyzedesign.com\/wp-content\/uploads\/2016\/11\/DYZE_logo_RGB_PNG-web.png","width":451,"height":225,"caption":"Dyze Design"},"image":{"@id":"https:\/\/dyzedesign.com\/#\/schema\/logo\/image\/"},"sameAs":["https:\/\/www.facebook.com\/dyzedesign\/"]}]}},"_links":{"self":[{"href":"https:\/\/dyzedesign.com\/fr\/wp-json\/wp\/v2\/product\/17650","targetHints":{"allow":["GET"]}}],"collection":[{"href":"https:\/\/dyzedesign.com\/fr\/wp-json\/wp\/v2\/product"}],"about":[{"href":"https:\/\/dyzedesign.com\/fr\/wp-json\/wp\/v2\/types\/product"}],"replies":[{"embeddable":true,"href":"https:\/\/dyzedesign.com\/fr\/wp-json\/wp\/v2\/comments?post=17650"}],"version-history":[{"count":0,"href":"https:\/\/dyzedesign.com\/fr\/wp-json\/wp\/v2\/product\/17650\/revisions"}],"wp:featuredmedia":[{"embeddable":true,"href":"https:\/\/dyzedesign.com\/fr\/wp-json\/wp\/v2\/media\/30490"}],"wp:attachment":[{"href":"https:\/\/dyzedesign.com\/fr\/wp-json\/wp\/v2\/media?parent=17650"}],"wp:term":[{"taxonomy":"product_cat","embeddable":true,"href":"https:\/\/dyzedesign.com\/fr\/wp-json\/wp\/v2\/product_cat?post=17650"},{"taxonomy":"product_tag","embeddable":true,"href":"https:\/\/dyzedesign.com\/fr\/wp-json\/wp\/v2\/product_tag?post=17650"}],"curies":[{"name":"wp","href":"https:\/\/api.w.org\/{rel}","templated":true}]}}