{"id":16325,"date":"2018-08-15T11:37:58","date_gmt":"2018-08-15T15:37:58","guid":{"rendered":"https:\/\/dyzedesign.com\/shop\/non%20class\u00e9\/thermistance-300c-500c\/"},"modified":"2026-04-23T04:51:23","modified_gmt":"2026-04-23T08:51:23","slug":"thermistance-300c-et-500c","status":"publish","type":"product","link":"https:\/\/dyzedesign.com\/fr\/boutique\/accessoires\/thermistance-300c-et-500c\/","title":{"rendered":"Thermistance 300\u00b0C\/500\u00b0C"},"content":{"rendered":"<p>Assemblage de la thermistance<\/p>\n<p>Consultez notre section support pour la FAQ et le guide d&rsquo;installation du firmware<\/p>\n<p><strong>500 \u00b0 C &#8211; Manchon NOIR avec connecteur Molex Mini Fit Jr<\/strong><\/p>\n<p>La r\u00e9sistance \u00e0 20\u00b0C est de 5,2 M\u03a9<br \/>\nLa r\u00e9sistance \u00e0 400\u00b0C est de 250 \u03a9<\/p>\n<p>Le r\u00e9glage du micrologiciel est requis, veuillez vous reporter \u00e0 notre section support.<\/p>\n<p><strong>500\u00b0C &#8211; Manchon NOIR Avec connecteur Molex SL<\/strong><\/p>\n<p>La r\u00e9sistance \u00e0 20\u00b0C est de 5,2 M\u03a9<br \/>\nLa r\u00e9sistance \u00e0 400\u00b0C est de 250 \u03a9<\/p>\n<p>Le r\u00e9glage du micrologiciel est requis, veuillez vous reporter \u00e0 notre section support.<\/p>\n<p><strong>300\u00b0C &#8211; manchon BLANC<\/strong><\/p>\n<p>La r\u00e9sistance \u00e0 20\u00b0C est de 98,6 k\u03a9<br \/>\nLa r\u00e9sistance \u00e0 250\u00b0C est de 225 \u03a9<\/p>\n<p>La thermistance est pr\u00e9configur\u00e9e dans la plupart des microprogrammes, veuillez vous reporter \u00e0 notre section support pour plus d&rsquo;informations.<\/p>\n","protected":false},"excerpt":{"rendered":"<p>Thermistance 300\u00b0C et 500\u00b0C. Connecteur Molex Mini Fit Jr noir \u00e0 manchon, connecteur Molex SL \u00e0 manchon noir ou manchon blanc (300\u00b0C).<\/p>\n","protected":false},"featured_media":30626,"comment_status":"open","ping_status":"closed","template":"","meta":[],"product_cat":[78,135],"product_tag":[],"class_list":{"0":"post-16325","1":"product","2":"type-product","3":"status-publish","4":"has-post-thumbnail","6":"product_brand-dyze-design","7":"product_cat-accessoires","8":"product_cat-ra-fr","10":"first","11":"instock","12":"taxable","13":"shipping-taxable","14":"purchasable","15":"product-type-variable","16":"has-default-attributes"},"yoast_head":"<!-- This site is optimized with the Yoast SEO plugin v27.4 - https:\/\/yoast.com\/product\/yoast-seo-wordpress\/ -->\n<title>Thermistance 300\u00b0C et 500\u00b0C - Connecteur Molex - DYZE DESIGN<\/title>\n<meta name=\"description\" content=\"Thermistance 300\u00b0C et 500\u00b0C. Connecteur Molex Mini Fit Jr noir \u00e0 manchon, connecteur Molex SL \u00e0 manchon noir ou manchon blanc (300\u00b0C).\" \/>\n<meta name=\"robots\" content=\"index, follow, max-snippet:-1, max-image-preview:large, max-video-preview:-1\" \/>\n<link rel=\"canonical\" href=\"https:\/\/dyzedesign.com\/fr\/boutique\/accessoires\/thermistance-300c-et-500c\/\" \/>\n<meta property=\"og:locale\" content=\"fr_FR\" \/>\n<meta property=\"og:type\" content=\"article\" \/>\n<meta property=\"og:title\" content=\"Thermistance 300\u00b0C et 500\u00b0C - Connecteur Molex - DYZE DESIGN\" \/>\n<meta property=\"og:description\" content=\"Thermistance 300\u00b0C et 500\u00b0C. Connecteur Molex Mini Fit Jr noir \u00e0 manchon, connecteur Molex SL \u00e0 manchon noir ou manchon blanc (300\u00b0C).\" \/>\n<meta property=\"og:url\" content=\"https:\/\/dyzedesign.com\/fr\/boutique\/accessoires\/thermistance-300c-et-500c\/\" \/>\n<meta property=\"og:site_name\" content=\"DYZE DESIGN\" \/>\n<meta property=\"article:publisher\" content=\"https:\/\/www.facebook.com\/dyzedesign\/\" \/>\n<meta property=\"article:modified_time\" content=\"2026-04-23T08:51:23+00:00\" \/>\n<meta property=\"og:image\" content=\"https:\/\/dyzedesign.com\/wp-content\/uploads\/2018\/08\/thermistor_500c_2.jpg\" \/>\n\t<meta property=\"og:image:width\" content=\"2000\" \/>\n\t<meta property=\"og:image:height\" content=\"2000\" \/>\n\t<meta property=\"og:image:type\" content=\"image\/jpeg\" \/>\n<meta name=\"twitter:card\" content=\"summary_large_image\" \/>\n<meta name=\"twitter:label1\" content=\"Dur\u00e9e de lecture estim\u00e9e\" \/>\n\t<meta name=\"twitter:data1\" content=\"1 minute\" \/>\n<script type=\"application\/ld+json\" class=\"yoast-schema-graph\">{\"@context\":\"https:\\\/\\\/schema.org\",\"@graph\":[{\"@type\":\"WebPage\",\"@id\":\"https:\\\/\\\/dyzedesign.com\\\/fr\\\/boutique\\\/accessoires\\\/thermistance-300c-et-500c\\\/\",\"url\":\"https:\\\/\\\/dyzedesign.com\\\/fr\\\/boutique\\\/accessoires\\\/thermistance-300c-et-500c\\\/\",\"name\":\"Thermistance 300\u00b0C et 500\u00b0C - Connecteur Molex - DYZE DESIGN\",\"isPartOf\":{\"@id\":\"https:\\\/\\\/dyzedesign.com\\\/#website\"},\"primaryImageOfPage\":{\"@id\":\"https:\\\/\\\/dyzedesign.com\\\/fr\\\/boutique\\\/accessoires\\\/thermistance-300c-et-500c\\\/#primaryimage\"},\"image\":{\"@id\":\"https:\\\/\\\/dyzedesign.com\\\/fr\\\/boutique\\\/accessoires\\\/thermistance-300c-et-500c\\\/#primaryimage\"},\"thumbnailUrl\":\"\\\/cdn-cgi\\\/image\\\/quality=80,format=auto,onerror=redirect,metadata=none\\\/wp-content\\\/uploads\\\/2018\\\/08\\\/thermistor_500c_2.jpg\",\"datePublished\":\"2018-08-15T15:37:58+00:00\",\"dateModified\":\"2026-04-23T08:51:23+00:00\",\"description\":\"Thermistance 300\u00b0C et 500\u00b0C. Connecteur Molex Mini Fit Jr noir \u00e0 manchon, connecteur Molex SL \u00e0 manchon noir ou manchon blanc (300\u00b0C).\",\"breadcrumb\":{\"@id\":\"https:\\\/\\\/dyzedesign.com\\\/fr\\\/boutique\\\/accessoires\\\/thermistance-300c-et-500c\\\/#breadcrumb\"},\"inLanguage\":\"fr-FR\",\"potentialAction\":[{\"@type\":\"ReadAction\",\"target\":[\"https:\\\/\\\/dyzedesign.com\\\/fr\\\/boutique\\\/accessoires\\\/thermistance-300c-et-500c\\\/\"]}]},{\"@type\":\"ImageObject\",\"inLanguage\":\"fr-FR\",\"@id\":\"https:\\\/\\\/dyzedesign.com\\\/fr\\\/boutique\\\/accessoires\\\/thermistance-300c-et-500c\\\/#primaryimage\",\"url\":\"\\\/cdn-cgi\\\/image\\\/quality=80,format=auto,onerror=redirect,metadata=none\\\/wp-content\\\/uploads\\\/2018\\\/08\\\/thermistor_500c_2.jpg\",\"contentUrl\":\"\\\/cdn-cgi\\\/image\\\/quality=80,format=auto,onerror=redirect,metadata=none\\\/wp-content\\\/uploads\\\/2018\\\/08\\\/thermistor_500c_2.jpg\",\"width\":2000,\"height\":2000,\"caption\":\"Thermistance 300\u00b0C\\\/500\u00b0C\"},{\"@type\":\"BreadcrumbList\",\"@id\":\"https:\\\/\\\/dyzedesign.com\\\/fr\\\/boutique\\\/accessoires\\\/thermistance-300c-et-500c\\\/#breadcrumb\",\"itemListElement\":[{\"@type\":\"ListItem\",\"position\":1,\"name\":\"Home\",\"item\":\"https:\\\/\\\/dyzedesign.com\\\/\"},{\"@type\":\"ListItem\",\"position\":2,\"name\":\"Boutique\",\"item\":\"https:\\\/\\\/dyzedesign.com\\\/fr\\\/boutique\\\/\"},{\"@type\":\"ListItem\",\"position\":3,\"name\":\"Thermistance 300\u00b0C\\\/500\u00b0C\"}]},{\"@type\":\"WebSite\",\"@id\":\"https:\\\/\\\/dyzedesign.com\\\/#website\",\"url\":\"https:\\\/\\\/dyzedesign.com\\\/\",\"name\":\"DYZE DESIGN\",\"description\":\"\",\"publisher\":{\"@id\":\"https:\\\/\\\/dyzedesign.com\\\/#organization\"},\"potentialAction\":[{\"@type\":\"SearchAction\",\"target\":{\"@type\":\"EntryPoint\",\"urlTemplate\":\"https:\\\/\\\/dyzedesign.com\\\/?s={search_term_string}\"},\"query-input\":{\"@type\":\"PropertyValueSpecification\",\"valueRequired\":true,\"valueName\":\"search_term_string\"}}],\"inLanguage\":\"fr-FR\"},{\"@type\":\"Organization\",\"@id\":\"https:\\\/\\\/dyzedesign.com\\\/#organization\",\"name\":\"Dyze Design\",\"url\":\"https:\\\/\\\/dyzedesign.com\\\/\",\"logo\":{\"@type\":\"ImageObject\",\"inLanguage\":\"fr-FR\",\"@id\":\"https:\\\/\\\/dyzedesign.com\\\/#\\\/schema\\\/logo\\\/image\\\/\",\"url\":\"https:\\\/\\\/dyzedesign.com\\\/wp-content\\\/uploads\\\/2016\\\/11\\\/DYZE_logo_RGB_PNG-web.png\",\"contentUrl\":\"https:\\\/\\\/dyzedesign.com\\\/wp-content\\\/uploads\\\/2016\\\/11\\\/DYZE_logo_RGB_PNG-web.png\",\"width\":451,\"height\":225,\"caption\":\"Dyze Design\"},\"image\":{\"@id\":\"https:\\\/\\\/dyzedesign.com\\\/#\\\/schema\\\/logo\\\/image\\\/\"},\"sameAs\":[\"https:\\\/\\\/www.facebook.com\\\/dyzedesign\\\/\"]}]}<\/script>\n<!-- \/ Yoast SEO plugin. -->","yoast_head_json":{"title":"Thermistance 300\u00b0C et 500\u00b0C - Connecteur Molex - DYZE DESIGN","description":"Thermistance 300\u00b0C et 500\u00b0C. Connecteur Molex Mini Fit Jr noir \u00e0 manchon, connecteur Molex SL \u00e0 manchon noir ou manchon blanc (300\u00b0C).","robots":{"index":"index","follow":"follow","max-snippet":"max-snippet:-1","max-image-preview":"max-image-preview:large","max-video-preview":"max-video-preview:-1"},"canonical":"https:\/\/dyzedesign.com\/fr\/boutique\/accessoires\/thermistance-300c-et-500c\/","og_locale":"fr_FR","og_type":"article","og_title":"Thermistance 300\u00b0C et 500\u00b0C - Connecteur Molex - DYZE DESIGN","og_description":"Thermistance 300\u00b0C et 500\u00b0C. Connecteur Molex Mini Fit Jr noir \u00e0 manchon, connecteur Molex SL \u00e0 manchon noir ou manchon blanc (300\u00b0C).","og_url":"https:\/\/dyzedesign.com\/fr\/boutique\/accessoires\/thermistance-300c-et-500c\/","og_site_name":"DYZE DESIGN","article_publisher":"https:\/\/www.facebook.com\/dyzedesign\/","article_modified_time":"2026-04-23T08:51:23+00:00","og_image":[{"width":2000,"height":2000,"url":"https:\/\/dyzedesign.com\/wp-content\/uploads\/2018\/08\/thermistor_500c_2.jpg","type":"image\/jpeg"}],"twitter_card":"summary_large_image","twitter_misc":{"Dur\u00e9e de lecture estim\u00e9e":"1 minute"},"schema":{"@context":"https:\/\/schema.org","@graph":[{"@type":"WebPage","@id":"https:\/\/dyzedesign.com\/fr\/boutique\/accessoires\/thermistance-300c-et-500c\/","url":"https:\/\/dyzedesign.com\/fr\/boutique\/accessoires\/thermistance-300c-et-500c\/","name":"Thermistance 300\u00b0C et 500\u00b0C - Connecteur Molex - DYZE DESIGN","isPartOf":{"@id":"https:\/\/dyzedesign.com\/#website"},"primaryImageOfPage":{"@id":"https:\/\/dyzedesign.com\/fr\/boutique\/accessoires\/thermistance-300c-et-500c\/#primaryimage"},"image":{"@id":"https:\/\/dyzedesign.com\/fr\/boutique\/accessoires\/thermistance-300c-et-500c\/#primaryimage"},"thumbnailUrl":"\/cdn-cgi\/image\/quality=80,format=auto,onerror=redirect,metadata=none\/wp-content\/uploads\/2018\/08\/thermistor_500c_2.jpg","datePublished":"2018-08-15T15:37:58+00:00","dateModified":"2026-04-23T08:51:23+00:00","description":"Thermistance 300\u00b0C et 500\u00b0C. Connecteur Molex Mini Fit Jr noir \u00e0 manchon, connecteur Molex SL \u00e0 manchon noir ou manchon blanc (300\u00b0C).","breadcrumb":{"@id":"https:\/\/dyzedesign.com\/fr\/boutique\/accessoires\/thermistance-300c-et-500c\/#breadcrumb"},"inLanguage":"fr-FR","potentialAction":[{"@type":"ReadAction","target":["https:\/\/dyzedesign.com\/fr\/boutique\/accessoires\/thermistance-300c-et-500c\/"]}]},{"@type":"ImageObject","inLanguage":"fr-FR","@id":"https:\/\/dyzedesign.com\/fr\/boutique\/accessoires\/thermistance-300c-et-500c\/#primaryimage","url":"\/cdn-cgi\/image\/quality=80,format=auto,onerror=redirect,metadata=none\/wp-content\/uploads\/2018\/08\/thermistor_500c_2.jpg","contentUrl":"\/cdn-cgi\/image\/quality=80,format=auto,onerror=redirect,metadata=none\/wp-content\/uploads\/2018\/08\/thermistor_500c_2.jpg","width":2000,"height":2000,"caption":"Thermistance 300\u00b0C\/500\u00b0C"},{"@type":"BreadcrumbList","@id":"https:\/\/dyzedesign.com\/fr\/boutique\/accessoires\/thermistance-300c-et-500c\/#breadcrumb","itemListElement":[{"@type":"ListItem","position":1,"name":"Home","item":"https:\/\/dyzedesign.com\/"},{"@type":"ListItem","position":2,"name":"Boutique","item":"https:\/\/dyzedesign.com\/fr\/boutique\/"},{"@type":"ListItem","position":3,"name":"Thermistance 300\u00b0C\/500\u00b0C"}]},{"@type":"WebSite","@id":"https:\/\/dyzedesign.com\/#website","url":"https:\/\/dyzedesign.com\/","name":"DYZE DESIGN","description":"","publisher":{"@id":"https:\/\/dyzedesign.com\/#organization"},"potentialAction":[{"@type":"SearchAction","target":{"@type":"EntryPoint","urlTemplate":"https:\/\/dyzedesign.com\/?s={search_term_string}"},"query-input":{"@type":"PropertyValueSpecification","valueRequired":true,"valueName":"search_term_string"}}],"inLanguage":"fr-FR"},{"@type":"Organization","@id":"https:\/\/dyzedesign.com\/#organization","name":"Dyze Design","url":"https:\/\/dyzedesign.com\/","logo":{"@type":"ImageObject","inLanguage":"fr-FR","@id":"https:\/\/dyzedesign.com\/#\/schema\/logo\/image\/","url":"https:\/\/dyzedesign.com\/wp-content\/uploads\/2016\/11\/DYZE_logo_RGB_PNG-web.png","contentUrl":"https:\/\/dyzedesign.com\/wp-content\/uploads\/2016\/11\/DYZE_logo_RGB_PNG-web.png","width":451,"height":225,"caption":"Dyze Design"},"image":{"@id":"https:\/\/dyzedesign.com\/#\/schema\/logo\/image\/"},"sameAs":["https:\/\/www.facebook.com\/dyzedesign\/"]}]}},"_links":{"self":[{"href":"https:\/\/dyzedesign.com\/fr\/wp-json\/wp\/v2\/product\/16325","targetHints":{"allow":["GET"]}}],"collection":[{"href":"https:\/\/dyzedesign.com\/fr\/wp-json\/wp\/v2\/product"}],"about":[{"href":"https:\/\/dyzedesign.com\/fr\/wp-json\/wp\/v2\/types\/product"}],"replies":[{"embeddable":true,"href":"https:\/\/dyzedesign.com\/fr\/wp-json\/wp\/v2\/comments?post=16325"}],"version-history":[{"count":0,"href":"https:\/\/dyzedesign.com\/fr\/wp-json\/wp\/v2\/product\/16325\/revisions"}],"wp:featuredmedia":[{"embeddable":true,"href":"https:\/\/dyzedesign.com\/fr\/wp-json\/wp\/v2\/media\/30626"}],"wp:attachment":[{"href":"https:\/\/dyzedesign.com\/fr\/wp-json\/wp\/v2\/media?parent=16325"}],"wp:term":[{"taxonomy":"product_cat","embeddable":true,"href":"https:\/\/dyzedesign.com\/fr\/wp-json\/wp\/v2\/product_cat?post=16325"},{"taxonomy":"product_tag","embeddable":true,"href":"https:\/\/dyzedesign.com\/fr\/wp-json\/wp\/v2\/product_tag?post=16325"}],"curies":[{"name":"wp","href":"https:\/\/api.w.org\/{rel}","templated":true}]}}