{"id":14861,"date":"2018-02-05T14:51:40","date_gmt":"2018-02-05T19:51:40","guid":{"rendered":"https:\/\/dyzedesign.com\/shop\/non%20class\u00e9\/14861\/"},"modified":"2022-10-24T15:09:24","modified_gmt":"2022-10-24T19:09:24","slug":"kit-manufacturier-dyzextruder-gt","status":"publish","type":"product","link":"https:\/\/dyzedesign.com\/fr\/boutique\/re-fr\/kit-manufacturier-dyzextruder-gt\/","title":{"rendered":"DyzeXtruder GT \u2013 Kit Manufacturier"},"content":{"rendered":"<h1>DyzeXtruder GT<\/h1>\n<h2>Kit Manufacturier<\/h2>\n<p>Si vous avez besoin d&rsquo;un bloc de refroidissement liquide, vous pouvez l&rsquo;ajouter dans la cat\u00e9gorie de refroidissement liquide.<\/p>\n<p>Ce kit est destin\u00e9 \u00e0 maximiser la r\u00e9duction des co\u00fbts pour des \u00e9conomies optimales.<\/p>\n<p>Il n&rsquo;inclut donc pas les \u00e9l\u00e9ments suivants de nos kits standard:<\/p>\n<ul>\n<li>C\u00e2ble d&rsquo;extension (si s\u00e9lectionn\u00e9)<\/li>\n<li>Emballage\/boite\n<ul>\n<li>Collants<\/li>\n<li>Manchon de boite Dyze Design<\/li>\n<li>Carte d&rsquo;authenticit\u00e9<\/li>\n<\/ul>\n<\/li>\n<\/ul>\n","protected":false},"excerpt":{"rendered":"<p>DyzeXtruder GT Kit Manufacturier Si vous avez besoin d&rsquo;un bloc de refroidissement liquide, vous pouvez l&rsquo;ajouter dans la cat\u00e9gorie de refroidissement liquide. Ce kit est destin\u00e9 \u00e0 maximiser la r\u00e9duction des co\u00fbts pour des \u00e9conomies optimales. Il n&rsquo;inclut donc pas<span class=\"excerpt-hellip\"> [\u2026]<\/span><\/p>\n","protected":false},"featured_media":30524,"comment_status":"open","ping_status":"closed","template":"","meta":[],"product_cat":[138,137],"product_tag":[],"class_list":{"0":"post-14861","1":"product","2":"type-product","3":"status-publish","4":"has-post-thumbnail","6":"product_cat-kits-manufacturiers","7":"product_cat-re-fr","9":"first","10":"instock","11":"taxable","12":"shipping-taxable","13":"product-type-variable","14":"has-default-attributes"},"yoast_head":"<!-- This site is optimized with the Yoast SEO plugin v27.4 - https:\/\/yoast.com\/product\/yoast-seo-wordpress\/ -->\n<title>DyzeXtruder GT Kit Manufacturier - DYZE DESIGN<\/title>\n<meta name=\"description\" content=\"Le DyzeXtruder GT Kit Manufacturier est un kit est destin\u00e9 \u00e0 maximiser la r\u00e9duction des co\u00fbts pour des \u00e9conomies optimales.\" \/>\n<meta name=\"robots\" content=\"index, follow, max-snippet:-1, max-image-preview:large, max-video-preview:-1\" \/>\n<link rel=\"canonical\" href=\"https:\/\/dyzedesign.com\/fr\/boutique\/re-fr\/kit-manufacturier-dyzextruder-gt\/\" \/>\n<meta property=\"og:locale\" content=\"fr_FR\" \/>\n<meta property=\"og:type\" content=\"article\" \/>\n<meta property=\"og:title\" content=\"DyzeXtruder GT Kit Manufacturier - DYZE DESIGN\" \/>\n<meta property=\"og:description\" content=\"Le DyzeXtruder GT Kit Manufacturier est un kit est destin\u00e9 \u00e0 maximiser la r\u00e9duction des co\u00fbts pour des \u00e9conomies optimales.\" \/>\n<meta property=\"og:url\" content=\"https:\/\/dyzedesign.com\/fr\/boutique\/re-fr\/kit-manufacturier-dyzextruder-gt\/\" \/>\n<meta property=\"og:site_name\" content=\"DYZE DESIGN\" \/>\n<meta property=\"article:publisher\" content=\"https:\/\/www.facebook.com\/dyzedesign\/\" \/>\n<meta property=\"article:modified_time\" content=\"2022-10-24T19:09:24+00:00\" \/>\n<meta property=\"og:image\" content=\"https:\/\/dyzedesign.com\/wp-content\/uploads\/2018\/02\/dyzextruder_GT_3.jpg\" \/>\n\t<meta property=\"og:image:width\" content=\"2000\" \/>\n\t<meta property=\"og:image:height\" content=\"2000\" \/>\n\t<meta property=\"og:image:type\" content=\"image\/jpeg\" \/>\n<meta name=\"twitter:card\" content=\"summary_large_image\" \/>\n<script type=\"application\/ld+json\" class=\"yoast-schema-graph\">{\"@context\":\"https:\\\/\\\/schema.org\",\"@graph\":[{\"@type\":\"WebPage\",\"@id\":\"https:\\\/\\\/dyzedesign.com\\\/fr\\\/boutique\\\/re-fr\\\/kit-manufacturier-dyzextruder-gt\\\/\",\"url\":\"https:\\\/\\\/dyzedesign.com\\\/fr\\\/boutique\\\/re-fr\\\/kit-manufacturier-dyzextruder-gt\\\/\",\"name\":\"DyzeXtruder GT Kit Manufacturier - DYZE DESIGN\",\"isPartOf\":{\"@id\":\"https:\\\/\\\/dyzedesign.com\\\/#website\"},\"primaryImageOfPage\":{\"@id\":\"https:\\\/\\\/dyzedesign.com\\\/fr\\\/boutique\\\/re-fr\\\/kit-manufacturier-dyzextruder-gt\\\/#primaryimage\"},\"image\":{\"@id\":\"https:\\\/\\\/dyzedesign.com\\\/fr\\\/boutique\\\/re-fr\\\/kit-manufacturier-dyzextruder-gt\\\/#primaryimage\"},\"thumbnailUrl\":\"\\\/cdn-cgi\\\/image\\\/quality=80,format=auto,onerror=redirect,metadata=none\\\/wp-content\\\/uploads\\\/2018\\\/02\\\/dyzextruder_GT_3.jpg\",\"datePublished\":\"2018-02-05T19:51:40+00:00\",\"dateModified\":\"2022-10-24T19:09:24+00:00\",\"description\":\"Le DyzeXtruder GT Kit Manufacturier est un kit est destin\u00e9 \u00e0 maximiser la r\u00e9duction des co\u00fbts pour des \u00e9conomies optimales.\",\"breadcrumb\":{\"@id\":\"https:\\\/\\\/dyzedesign.com\\\/fr\\\/boutique\\\/re-fr\\\/kit-manufacturier-dyzextruder-gt\\\/#breadcrumb\"},\"inLanguage\":\"fr-FR\",\"potentialAction\":[{\"@type\":\"ReadAction\",\"target\":[\"https:\\\/\\\/dyzedesign.com\\\/fr\\\/boutique\\\/re-fr\\\/kit-manufacturier-dyzextruder-gt\\\/\"]}]},{\"@type\":\"ImageObject\",\"inLanguage\":\"fr-FR\",\"@id\":\"https:\\\/\\\/dyzedesign.com\\\/fr\\\/boutique\\\/re-fr\\\/kit-manufacturier-dyzextruder-gt\\\/#primaryimage\",\"url\":\"\\\/cdn-cgi\\\/image\\\/quality=80,format=auto,onerror=redirect,metadata=none\\\/wp-content\\\/uploads\\\/2018\\\/02\\\/dyzextruder_GT_3.jpg\",\"contentUrl\":\"\\\/cdn-cgi\\\/image\\\/quality=80,format=auto,onerror=redirect,metadata=none\\\/wp-content\\\/uploads\\\/2018\\\/02\\\/dyzextruder_GT_3.jpg\",\"width\":2000,\"height\":2000,\"caption\":\"DyzeXtruder GT \u2013 Kit Manufacturier\"},{\"@type\":\"BreadcrumbList\",\"@id\":\"https:\\\/\\\/dyzedesign.com\\\/fr\\\/boutique\\\/re-fr\\\/kit-manufacturier-dyzextruder-gt\\\/#breadcrumb\",\"itemListElement\":[{\"@type\":\"ListItem\",\"position\":1,\"name\":\"Home\",\"item\":\"https:\\\/\\\/dyzedesign.com\\\/\"},{\"@type\":\"ListItem\",\"position\":2,\"name\":\"Boutique\",\"item\":\"https:\\\/\\\/dyzedesign.com\\\/fr\\\/boutique\\\/\"},{\"@type\":\"ListItem\",\"position\":3,\"name\":\"DyzeXtruder GT \u2013 Kit Manufacturier\"}]},{\"@type\":\"WebSite\",\"@id\":\"https:\\\/\\\/dyzedesign.com\\\/#website\",\"url\":\"https:\\\/\\\/dyzedesign.com\\\/\",\"name\":\"DYZE DESIGN\",\"description\":\"\",\"publisher\":{\"@id\":\"https:\\\/\\\/dyzedesign.com\\\/#organization\"},\"potentialAction\":[{\"@type\":\"SearchAction\",\"target\":{\"@type\":\"EntryPoint\",\"urlTemplate\":\"https:\\\/\\\/dyzedesign.com\\\/?s={search_term_string}\"},\"query-input\":{\"@type\":\"PropertyValueSpecification\",\"valueRequired\":true,\"valueName\":\"search_term_string\"}}],\"inLanguage\":\"fr-FR\"},{\"@type\":\"Organization\",\"@id\":\"https:\\\/\\\/dyzedesign.com\\\/#organization\",\"name\":\"Dyze Design\",\"url\":\"https:\\\/\\\/dyzedesign.com\\\/\",\"logo\":{\"@type\":\"ImageObject\",\"inLanguage\":\"fr-FR\",\"@id\":\"https:\\\/\\\/dyzedesign.com\\\/#\\\/schema\\\/logo\\\/image\\\/\",\"url\":\"https:\\\/\\\/dyzedesign.com\\\/wp-content\\\/uploads\\\/2016\\\/11\\\/DYZE_logo_RGB_PNG-web.png\",\"contentUrl\":\"https:\\\/\\\/dyzedesign.com\\\/wp-content\\\/uploads\\\/2016\\\/11\\\/DYZE_logo_RGB_PNG-web.png\",\"width\":451,\"height\":225,\"caption\":\"Dyze Design\"},\"image\":{\"@id\":\"https:\\\/\\\/dyzedesign.com\\\/#\\\/schema\\\/logo\\\/image\\\/\"},\"sameAs\":[\"https:\\\/\\\/www.facebook.com\\\/dyzedesign\\\/\"]}]}<\/script>\n<!-- \/ Yoast SEO plugin. -->","yoast_head_json":{"title":"DyzeXtruder GT Kit Manufacturier - DYZE DESIGN","description":"Le DyzeXtruder GT Kit Manufacturier est un kit est destin\u00e9 \u00e0 maximiser la r\u00e9duction des co\u00fbts pour des \u00e9conomies optimales.","robots":{"index":"index","follow":"follow","max-snippet":"max-snippet:-1","max-image-preview":"max-image-preview:large","max-video-preview":"max-video-preview:-1"},"canonical":"https:\/\/dyzedesign.com\/fr\/boutique\/re-fr\/kit-manufacturier-dyzextruder-gt\/","og_locale":"fr_FR","og_type":"article","og_title":"DyzeXtruder GT Kit Manufacturier - DYZE DESIGN","og_description":"Le DyzeXtruder GT Kit Manufacturier est un kit est destin\u00e9 \u00e0 maximiser la r\u00e9duction des co\u00fbts pour des \u00e9conomies optimales.","og_url":"https:\/\/dyzedesign.com\/fr\/boutique\/re-fr\/kit-manufacturier-dyzextruder-gt\/","og_site_name":"DYZE DESIGN","article_publisher":"https:\/\/www.facebook.com\/dyzedesign\/","article_modified_time":"2022-10-24T19:09:24+00:00","og_image":[{"width":2000,"height":2000,"url":"https:\/\/dyzedesign.com\/wp-content\/uploads\/2018\/02\/dyzextruder_GT_3.jpg","type":"image\/jpeg"}],"twitter_card":"summary_large_image","schema":{"@context":"https:\/\/schema.org","@graph":[{"@type":"WebPage","@id":"https:\/\/dyzedesign.com\/fr\/boutique\/re-fr\/kit-manufacturier-dyzextruder-gt\/","url":"https:\/\/dyzedesign.com\/fr\/boutique\/re-fr\/kit-manufacturier-dyzextruder-gt\/","name":"DyzeXtruder GT Kit Manufacturier - DYZE DESIGN","isPartOf":{"@id":"https:\/\/dyzedesign.com\/#website"},"primaryImageOfPage":{"@id":"https:\/\/dyzedesign.com\/fr\/boutique\/re-fr\/kit-manufacturier-dyzextruder-gt\/#primaryimage"},"image":{"@id":"https:\/\/dyzedesign.com\/fr\/boutique\/re-fr\/kit-manufacturier-dyzextruder-gt\/#primaryimage"},"thumbnailUrl":"\/cdn-cgi\/image\/quality=80,format=auto,onerror=redirect,metadata=none\/wp-content\/uploads\/2018\/02\/dyzextruder_GT_3.jpg","datePublished":"2018-02-05T19:51:40+00:00","dateModified":"2022-10-24T19:09:24+00:00","description":"Le DyzeXtruder GT Kit Manufacturier est un kit est destin\u00e9 \u00e0 maximiser la r\u00e9duction des co\u00fbts pour des \u00e9conomies optimales.","breadcrumb":{"@id":"https:\/\/dyzedesign.com\/fr\/boutique\/re-fr\/kit-manufacturier-dyzextruder-gt\/#breadcrumb"},"inLanguage":"fr-FR","potentialAction":[{"@type":"ReadAction","target":["https:\/\/dyzedesign.com\/fr\/boutique\/re-fr\/kit-manufacturier-dyzextruder-gt\/"]}]},{"@type":"ImageObject","inLanguage":"fr-FR","@id":"https:\/\/dyzedesign.com\/fr\/boutique\/re-fr\/kit-manufacturier-dyzextruder-gt\/#primaryimage","url":"\/cdn-cgi\/image\/quality=80,format=auto,onerror=redirect,metadata=none\/wp-content\/uploads\/2018\/02\/dyzextruder_GT_3.jpg","contentUrl":"\/cdn-cgi\/image\/quality=80,format=auto,onerror=redirect,metadata=none\/wp-content\/uploads\/2018\/02\/dyzextruder_GT_3.jpg","width":2000,"height":2000,"caption":"DyzeXtruder GT \u2013 Kit Manufacturier"},{"@type":"BreadcrumbList","@id":"https:\/\/dyzedesign.com\/fr\/boutique\/re-fr\/kit-manufacturier-dyzextruder-gt\/#breadcrumb","itemListElement":[{"@type":"ListItem","position":1,"name":"Home","item":"https:\/\/dyzedesign.com\/"},{"@type":"ListItem","position":2,"name":"Boutique","item":"https:\/\/dyzedesign.com\/fr\/boutique\/"},{"@type":"ListItem","position":3,"name":"DyzeXtruder GT \u2013 Kit Manufacturier"}]},{"@type":"WebSite","@id":"https:\/\/dyzedesign.com\/#website","url":"https:\/\/dyzedesign.com\/","name":"DYZE DESIGN","description":"","publisher":{"@id":"https:\/\/dyzedesign.com\/#organization"},"potentialAction":[{"@type":"SearchAction","target":{"@type":"EntryPoint","urlTemplate":"https:\/\/dyzedesign.com\/?s={search_term_string}"},"query-input":{"@type":"PropertyValueSpecification","valueRequired":true,"valueName":"search_term_string"}}],"inLanguage":"fr-FR"},{"@type":"Organization","@id":"https:\/\/dyzedesign.com\/#organization","name":"Dyze Design","url":"https:\/\/dyzedesign.com\/","logo":{"@type":"ImageObject","inLanguage":"fr-FR","@id":"https:\/\/dyzedesign.com\/#\/schema\/logo\/image\/","url":"https:\/\/dyzedesign.com\/wp-content\/uploads\/2016\/11\/DYZE_logo_RGB_PNG-web.png","contentUrl":"https:\/\/dyzedesign.com\/wp-content\/uploads\/2016\/11\/DYZE_logo_RGB_PNG-web.png","width":451,"height":225,"caption":"Dyze Design"},"image":{"@id":"https:\/\/dyzedesign.com\/#\/schema\/logo\/image\/"},"sameAs":["https:\/\/www.facebook.com\/dyzedesign\/"]}]}},"_links":{"self":[{"href":"https:\/\/dyzedesign.com\/fr\/wp-json\/wp\/v2\/product\/14861","targetHints":{"allow":["GET"]}}],"collection":[{"href":"https:\/\/dyzedesign.com\/fr\/wp-json\/wp\/v2\/product"}],"about":[{"href":"https:\/\/dyzedesign.com\/fr\/wp-json\/wp\/v2\/types\/product"}],"replies":[{"embeddable":true,"href":"https:\/\/dyzedesign.com\/fr\/wp-json\/wp\/v2\/comments?post=14861"}],"version-history":[{"count":0,"href":"https:\/\/dyzedesign.com\/fr\/wp-json\/wp\/v2\/product\/14861\/revisions"}],"wp:featuredmedia":[{"embeddable":true,"href":"https:\/\/dyzedesign.com\/fr\/wp-json\/wp\/v2\/media\/30524"}],"wp:attachment":[{"href":"https:\/\/dyzedesign.com\/fr\/wp-json\/wp\/v2\/media?parent=14861"}],"wp:term":[{"taxonomy":"product_cat","embeddable":true,"href":"https:\/\/dyzedesign.com\/fr\/wp-json\/wp\/v2\/product_cat?post=14861"},{"taxonomy":"product_tag","embeddable":true,"href":"https:\/\/dyzedesign.com\/fr\/wp-json\/wp\/v2\/product_tag?post=14861"}],"curies":[{"name":"wp","href":"https:\/\/api.w.org\/{rel}","templated":true}]}}