{"id":29820,"date":"2023-01-13T17:01:34","date_gmt":"2023-01-13T22:01:34","guid":{"rendered":"https:\/\/dyzedesign.com\/?page_id=29820"},"modified":"2023-01-16T10:09:53","modified_gmt":"2023-01-16T15:09:53","slug":"horizon","status":"publish","type":"page","link":"https:\/\/dyzedesign.com\/fr\/horizon\/","title":{"rendered":"HoriZon\u2122"},"content":{"rendered":"<div class=\"wpb-content-wrapper\"><p>[vc_row full_width=&nbsp;&raquo;stretch_row&nbsp;&raquo; css=&nbsp;&raquo;.vc_custom_1534948090896{background-color: #f2f2f2 !important;}&nbsp;&raquo;][vc_column el_id=&nbsp;&raquo;inpage-nav&nbsp;&raquo; el_class=&nbsp;&raquo;inpage-nav&nbsp;&raquo;][vc_column_text css=&nbsp;&raquo;.vc_custom_1673614880227{margin-top: -35px !important;}&nbsp;&raquo;]<\/p>\n<ul class=\"inpage-nav-items\">\n<li><a class=\"scroll\" href=\"#overview\">Overview<\/a><\/li>\n<li><a class=\"scroll\" href=\"#tech-specs\">Tech Specs<\/a><\/li>\n<li><a class=\"button\" style=\"color: #ffffff;\" href=\"https:\/\/dyzedesign.com\/shop\/accessories\/horizon-auto-bed-leveling-sensor\/\">Buy<\/a><\/li>\n<\/ul>\n<p>[\/vc_column_text][\/vc_column][\/vc_row][vc_row full_width=&nbsp;&raquo;stretch_row&nbsp;&raquo; css=&nbsp;&raquo;.vc_custom_1534948362339{padding-top: 40px !important;padding-bottom: 60px !important;background-color: #f2f2f2 !important;}&nbsp;&raquo;][vc_column width=&nbsp;&raquo;1\/6&Prime;][\/vc_column][vc_column width=&nbsp;&raquo;2\/3&Prime;][vc_custom_heading text=&nbsp;&raquo;HoriZon\u2122&nbsp;&raquo; font_container=&nbsp;&raquo;tag:h1|font_size:40px|text_align:center|line_height:50px&nbsp;&raquo; google_fonts=&nbsp;&raquo;font_family:Poppins%3Aregular|font_style:500%20bold%20regular%3A500%3Anormal&nbsp;&raquo; css_animation=&nbsp;&raquo;fadeInUp&nbsp;&raquo; css=&nbsp;&raquo;.vc_custom_1613494559089{padding-bottom: 20px !important;}&nbsp;&raquo;][vc_custom_heading text=&nbsp;&raquo;Easy Automatic Bed Leveling&nbsp;&raquo; font_container=&nbsp;&raquo;tag:h2|font_size:72px|text_align:center|line_height:75px&nbsp;&raquo; use_theme_fonts=&nbsp;&raquo;yes&nbsp;&raquo; css_animation=&nbsp;&raquo;fadeInUp&nbsp;&raquo; css=&nbsp;&raquo;.vc_custom_1623943003425{padding-bottom: 10px !important;}&nbsp;&raquo;][vc_single_image image=&nbsp;&raquo;32543&Prime; img_size=&nbsp;&raquo;500&#215;625&Prime; alignment=&nbsp;&raquo;center&nbsp;&raquo; css_animation=&nbsp;&raquo;fadeInUp&nbsp;&raquo; css=&nbsp;&raquo;.vc_custom_1671205250102{margin-bottom: 0px !important;}&nbsp;&raquo;][vc_custom_heading text=&nbsp;&raquo;HoriZon\u2122 is an auto-leveling sensor, saving time and facilitating your leveling process. Say goodbye to manually adjust screws to level the build platform, HoriZon\u2122 makes it easy to ensure you are printing on a level bed every time.&nbsp;&raquo; font_container=&nbsp;&raquo;tag:p|font_size:18px|text_align:center|color:%23333333|line_height:25px&nbsp;&raquo; use_theme_fonts=&nbsp;&raquo;yes&nbsp;&raquo; css_animation=&nbsp;&raquo;fadeInUp&nbsp;&raquo; css=&nbsp;&raquo;.vc_custom_1623943048820{padding-bottom: 15px !important;}&nbsp;&raquo;][vc_btn title=&nbsp;&raquo;BUY NOW&nbsp;&raquo; style=&nbsp;&raquo;custom&nbsp;&raquo; custom_background=&nbsp;&raquo;#2e5b8a&nbsp;&raquo; custom_text=&nbsp;&raquo;#ffffff&nbsp;&raquo; shape=&nbsp;&raquo;square&nbsp;&raquo; size=&nbsp;&raquo;lg&nbsp;&raquo; align=&nbsp;&raquo;center&nbsp;&raquo; css_animation=&nbsp;&raquo;fadeInUp&nbsp;&raquo; link=&nbsp;&raquo;url:https%3A%2F%2Fdyzedesign.com%2Fshop%2Faccessories%2Fhorizon-auto-bed-leveling-sensor%2F|&nbsp;&raquo; css=&nbsp;&raquo;.vc_custom_1673617094824{padding-top: 25px !important;}&nbsp;&raquo;][vc_custom_heading text=&nbsp;&raquo;Only $130 CA&nbsp;&raquo; font_container=&nbsp;&raquo;tag:h4|font_size:24px|text_align:center|color:%23333333&Prime; use_theme_fonts=&nbsp;&raquo;yes&nbsp;&raquo; css_animation=&nbsp;&raquo;fadeInUp&nbsp;&raquo; css=&nbsp;&raquo;.vc_custom_1668456738193{padding-bottom: 15px !important;}&nbsp;&raquo;][\/vc_column][vc_column width=&nbsp;&raquo;1\/6&Prime;][\/vc_column][\/vc_row][vc_row css=&nbsp;&raquo;.vc_custom_1534948767757{padding-top: 70px !important;}&nbsp;&raquo; el_id=&nbsp;&raquo;overview&nbsp;&raquo;][vc_column][vc_custom_heading text=&nbsp;&raquo;Designed for high-performance professional printing&nbsp;&raquo; font_container=&nbsp;&raquo;tag:h2|text_align:center&nbsp;&raquo; use_theme_fonts=&nbsp;&raquo;yes&nbsp;&raquo; css_animation=&nbsp;&raquo;fadeInUp&nbsp;&raquo; css=&nbsp;&raquo;.vc_custom_1546451026669{padding-bottom: 10px !important;}&nbsp;&raquo;][\/vc_column][\/vc_row][vc_row full_width=&nbsp;&raquo;stretch_row_content&nbsp;&raquo; css_animation=&nbsp;&raquo;none&nbsp;&raquo; css=&nbsp;&raquo;.vc_custom_1533842170451{padding-right: 25px !important;padding-bottom: 70px !important;padding-left: 25px !important;background-color: #ffffff !important;}&nbsp;&raquo;][vc_column css_animation=&nbsp;&raquo;fadeInUp&nbsp;&raquo; width=&nbsp;&raquo;1\/3&Prime;]<div class=\"content_video  auto-wh\"><div class=\"section_video\"><div class=\"mask\"><\/div><video class=\"mcb-video\" poster=\"\" style=\"max-width:100%; \" autoplay=\"1\" controls=\"1\" loop=\"1\" muted=\"1\" ><source type=\"video\/mp4\" src=\"https:\/\/dyzedesign.com\/wp-content\/uploads\/2023\/01\/homing.mp4\" \/><\/video><\/div><\/div>\n[vc_column_text]<\/p>\n<h3 style=\"text-align: left;\">Automatic Homing<\/h3>\n<p style=\"text-align: left;\">HoriZon\u2122 automatically finds the homing position.<\/p>\n<p>[\/vc_column_text][\/vc_column][vc_column css_animation=&nbsp;&raquo;fadeInUp&nbsp;&raquo; width=&nbsp;&raquo;1\/3&Prime;]<div class=\"content_video  auto-wh\"><div class=\"section_video\"><div class=\"mask\"><\/div><video class=\"mcb-video\" poster=\"\" style=\"max-width:100%; \" autoplay=\"1\" controls=\"1\" loop=\"1\" muted=\"1\" ><source type=\"video\/mp4\" src=\"https:\/\/dyzedesign.com\/wp-content\/uploads\/2023\/01\/hot_nozzle-1.mp4\" \/><\/video><\/div><\/div>\n[vc_column_text]<\/p>\n<h3 style=\"text-align: left;\">Works with hot nozzle<\/h3>\n<p style=\"text-align: left;\">It is possible to level the bed even when the nozzle is hot. It is convenient for thermal expansion, because there are no solid plastics that could distort the calibration.<\/p>\n<p>[\/vc_column_text][\/vc_column][vc_column width=&nbsp;&raquo;1\/3&Prime;]<div class=\"content_video  auto-wh\"><div class=\"section_video\"><div class=\"mask\"><\/div><video class=\"mcb-video\" poster=\"\" style=\"max-width:100%; \" autoplay=\"1\" controls=\"1\" loop=\"1\" muted=\"1\" ><source type=\"video\/mp4\" src=\"https:\/\/dyzedesign.com\/wp-content\/uploads\/2023\/01\/repeatability.mp4\" \/><\/video><\/div><\/div>\n[vc_column_text]<\/p>\n<h3 style=\"text-align: left;\">Repeatability of less than 5\u03bcm*<\/h3>\n<p style=\"text-align: left;\">HoriZon\u2122 will always probe at the exact same height, each time. With repeatability of less than 10\u03bcm, your calibration will always give the same results.<\/p>\n<p>*<span style=\"font-weight: 400;\">With an extremely stable printer, we are able to achieve a repeatability of 0.04<\/span>\u03bcm[\/vc_column_text][\/vc_column][\/vc_row][vc_row full_width=&nbsp;&raquo;stretch_row_content&nbsp;&raquo; content_placement=&nbsp;&raquo;middle&nbsp;&raquo; css=&nbsp;&raquo;.vc_custom_1673538176009{padding-top: 55px !important;padding-bottom: 20px !important;background-color: #f2f2f2 !important;}&nbsp;&raquo;][vc_column width=&nbsp;&raquo;1\/2&Prime;]<div class=\"content_video  auto-wh\"><div class=\"section_video\"><div class=\"mask\"><\/div><video class=\"mcb-video\" poster=\"\" style=\"max-width:100%; \" autoplay=\"1\" controls=\"1\" loop=\"1\" muted=\"1\" ><source type=\"video\/mp4\" src=\"https:\/\/dyzedesign.com\/wp-content\/uploads\/2023\/01\/probe.mp4\" \/><\/video><\/div><\/div>\n[vc_column_text]<\/p>\n<h2 style=\"text-align: center;\">Auto Bed Leveling<\/h2>\n<p style=\"text-align: left;\">The HoriZon\u2122 transforms your nozzle into a probe you can use to auto-level your bed. In this way, you are able to compensate for an uneven bed by adjusting the nozzle height during printing.<\/p>\n<p>[\/vc_column_text][\/vc_column][vc_column width=&nbsp;&raquo;1\/2&Prime;]<div class=\"content_video  auto-wh\"><div class=\"section_video\"><div class=\"mask\"><\/div><video class=\"mcb-video\" poster=\"\" style=\"max-width:100%; \" autoplay=\"1\" controls=\"1\" loop=\"1\" muted=\"1\" ><source type=\"video\/mp4\" src=\"https:\/\/dyzedesign.com\/wp-content\/uploads\/2023\/01\/egg_test_compress.mp4\" \/><\/video><\/div><\/div>\n[vc_column_text]<\/p>\n<h2 style=\"text-align: center;\">Protects the extrusion head and your bed<\/h2>\n<p style=\"text-align: left;\">Due to its high sensitivity and high reaction time, HoriZon\u2122 will protect your nozzle and your build surface. As soon as your nozzle tip touches the build surface, it will instantanaly stop the printer movement.<\/p>\n<p>[\/vc_column_text][\/vc_column][\/vc_row][vc_row full_width=&nbsp;&raquo;stretch_row_content&nbsp;&raquo; css_animation=&nbsp;&raquo;none&nbsp;&raquo; css=&nbsp;&raquo;.vc_custom_1533842170451{padding-right: 25px !important;padding-bottom: 70px !important;padding-left: 25px !important;background-color: #ffffff !important;}&nbsp;&raquo;][vc_column css_animation=&nbsp;&raquo;fadeInUp&nbsp;&raquo; width=&nbsp;&raquo;1\/3&Prime;][vc_single_image image=&nbsp;&raquo;32686&Prime; img_size=&nbsp;&raquo;600&#215;340&Prime;][vc_column_text]<\/p>\n<h3 style=\"text-align: left;\">Maximum Clearance<\/h3>\n<p style=\"text-align: left;\"><span style=\"font-weight: 400;\">The auto bed leveling sensor takes up no extra space around your extrusion head. The HoriZon\u2122 is mounted between your carriage and extruder or hotend.<\/span><\/p>\n<p>\u00a0[\/vc_column_text][\/vc_column][vc_column css_animation=&nbsp;&raquo;fadeInUp&nbsp;&raquo; width=&nbsp;&raquo;1\/3&Prime;]<div class=\"content_video  auto-wh\"><div class=\"section_video\"><div class=\"mask\"><\/div><video class=\"mcb-video\" poster=\"\" style=\"max-width:100%; \" autoplay=\"1\" controls=\"1\" loop=\"1\" muted=\"1\" ><source type=\"video\/mp4\" src=\"https:\/\/dyzedesign.com\/wp-content\/uploads\/2023\/01\/height_adjustment.mp4\" \/><\/video><\/div><\/div>\n[vc_empty_space height=&nbsp;&raquo;5px&nbsp;&raquo;][vc_column_text]<\/p>\n<h3 style=\"text-align: left;\">Intuitive &amp; Easy Height Adjustments<\/h3>\n<p style=\"text-align: left;\">Horizon\u2122 also enables the Z-Offset to be automatically adjusted. There\u2019s no need to update the firmware again if you somehow change the form factor of your hotend or nozzle.<\/p>\n<p>[\/vc_column_text][\/vc_column][vc_column css_animation=&nbsp;&raquo;fadeInUp&nbsp;&raquo; width=&nbsp;&raquo;1\/3&Prime;][vc_single_image image=&nbsp;&raquo;32693&Prime; img_size=&nbsp;&raquo;full&nbsp;&raquo;][vc_column_text]<\/p>\n<h3 style=\"text-align: left;\">Compatible with most popular extruders<\/h3>\n<p style=\"text-align: left;\">HoriZon\u2122 can be installed on several popular extruder on the market. For example, it is compatible with extruders such as Bondtech BMG, E3D Titan and many others.<\/p>\n<p>[\/vc_column_text][\/vc_column][\/vc_row][vc_row full_width=&nbsp;&raquo;stretch_row_content&nbsp;&raquo; content_placement=&nbsp;&raquo;middle&nbsp;&raquo; css_animation=&nbsp;&raquo;none&nbsp;&raquo; css=&nbsp;&raquo;.vc_custom_1547060833038{background-color: #f2f2f2 !important;}&nbsp;&raquo;][vc_column css_animation=&nbsp;&raquo;fadeInUp&nbsp;&raquo; width=&nbsp;&raquo;1\/2&Prime;][vc_column_text]<\/p>\n<h3 style=\"text-align: center;\">Easy Installation<\/h3>\n<p style=\"text-align: center;\">Installing the HoriZon\u2122 on your 3d printer is very easy. You only need two screws to mount the HoriZon between the extruder and the carriage.<\/p>\n<p>[\/vc_column_text][\/vc_column][vc_column css_animation=&nbsp;&raquo;fadeInUp&nbsp;&raquo; width=&nbsp;&raquo;1\/2&Prime;]<div class=\"content_video  auto-wh\"><div class=\"section_video\"><div class=\"mask\"><\/div><video class=\"mcb-video\" poster=\"\" style=\"max-width:100%; \" autoplay=\"1\" controls=\"1\" loop=\"1\" muted=\"1\" ><source type=\"video\/mp4\" src=\"https:\/\/dyzedesign.com\/wp-content\/uploads\/2023\/01\/easy.mp4\" \/><\/video><\/div><\/div>\n[\/vc_column][\/vc_row][vc_row css=&nbsp;&raquo;.vc_custom_1534948793864{padding-top: 25px !important;}&nbsp;&raquo; el_id=&nbsp;&raquo;tech-specs&nbsp;&raquo;][vc_column][vc_custom_heading text=&nbsp;&raquo;Technical Information&nbsp;&raquo; font_container=&nbsp;&raquo;tag:h2|text_align:center|line_height:35px&nbsp;&raquo; use_theme_fonts=&nbsp;&raquo;yes&nbsp;&raquo; css=&nbsp;&raquo;.vc_custom_1527696933425{padding-bottom: 20px !important;}&nbsp;&raquo;][\/vc_column][\/vc_row][vc_row css=&nbsp;&raquo;.vc_custom_1546542779721{padding-bottom: 45px !important;}&nbsp;&raquo;][vc_column width=&nbsp;&raquo;1\/2&Prime;][vc_column_text]<\/p>\n<table class=\" alignleft\">\n<tbody>\n<tr>\n<td>Parameter<\/p>\n<p>&nbsp;<\/td>\n<td>Min<\/td>\n<td>Typical<\/td>\n<td>&nbsp;<\/p>\n<p>Max<\/p>\n<p>&nbsp;<\/td>\n<td>&nbsp;<\/p>\n<p>Units<\/p>\n<p>&nbsp;<\/td>\n<\/tr>\n<tr>\n<td>Tension<\/td>\n<td>\u00a0 3.3<\/td>\n<td>\u00a0 \u00a0 5<\/td>\n<td>\u00a06<\/td>\n<td style=\"text-align: center;\">V<\/td>\n<\/tr>\n<tr>\n<td>Current<\/td>\n<td>15<\/td>\n<td>\u00a0 \u00a028<\/td>\n<td>35<\/td>\n<td style=\"text-align: center;\">mA<\/td>\n<\/tr>\n<tr>\n<td>Output logic<\/td>\n<td>3.3<\/td>\n<td>\u00a0 High\/Low<\/td>\n<td>6<\/td>\n<td style=\"text-align: center;\">V<\/td>\n<\/tr>\n<tr>\n<td>Output analog<\/td>\n<td>0<\/td>\n<td><\/td>\n<td>3<\/td>\n<td style=\"text-align: center;\">V<\/td>\n<\/tr>\n<tr>\n<td>Detection force<\/td>\n<td><\/td>\n<td>\u00a0 \u00a0 0.57<\/td>\n<td><\/td>\n<td style=\"text-align: center;\">N<\/td>\n<\/tr>\n<tr>\n<td>Temperature<\/td>\n<td>\u00a0 \u00a00<\/td>\n<td>\u00a0 \u00a0 21<\/td>\n<td>40<\/td>\n<td style=\"text-align: center;\"><span style=\"font-weight: 400;\">\u2103<\/span><\/td>\n<\/tr>\n<tr>\n<td>Mounting hole<\/td>\n<td><\/td>\n<td>\u00a0 \u00a0 M3<\/td>\n<td><\/td>\n<td style=\"text-align: center;\">mm<\/td>\n<\/tr>\n<\/tbody>\n<\/table>\n<p>[\/vc_column_text][\/vc_column][vc_column width=&nbsp;&raquo;1\/2&Prime;][vc_single_image image=&nbsp;&raquo;32714&Prime; img_size=&nbsp;&raquo;300&#215;400&Prime; alignment=&nbsp;&raquo;center&nbsp;&raquo; onclick=&nbsp;&raquo;link_image&nbsp;&raquo; css=&nbsp;&raquo;.vc_custom_1673635799264{padding-top: 50px !important;}&nbsp;&raquo;][\/vc_column][\/vc_row][vc_row css=&nbsp;&raquo;.vc_custom_1527696403464{padding-bottom: 35px !important;}&nbsp;&raquo;][vc_column width=&nbsp;&raquo;1\/2&Prime;][vc_btn title=&nbsp;&raquo;HoriZon Support&nbsp;&raquo; style=&nbsp;&raquo;custom&nbsp;&raquo; custom_background=&nbsp;&raquo;#2e5b8a&nbsp;&raquo; custom_text=&nbsp;&raquo;#ffffff&nbsp;&raquo; shape=&nbsp;&raquo;square&nbsp;&raquo; align=&nbsp;&raquo;center&nbsp;&raquo; link=&nbsp;&raquo;url:https%3A%2F%2Fdocs.dyzedesign.com%2Fhorizon.html|&nbsp;&raquo;][\/vc_column][vc_column width=&nbsp;&raquo;1\/2&Prime;][vc_btn title=&nbsp;&raquo;Download 3D CAD&nbsp;&raquo; style=&nbsp;&raquo;custom&nbsp;&raquo; custom_background=&nbsp;&raquo;#2e5b8a&nbsp;&raquo; custom_text=&nbsp;&raquo;#ffffff&nbsp;&raquo; shape=&nbsp;&raquo;square&nbsp;&raquo; align=&nbsp;&raquo;center&nbsp;&raquo; link=&nbsp;&raquo;url:https%3A%2F%2Fdrive.google.com%2Fdrive%2Ffolders%2F16eO4_xPrWGnJ2xAlFcKO63FUNpPeaZGI%3Fusp%3Dshare_link|&nbsp;&raquo;][\/vc_column][\/vc_row][vc_row full_width=&nbsp;&raquo;stretch_row&nbsp;&raquo; video_bg=&nbsp;&raquo;yes&nbsp;&raquo; video_bg_url=&nbsp;&raquo;https:\/\/www.youtube.com\/watch?v=ZE3T7wUDMGM&nbsp;&raquo; css_animation=&nbsp;&raquo;none&nbsp;&raquo; css=&nbsp;&raquo;.vc_custom_1527688433378{padding-top: 25px !important;padding-bottom: 35px !important;background-color: #f2f2f2 !important;}&nbsp;&raquo;][vc_column css_animation=&nbsp;&raquo;none&nbsp;&raquo;][vc_cta h2=&nbsp;&raquo;Ready for a 3d printer upgrade?&nbsp;&raquo; h4=&nbsp;&raquo;Configure your own DyzEnd Pro now&nbsp;&raquo; txt_align=&nbsp;&raquo;center&nbsp;&raquo; style=&nbsp;&raquo;3d&nbsp;&raquo; color=&nbsp;&raquo;white&nbsp;&raquo; el_width=&nbsp;&raquo;lg&nbsp;&raquo; add_button=&nbsp;&raquo;bottom&nbsp;&raquo; btn_title=&nbsp;&raquo;Buy Now&nbsp;&raquo; btn_style=&nbsp;&raquo;custom&nbsp;&raquo; btn_custom_background=&nbsp;&raquo;#29527c&nbsp;&raquo; btn_custom_text=&nbsp;&raquo;#ffffff&nbsp;&raquo; btn_shape=&nbsp;&raquo;square&nbsp;&raquo; btn_align=&nbsp;&raquo;center&nbsp;&raquo; btn_link=&nbsp;&raquo;url:https%3A%2F%2Fdyzedesign.com%2Ffr%2Fboutique%2Ftetes-chauffantes%2Fdyzend-pro-tete-chauffante-1-75mm%2F|&nbsp;&raquo;]<\/p>\n<p style=\"text-align: center;\">If you want to improve the finish quality of your 3d prints, don&rsquo;t wait and upgrade your 3d printer\u00a0hotend\u00a0with DyzEnd\u00a0Pro.<\/p>\n<p>[\/vc_cta][\/vc_column][\/vc_row]<\/p>\n<\/div>","protected":false},"excerpt":{"rendered":"<p>[vc_row full_width=&nbsp;&raquo;stretch_row&nbsp;&raquo; css=&nbsp;&raquo;.vc_custom_1534948090896{background-color: #f2f2f2 !important;}&nbsp;&raquo;][vc_column el_id=&nbsp;&raquo;inpage-nav&nbsp;&raquo; el_class=&nbsp;&raquo;inpage-nav&nbsp;&raquo;][vc_column_text css=&nbsp;&raquo;.vc_custom_1673614880227{margin-top: -35px !important;}&nbsp;&raquo;] Overview Tech Specs Buy [\/vc_column_text][\/vc_column][\/vc_row][vc_row full_width=&nbsp;&raquo;stretch_row&nbsp;&raquo; css=&nbsp;&raquo;.vc_custom_1534948362339{padding-top: 40px !important;padding-bottom: 60px !important;background-color: #f2f2f2 !important;}&nbsp;&raquo;][vc_column width=&nbsp;&raquo;1\/6&Prime;][\/vc_column][vc_column width=&nbsp;&raquo;2\/3&Prime;][vc_custom_heading text=&nbsp;&raquo;HoriZon\u2122&nbsp;&raquo; font_container=&nbsp;&raquo;tag:h1|font_size:40px|text_align:center|line_height:50px&nbsp;&raquo; google_fonts=&nbsp;&raquo;font_family:Poppins%3Aregular|font_style:500%20bold%20regular%3A500%3Anormal&nbsp;&raquo; css_animation=&nbsp;&raquo;fadeInUp&nbsp;&raquo; css=&nbsp;&raquo;.vc_custom_1613494559089{padding-bottom: 20px !important;}&nbsp;&raquo;][vc_custom_heading text=&nbsp;&raquo;Easy Automatic Bed Leveling&nbsp;&raquo; font_container=&nbsp;&raquo;tag:h2|font_size:72px|text_align:center|line_height:75px&nbsp;&raquo; use_theme_fonts=&nbsp;&raquo;yes&nbsp;&raquo; css_animation=&nbsp;&raquo;fadeInUp&nbsp;&raquo; css=&nbsp;&raquo;.vc_custom_1623943003425{padding-bottom:<span class=\"excerpt-hellip\"> [\u2026]<\/span><\/p>\n","protected":false},"author":2380,"featured_media":0,"parent":0,"menu_order":0,"comment_status":"closed","ping_status":"closed","template":"","meta":{"footnotes":""},"class_list":["post-29820","page","type-page","status-publish","hentry"],"yoast_head":"<!-- This site is optimized with the Yoast SEO plugin v27.2 - https:\/\/yoast.com\/product\/yoast-seo-wordpress\/ -->\n<title>HoriZon\u2122: Haute performance, Haute Temp - DYZE DESIGN<\/title>\n<meta name=\"description\" content=\"DyzEnd Pro est l&#039;une des plus petites et performante t\u00eate chauffante. Id\u00e9al pour les environnements ferm\u00e9s et les mat\u00e9riaux \u00e0 haute temp\u00e9rature (PEEK, ULTEM).\" \/>\n<meta name=\"robots\" content=\"index, follow, max-snippet:-1, max-image-preview:large, max-video-preview:-1\" \/>\n<link rel=\"canonical\" href=\"https:\/\/dyzedesign.com\/fr\/horizon\/\" \/>\n<meta property=\"og:locale\" content=\"fr_FR\" \/>\n<meta property=\"og:type\" content=\"article\" \/>\n<meta property=\"og:title\" content=\"HoriZon\u2122: Haute performance, Haute Temp - DYZE DESIGN\" \/>\n<meta property=\"og:description\" content=\"DyzEnd Pro est l&#039;une des plus petites et performante t\u00eate chauffante. Id\u00e9al pour les environnements ferm\u00e9s et les mat\u00e9riaux \u00e0 haute temp\u00e9rature (PEEK, ULTEM).\" \/>\n<meta property=\"og:url\" content=\"https:\/\/dyzedesign.com\/fr\/horizon\/\" \/>\n<meta property=\"og:site_name\" content=\"DYZE DESIGN\" \/>\n<meta property=\"article:publisher\" content=\"https:\/\/www.facebook.com\/dyzedesign\/\" \/>\n<meta property=\"article:modified_time\" content=\"2023-01-16T15:09:53+00:00\" \/>\n<meta property=\"og:image\" content=\"https:\/\/dyzedesign.com\/wp-content\/uploads\/2022\/12\/IMG_1867r-scaled.jpg\" \/>\n\t<meta property=\"og:image:width\" content=\"2048\" \/>\n\t<meta property=\"og:image:height\" content=\"1365\" \/>\n\t<meta property=\"og:image:type\" content=\"image\/jpeg\" \/>\n<meta name=\"twitter:card\" content=\"summary_large_image\" \/>\n<meta name=\"twitter:label1\" content=\"Dur\u00e9e de lecture estim\u00e9e\" \/>\n\t<meta name=\"twitter:data1\" content=\"4 minutes\" \/>\n<script type=\"application\/ld+json\" class=\"yoast-schema-graph\">{\"@context\":\"https:\/\/schema.org\",\"@graph\":[{\"@type\":[\"WebPage\",\"ItemPage\"],\"@id\":\"https:\/\/dyzedesign.com\/fr\/horizon\/\",\"url\":\"https:\/\/dyzedesign.com\/fr\/horizon\/\",\"name\":\"HoriZon\u2122: Haute performance, Haute Temp - DYZE DESIGN\",\"isPartOf\":{\"@id\":\"https:\/\/dyzedesign.com\/#website\"},\"datePublished\":\"2023-01-13T22:01:34+00:00\",\"dateModified\":\"2023-01-16T15:09:53+00:00\",\"description\":\"DyzEnd Pro est l'une des plus petites et performante t\u00eate chauffante. Id\u00e9al pour les environnements ferm\u00e9s et les mat\u00e9riaux \u00e0 haute temp\u00e9rature (PEEK, ULTEM).\",\"breadcrumb\":{\"@id\":\"https:\/\/dyzedesign.com\/fr\/horizon\/#breadcrumb\"},\"inLanguage\":\"fr-FR\",\"potentialAction\":[{\"@type\":\"ReadAction\",\"target\":[\"https:\/\/dyzedesign.com\/fr\/horizon\/\"]}]},{\"@type\":\"BreadcrumbList\",\"@id\":\"https:\/\/dyzedesign.com\/fr\/horizon\/#breadcrumb\",\"itemListElement\":[{\"@type\":\"ListItem\",\"position\":1,\"name\":\"Home\",\"item\":\"https:\/\/dyzedesign.com\/\"},{\"@type\":\"ListItem\",\"position\":2,\"name\":\"HoriZon\u2122\"}]},{\"@type\":\"WebSite\",\"@id\":\"https:\/\/dyzedesign.com\/#website\",\"url\":\"https:\/\/dyzedesign.com\/\",\"name\":\"DYZE DESIGN\",\"description\":\"\",\"publisher\":{\"@id\":\"https:\/\/dyzedesign.com\/#organization\"},\"potentialAction\":[{\"@type\":\"SearchAction\",\"target\":{\"@type\":\"EntryPoint\",\"urlTemplate\":\"https:\/\/dyzedesign.com\/?s={search_term_string}\"},\"query-input\":{\"@type\":\"PropertyValueSpecification\",\"valueRequired\":true,\"valueName\":\"search_term_string\"}}],\"inLanguage\":\"fr-FR\"},{\"@type\":\"Organization\",\"@id\":\"https:\/\/dyzedesign.com\/#organization\",\"name\":\"Dyze Design\",\"url\":\"https:\/\/dyzedesign.com\/\",\"logo\":{\"@type\":\"ImageObject\",\"inLanguage\":\"fr-FR\",\"@id\":\"https:\/\/dyzedesign.com\/#\/schema\/logo\/image\/\",\"url\":\"https:\/\/dyzedesign.com\/wp-content\/uploads\/2016\/11\/DYZE_logo_RGB_PNG-web.png\",\"contentUrl\":\"https:\/\/dyzedesign.com\/wp-content\/uploads\/2016\/11\/DYZE_logo_RGB_PNG-web.png\",\"width\":451,\"height\":225,\"caption\":\"Dyze Design\"},\"image\":{\"@id\":\"https:\/\/dyzedesign.com\/#\/schema\/logo\/image\/\"},\"sameAs\":[\"https:\/\/www.facebook.com\/dyzedesign\/\"]}]}<\/script>\n<!-- \/ Yoast SEO plugin. -->","yoast_head_json":{"title":"HoriZon\u2122: Haute performance, Haute Temp - DYZE DESIGN","description":"DyzEnd Pro est l'une des plus petites et performante t\u00eate chauffante. Id\u00e9al pour les environnements ferm\u00e9s et les mat\u00e9riaux \u00e0 haute temp\u00e9rature (PEEK, ULTEM).","robots":{"index":"index","follow":"follow","max-snippet":"max-snippet:-1","max-image-preview":"max-image-preview:large","max-video-preview":"max-video-preview:-1"},"canonical":"https:\/\/dyzedesign.com\/fr\/horizon\/","og_locale":"fr_FR","og_type":"article","og_title":"HoriZon\u2122: Haute performance, Haute Temp - DYZE DESIGN","og_description":"DyzEnd Pro est l'une des plus petites et performante t\u00eate chauffante. Id\u00e9al pour les environnements ferm\u00e9s et les mat\u00e9riaux \u00e0 haute temp\u00e9rature (PEEK, ULTEM).","og_url":"https:\/\/dyzedesign.com\/fr\/horizon\/","og_site_name":"DYZE DESIGN","article_publisher":"https:\/\/www.facebook.com\/dyzedesign\/","article_modified_time":"2023-01-16T15:09:53+00:00","og_image":[{"width":2048,"height":1365,"url":"https:\/\/dyzedesign.com\/wp-content\/uploads\/2022\/12\/IMG_1867r-scaled.jpg","type":"image\/jpeg"}],"twitter_card":"summary_large_image","twitter_misc":{"Dur\u00e9e de lecture estim\u00e9e":"4 minutes"},"schema":{"@context":"https:\/\/schema.org","@graph":[{"@type":["WebPage","ItemPage"],"@id":"https:\/\/dyzedesign.com\/fr\/horizon\/","url":"https:\/\/dyzedesign.com\/fr\/horizon\/","name":"HoriZon\u2122: Haute performance, Haute Temp - DYZE DESIGN","isPartOf":{"@id":"https:\/\/dyzedesign.com\/#website"},"datePublished":"2023-01-13T22:01:34+00:00","dateModified":"2023-01-16T15:09:53+00:00","description":"DyzEnd Pro est l'une des plus petites et performante t\u00eate chauffante. Id\u00e9al pour les environnements ferm\u00e9s et les mat\u00e9riaux \u00e0 haute temp\u00e9rature (PEEK, ULTEM).","breadcrumb":{"@id":"https:\/\/dyzedesign.com\/fr\/horizon\/#breadcrumb"},"inLanguage":"fr-FR","potentialAction":[{"@type":"ReadAction","target":["https:\/\/dyzedesign.com\/fr\/horizon\/"]}]},{"@type":"BreadcrumbList","@id":"https:\/\/dyzedesign.com\/fr\/horizon\/#breadcrumb","itemListElement":[{"@type":"ListItem","position":1,"name":"Home","item":"https:\/\/dyzedesign.com\/"},{"@type":"ListItem","position":2,"name":"HoriZon\u2122"}]},{"@type":"WebSite","@id":"https:\/\/dyzedesign.com\/#website","url":"https:\/\/dyzedesign.com\/","name":"DYZE DESIGN","description":"","publisher":{"@id":"https:\/\/dyzedesign.com\/#organization"},"potentialAction":[{"@type":"SearchAction","target":{"@type":"EntryPoint","urlTemplate":"https:\/\/dyzedesign.com\/?s={search_term_string}"},"query-input":{"@type":"PropertyValueSpecification","valueRequired":true,"valueName":"search_term_string"}}],"inLanguage":"fr-FR"},{"@type":"Organization","@id":"https:\/\/dyzedesign.com\/#organization","name":"Dyze Design","url":"https:\/\/dyzedesign.com\/","logo":{"@type":"ImageObject","inLanguage":"fr-FR","@id":"https:\/\/dyzedesign.com\/#\/schema\/logo\/image\/","url":"https:\/\/dyzedesign.com\/wp-content\/uploads\/2016\/11\/DYZE_logo_RGB_PNG-web.png","contentUrl":"https:\/\/dyzedesign.com\/wp-content\/uploads\/2016\/11\/DYZE_logo_RGB_PNG-web.png","width":451,"height":225,"caption":"Dyze Design"},"image":{"@id":"https:\/\/dyzedesign.com\/#\/schema\/logo\/image\/"},"sameAs":["https:\/\/www.facebook.com\/dyzedesign\/"]}]}},"_links":{"self":[{"href":"https:\/\/dyzedesign.com\/fr\/wp-json\/wp\/v2\/pages\/29820","targetHints":{"allow":["GET"]}}],"collection":[{"href":"https:\/\/dyzedesign.com\/fr\/wp-json\/wp\/v2\/pages"}],"about":[{"href":"https:\/\/dyzedesign.com\/fr\/wp-json\/wp\/v2\/types\/page"}],"author":[{"embeddable":true,"href":"https:\/\/dyzedesign.com\/fr\/wp-json\/wp\/v2\/users\/2380"}],"replies":[{"embeddable":true,"href":"https:\/\/dyzedesign.com\/fr\/wp-json\/wp\/v2\/comments?post=29820"}],"version-history":[{"count":0,"href":"https:\/\/dyzedesign.com\/fr\/wp-json\/wp\/v2\/pages\/29820\/revisions"}],"wp:attachment":[{"href":"https:\/\/dyzedesign.com\/fr\/wp-json\/wp\/v2\/media?parent=29820"}],"curies":[{"name":"wp","href":"https:\/\/api.w.org\/{rel}","templated":true}]}}