{"id":29726,"date":"2022-09-23T13:54:34","date_gmt":"2022-09-23T17:54:34","guid":{"rendered":"https:\/\/dyzedesign.com\/?page_id=29726"},"modified":"2022-09-26T15:15:41","modified_gmt":"2022-09-26T19:15:41","slug":"moniteur-de-filament-orthus","status":"publish","type":"page","link":"https:\/\/dyzedesign.com\/fr\/moniteur-de-filament-orthus\/","title":{"rendered":"Moniteur de filament Orthus\u2122"},"content":{"rendered":"<div class=\"wpb-content-wrapper\"><p>[vc_row full_width=&nbsp;&raquo;stretch_row&nbsp;&raquo; css=&nbsp;&raquo;.vc_custom_1534948090896{background-color: #f2f2f2 !important;}&nbsp;&raquo;][vc_column el_id=&nbsp;&raquo;inpage-nav&nbsp;&raquo; el_class=&nbsp;&raquo;inpage-nav&nbsp;&raquo;][vc_column_text css=&nbsp;&raquo;.vc_custom_1663958053667{margin-top: -35px !important;}&nbsp;&raquo;]<\/p>\n<ul class=\"inpage-nav-items\">\n<li><a class=\"scroll\" href=\"#overview\">Aper\u00e7u<\/a><\/li>\n<li><a class=\"scroll\" href=\"#tech-specs\">Sp\u00e9cifications techniques<\/a><\/li>\n<li><a class=\"button\" style=\"color: #ffffff;\" href=\"https:\/\/dyzedesign.com\/shop\/filament-detector\/orthus-filament-monitor\/\">Acheter<\/a><\/li>\n<\/ul>\n<p>[\/vc_column_text][\/vc_column][\/vc_row][vc_row full_width=&nbsp;&raquo;stretch_row&nbsp;&raquo; css=&nbsp;&raquo;.vc_custom_1534948362339{padding-top: 40px !important;padding-bottom: 60px !important;background-color: #f2f2f2 !important;}&nbsp;&raquo;][vc_column width=&nbsp;&raquo;1\/6&Prime;][\/vc_column][vc_column width=&nbsp;&raquo;2\/3&Prime;][vc_custom_heading text=&nbsp;&raquo;D\u00e9tecteur de filament Orthus\u2122&nbsp;&raquo; font_container=&nbsp;&raquo;tag:h1|font_size:40px|text_align:center|line_height:50px&nbsp;&raquo; google_fonts=&nbsp;&raquo;font_family:Poppins%3Aregular|font_style:500%20bold%20regular%3A500%3Anormal&nbsp;&raquo; css_animation=&nbsp;&raquo;fadeInUp&nbsp;&raquo; css=&nbsp;&raquo;.vc_custom_1612557881253{padding-bottom: 20px !important;}&nbsp;&raquo;][vc_custom_heading text=&nbsp;&raquo;Pr\u00e9cision.<br \/>\nSensibilit\u00e9.<br \/>\nCompatibilit\u00e9.&nbsp;&raquo; font_container=&nbsp;&raquo;tag:h2|font_size:72px|text_align:center|line_height:75px&nbsp;&raquo; use_theme_fonts=&nbsp;&raquo;yes&nbsp;&raquo; css_animation=&nbsp;&raquo;fadeInUp&nbsp;&raquo; css=&nbsp;&raquo;.vc_custom_1612559776495{padding-bottom: 10px !important;}&nbsp;&raquo;][vc_single_image image=&nbsp;&raquo;31582&Prime; img_size=&nbsp;&raquo;500&#215;625&Prime; alignment=&nbsp;&raquo;center&nbsp;&raquo; css_animation=&nbsp;&raquo;fadeInUp&nbsp;&raquo; css=&nbsp;&raquo;.vc_custom_1663858180758{margin-bottom: 0px !important;}&nbsp;&raquo;][vc_column_text]<\/p>\n<h2 style=\"text-align: center;\">D\u00e9tecte le manque de filament et les blocages<\/h2>\n<p style=\"text-align: center;\">Orthus\u2122 est un capteur intelligent et ultra pr\u00e9cis qui d\u00e9tecte lorsque que le filament se bloque ou s&rsquo;\u00e9puise. D\u00e8s qu&rsquo;il y a un manque de filament dans votre bobine, ou d\u00e8s qu&rsquo;il y a un blocage dans votre extrudeur ou votre buse, Orthus\u2122 engagera une routine de pause sur votre imprimante.<\/p>\n<p>[\/vc_column_text][vc_btn title=&nbsp;&raquo;Acheter maintenant&nbsp;&raquo; style=&nbsp;&raquo;custom&nbsp;&raquo; custom_background=&nbsp;&raquo;#2e5b8a&nbsp;&raquo; custom_text=&nbsp;&raquo;#ffffff&nbsp;&raquo; shape=&nbsp;&raquo;square&nbsp;&raquo; size=&nbsp;&raquo;lg&nbsp;&raquo; align=&nbsp;&raquo;center&nbsp;&raquo; i_icon_fontawesome=&nbsp;&raquo;fas fa-shopping-bag&nbsp;&raquo; css_animation=&nbsp;&raquo;fadeInUp&nbsp;&raquo; add_icon=&nbsp;&raquo;true&nbsp;&raquo; css=&nbsp;&raquo;.vc_custom_1663878627132{padding-top: 25px !important;}&nbsp;&raquo; link=&nbsp;&raquo;url:https%3A%2F%2Fdyzedesign.com%2Fshop%2Ffilament-detector%2Forthus-filament-monitor%2F&nbsp;&raquo;][vc_custom_heading text=&nbsp;&raquo;Seulement 125$&nbsp;&raquo; font_container=&nbsp;&raquo;tag:h4|font_size:24px|text_align:center|color:%23333333&Prime; use_theme_fonts=&nbsp;&raquo;yes&nbsp;&raquo; css_animation=&nbsp;&raquo;fadeInUp&nbsp;&raquo; css=&nbsp;&raquo;.vc_custom_1663858552425{padding-bottom: 15px !important;}&nbsp;&raquo;][\/vc_column][vc_column width=&nbsp;&raquo;1\/6&Prime;][\/vc_column][\/vc_row][vc_row css=&nbsp;&raquo;.vc_custom_1534948767757{padding-top: 70px !important;}&nbsp;&raquo; el_id=&nbsp;&raquo;overview&nbsp;&raquo;][vc_column][vc_custom_heading text=&nbsp;&raquo;La d\u00e9tection de filament avec la plus haute pr\u00e9cision&nbsp;&raquo; font_container=&nbsp;&raquo;tag:h2|text_align:center&nbsp;&raquo; use_theme_fonts=&nbsp;&raquo;yes&nbsp;&raquo; css_animation=&nbsp;&raquo;fadeInUp&nbsp;&raquo; css=&nbsp;&raquo;.vc_custom_1663956813459{padding-bottom: 10px !important;}&nbsp;&raquo;][\/vc_column][\/vc_row][vc_row full_width=&nbsp;&raquo;stretch_row_content&nbsp;&raquo; css_animation=&nbsp;&raquo;none&nbsp;&raquo; css=&nbsp;&raquo;.vc_custom_1533842170451{padding-right: 25px !important;padding-bottom: 70px !important;padding-left: 25px !important;background-color: #ffffff !important;}&nbsp;&raquo;][vc_column css_animation=&nbsp;&raquo;fadeInUp&nbsp;&raquo; width=&nbsp;&raquo;1\/4&Prime;][vc_single_image image=&nbsp;&raquo;31570&Prime; img_size=&nbsp;&raquo;800&#215;480&Prime;][vc_column_text css=&nbsp;&raquo;.vc_custom_1663956908288{padding-top: 25px !important;}&nbsp;&raquo;]<\/p>\n<h3 style=\"text-align: left;\">Indicateur de mouvement clair<\/h3>\n<p style=\"text-align: left;\">Tant qu&rsquo;il y a du mouvement, le Orthus\u2122 indiquera clairement l&rsquo;\u00e9tat avec une lumi\u00e8re clignotante<\/p>\n<p>[\/vc_column_text][\/vc_column][vc_column css_animation=&nbsp;&raquo;fadeInUp&nbsp;&raquo; width=&nbsp;&raquo;1\/4&Prime;][vc_single_image image=&nbsp;&raquo;31574&Prime; img_size=&nbsp;&raquo;800&#215;480&Prime;][vc_column_text]<\/p>\n<h3 style=\"text-align: left;\">Sensibilit\u00e9 variable<\/h3>\n<p style=\"text-align: left;\">Vous pouvez manuellement ajuster la sensibilit\u00e9 de votre capteur. L&rsquo;interrupteur physique vous permet de choisir entre une r\u00e9solution de 9\u00b5m, 148\u00b5m ou 1 229mm, ce qui est plus qu&rsquo;assez pour n&rsquo;importe quel type de filament.<\/p>\n<p>[\/vc_column_text][\/vc_column][vc_column css_animation=&nbsp;&raquo;fadeInUp&nbsp;&raquo; width=&nbsp;&raquo;1\/4&Prime;][vc_single_image image=&nbsp;&raquo;31572&Prime; img_size=&nbsp;&raquo;800&#215;480&Prime;][vc_column_text css=&nbsp;&raquo;.vc_custom_1663956921373{padding-top: 25px !important;}&nbsp;&raquo;]<\/p>\n<h3 style=\"text-align: left;\">Pr\u00e9cision incontest\u00e9e<\/h3>\n<p style=\"text-align: left;\">Orthus\u2122 est un des capteurs de filament les plus pr\u00e9cis sur le march\u00e9. Avec une r\u00e9solution de 9\u00b5m, il peut fournir une d\u00e9tection et arr\u00eater l&rsquo;impression presque instantan\u00e9ment.<\/p>\n<p>[\/vc_column_text][\/vc_column][vc_column width=&nbsp;&raquo;1\/4&Prime;][vc_single_image image=&nbsp;&raquo;31576&Prime; img_size=&nbsp;&raquo;800&#215;480&Prime; alignment=&nbsp;&raquo;center&nbsp;&raquo;][vc_column_text]<\/p>\n<h3 style=\"text-align: left;\">Installation facile<\/h3>\n<p style=\"text-align: left;\">Orthus\u2122 est facile \u00e0 installer dans votre environnement d&rsquo;impression 3d. Il suffit simplement d&rsquo;installer le capteur entre votre bobine de filament et votre extrudeur \u00e0 l&rsquo;aide des vis fournies.<\/p>\n<p>[\/vc_column_text][\/vc_column][\/vc_row][vc_row full_width=&nbsp;&raquo;stretch_row&nbsp;&raquo; content_placement=&nbsp;&raquo;middle&nbsp;&raquo; css=&nbsp;&raquo;.vc_custom_1533842188506{padding-top: 55px !important;padding-bottom: 20px !important;background-color: #f2f2f2 !important;}&nbsp;&raquo;][vc_column][vc_column_text css_animation=&nbsp;&raquo;fadeInUp&nbsp;&raquo;]<\/p>\n<h2 style=\"text-align: center;\">Pause l&rsquo;impression automatiquement<\/h2>\n<p style=\"text-align: center;\">Le capteur interagit avec votre contr\u00f4leur d&rsquo;imprimante 3D afin qu&rsquo;il puisse automatiquement mettre en pause votre impression lorsque le Orthus\u2122 envoie un signal d&rsquo;erreur \u00e0 votre imprimante.<\/p>\n<p>[\/vc_column_text]<div class=\"content_video  auto-wh\"><div class=\"section_video\"><div class=\"mask\"><\/div><video class=\"mcb-video\" poster=\"\" style=\"max-width:100%; \" autoplay=\"1\"  loop=\"1\" muted=\"1\" ><source type=\"video\/mp4\" src=\"\/wp-content\/uploads\/2022\/09\/orthus-pause-compress.mp4\" \/><\/video><\/div><\/div>\n[\/vc_column][\/vc_row][vc_row full_width=&nbsp;&raquo;stretch_row_content&nbsp;&raquo; css_animation=&nbsp;&raquo;none&nbsp;&raquo; css=&nbsp;&raquo;.vc_custom_1533842170451{padding-right: 25px !important;padding-bottom: 70px !important;padding-left: 25px !important;background-color: #ffffff !important;}&nbsp;&raquo;][vc_column css_animation=&nbsp;&raquo;fadeInUp&nbsp;&raquo; width=&nbsp;&raquo;1\/3&Prime;][vc_single_image image=&nbsp;&raquo;31580&Prime; img_size=&nbsp;&raquo;800&#215;480&Prime;][vc_column_text]<\/p>\n<h3 style=\"text-align: left;\">Compatible avec des filaments de 1.75 mm ou de 2.85 mm<\/h3>\n<p style=\"text-align: left;\">Orthus\u2122 est disponible autant pour des filaments de 1.75mm de diam\u00e8tre que des filaments de 2.85mm.<\/p>\n<p>[\/vc_column_text][\/vc_column][vc_column css_animation=&nbsp;&raquo;fadeInUp&nbsp;&raquo; width=&nbsp;&raquo;1\/3&Prime;][vc_single_image image=&nbsp;&raquo;32039&Prime; img_size=&nbsp;&raquo;800&#215;480&Prime; alignment=&nbsp;&raquo;center&nbsp;&raquo;][vc_column_text]<\/p>\n<h3 style=\"text-align: left;\">Configuration simple<\/h3>\n<p style=\"text-align: left;\">Suivez notre documentation en ligne et d\u00e9couvrez \u00e0 quel point il est facile de configurer votre Orthus\u2122. En quelques lignes de code, vous pourrez utiliser votre nouveau d\u00e9tecteur de filament.<\/p>\n<p>[\/vc_column_text][\/vc_column][vc_column css_animation=&nbsp;&raquo;fadeInUp&nbsp;&raquo; width=&nbsp;&raquo;1\/3&Prime;][vc_single_image image=&nbsp;&raquo;31568&Prime; img_size=&nbsp;&raquo;800&#215;480&Prime;][vc_column_text]<\/p>\n<h3 style=\"text-align: left;\">Ultra Durable<\/h3>\n<p style=\"text-align: left;\">Orthus\u2122 est fait enti\u00e8rement de m\u00e9tal et la plaque frontale est une feuille d&rsquo;acrylique dure. Il n&rsquo;y a aucune pi\u00e8ce imprim\u00e9e dans l&rsquo;assemblage.<\/p>\n<p>[\/vc_column_text][\/vc_column][\/vc_row][vc_row full_width=&nbsp;&raquo;stretch_row&nbsp;&raquo; css=&nbsp;&raquo;.vc_custom_1663957141587{padding-top: 40px !important;padding-bottom: 30px !important;background-color: #f2f2f2 !important;background-position: center !important;background-repeat: no-repeat !important;background-size: cover !important;}&nbsp;&raquo;][vc_column][vc_column_text]<\/p>\n<h2 style=\"text-align: center;\">D\u00e9tecte tous les plastiques<\/h2>\n<p style=\"text-align: center;\">Le Orthus\u2122 est capable de d\u00e9tecter chaque type de filament actuellement vendu sur le march\u00e9.<\/p>\n<p>[\/vc_column_text][vc_tta_tabs style=&nbsp;&raquo;flat&nbsp;&raquo; shape=&nbsp;&raquo;square&nbsp;&raquo; spacing=&nbsp;&raquo;3&Prime; alignment=&nbsp;&raquo;center&nbsp;&raquo; autoplay=&nbsp;&raquo;3&Prime; active_section=&nbsp;&raquo;1&Prime; pagination_style=&nbsp;&raquo;flat-round&nbsp;&raquo;][vc_tta_section title=&nbsp;&raquo;Standard&nbsp;&raquo; tab_id=&nbsp;&raquo;plastics-standard&nbsp;&raquo;][vc_column_text]<\/p>\n<ul class=\"list_check\">\n<li>PLA<\/li>\n<li>ABS<\/li>\n<\/ul>\n<p>[\/vc_column_text][\/vc_tta_section][vc_tta_section title=&nbsp;&raquo;Flexible&nbsp;&raquo; tab_id=&nbsp;&raquo;plastics-flexible&nbsp;&raquo;][vc_column_text]<\/p>\n<ul class=\"list_check\">\n<li>TPE<\/li>\n<li>TPU<\/li>\n<\/ul>\n<p>[\/vc_column_text][\/vc_tta_section][vc_tta_section title=&nbsp;&raquo;Support&nbsp;&raquo; tab_id=&nbsp;&raquo;plastics-support&nbsp;&raquo;][vc_column_text]<\/p>\n<ul class=\"list_check\">\n<li>PVA<\/li>\n<li>HIPS<\/li>\n<\/ul>\n<p>[\/vc_column_text][\/vc_tta_section][vc_tta_section title=&nbsp;&raquo;Avanc\u00e9&nbsp;&raquo; tab_id=&nbsp;&raquo;plastics-advanced&nbsp;&raquo;][vc_column_text]<\/p>\n<ul class=\"list_check\">\n<li>PC<\/li>\n<li>PET<\/li>\n<li>PETG<\/li>\n<li>NYLON<\/li>\n<\/ul>\n<p>[\/vc_column_text][\/vc_tta_section][vc_tta_section title=&nbsp;&raquo;Ing\u00e9nierie&nbsp;&raquo; tab_id=&nbsp;&raquo;plasctis-engineering&nbsp;&raquo;][vc_column_text]<\/p>\n<ul class=\"list_check\">\n<li>PEEK<\/li>\n<li>PEI<\/li>\n<\/ul>\n<p>[\/vc_column_text][\/vc_tta_section][vc_tta_section title=&nbsp;&raquo;Autre&nbsp;&raquo; tab_id=&nbsp;&raquo;plastics-other&nbsp;&raquo;][vc_column_text]<\/p>\n<ul class=\"list_check\">\n<li>Poudre m\u00e9tallique<\/li>\n<li>Fibre de bois<\/li>\n<li>Fibre de carbone<\/li>\n<li>Fibre de verre<\/li>\n<\/ul>\n<p>[\/vc_column_text][\/vc_tta_section][\/vc_tta_tabs][\/vc_column][\/vc_row][vc_row css=&nbsp;&raquo;.vc_custom_1534948793864{padding-top: 25px !important;}&nbsp;&raquo; el_id=&nbsp;&raquo;tech-specs&nbsp;&raquo;][vc_column][vc_custom_heading text=&nbsp;&raquo;Informations techniques&nbsp;&raquo; font_container=&nbsp;&raquo;tag:h2|text_align:center|line_height:35px&nbsp;&raquo; use_theme_fonts=&nbsp;&raquo;yes&nbsp;&raquo; css=&nbsp;&raquo;.vc_custom_1663957388112{padding-bottom: 20px !important;}&nbsp;&raquo;][\/vc_column][\/vc_row][vc_row css=&nbsp;&raquo;.vc_custom_1546542779721{padding-bottom: 45px !important;}&nbsp;&raquo;][vc_column width=&nbsp;&raquo;1\/2&Prime;][vc_column_text]&nbsp;<\/p>\n<table class=\" alignleft\" style=\"height: 358px;\" width=\"560\">\n<tbody>\n<tr>\n<td>\n<p>&nbsp;<\/p>\n<p>Param\u00e8tre<\/p>\n<p>&nbsp;<\/td>\n<td>Min<\/td>\n<td>Typique<\/td>\n<td>\n<p>&nbsp;<\/p>\n<p>Min<\/p>\n<p>&nbsp;<\/td>\n<td>\n<p>&nbsp;<\/p>\n<p>Unit\u00e9s<\/p>\n<p>&nbsp;<\/td>\n<\/tr>\n<tr>\n<td>Tension d&rsquo;entr\u00e9e<\/td>\n<td>3.3<\/td>\n<td>5<\/td>\n<td>5.5<\/td>\n<td>V<\/td>\n<\/tr>\n<tr>\n<td>Courant d&rsquo;entr\u00e9e<\/td>\n<td><\/td>\n<td>40<\/td>\n<td><\/td>\n<td>mA<\/td>\n<\/tr>\n<tr>\n<td>Puissance d&rsquo;entr\u00e9e<\/td>\n<td><\/td>\n<td>200<\/td>\n<td><\/td>\n<td>mW<\/td>\n<\/tr>\n<tr>\n<td>Sensibilit\u00e9<\/td>\n<td>0.803<\/td>\n<td>\u00a06.42103<\/td>\n<td>103<\/td>\n<td>mm\/Pulse<\/td>\n<\/tr>\n<tr>\n<td>Filetage de montage<\/td>\n<td><\/td>\n<td>M3<\/td>\n<td><\/td>\n<td>mm<\/td>\n<\/tr>\n<tr>\n<td>Temp\u00e9rature d&rsquo;op\u00e9ration<\/td>\n<td>0<\/td>\n<td>21<\/td>\n<td><\/td>\n<td>\u00b0C<\/td>\n<\/tr>\n<\/tbody>\n<\/table>\n<p>[\/vc_column_text][\/vc_column][vc_column width=&nbsp;&raquo;1\/2&Prime;][vc_single_image image=&nbsp;&raquo;32041&Prime; img_size=&nbsp;&raquo;full&nbsp;&raquo; alignment=&nbsp;&raquo;right&nbsp;&raquo; css=&nbsp;&raquo;.vc_custom_1663957824485{padding-top: 50px !important;}&nbsp;&raquo;][\/vc_column][\/vc_row][vc_row css=&nbsp;&raquo;.vc_custom_1527696403464{padding-bottom: 35px !important;}&nbsp;&raquo;][vc_column width=&nbsp;&raquo;1\/2&Prime;][vc_btn title=&nbsp;&raquo;Download 3D CAD&nbsp;&raquo; style=&nbsp;&raquo;custom&nbsp;&raquo; custom_background=&nbsp;&raquo;#2e5b8a&nbsp;&raquo; custom_text=&nbsp;&raquo;#ffffff&nbsp;&raquo; shape=&nbsp;&raquo;square&nbsp;&raquo; align=&nbsp;&raquo;center&nbsp;&raquo; link=&nbsp;&raquo;url:https%3A%2F%2Fdrive.google.com%2Fdrive%2Ffolders%2F1vKZO1sfuKrcFyLZmr4i6faxiknbpRDjk%3Fusp%3Dsharing&nbsp;&raquo;][\/vc_column][vc_column width=&nbsp;&raquo;1\/2&Prime;][vc_btn title=&nbsp;&raquo;Support Orthus&nbsp;&raquo; style=&nbsp;&raquo;custom&nbsp;&raquo; custom_background=&nbsp;&raquo;#2e5b8a&nbsp;&raquo; custom_text=&nbsp;&raquo;#ffffff&nbsp;&raquo; shape=&nbsp;&raquo;square&nbsp;&raquo; align=&nbsp;&raquo;center&nbsp;&raquo; link=&nbsp;&raquo;url:%2F%3Fpage_id%3D3858|&nbsp;&raquo;][\/vc_column][\/vc_row]<\/p>\n<\/div>","protected":false},"excerpt":{"rendered":"<p>[vc_row full_width=&nbsp;&raquo;stretch_row&nbsp;&raquo; css=&nbsp;&raquo;.vc_custom_1534948090896{background-color: #f2f2f2 !important;}&nbsp;&raquo;][vc_column el_id=&nbsp;&raquo;inpage-nav&nbsp;&raquo; el_class=&nbsp;&raquo;inpage-nav&nbsp;&raquo;][vc_column_text css=&nbsp;&raquo;.vc_custom_1663958053667{margin-top: -35px !important;}&nbsp;&raquo;] Aper\u00e7u Sp\u00e9cifications techniques Acheter [\/vc_column_text][\/vc_column][\/vc_row][vc_row full_width=&nbsp;&raquo;stretch_row&nbsp;&raquo; css=&nbsp;&raquo;.vc_custom_1534948362339{padding-top: 40px !important;padding-bottom: 60px !important;background-color: #f2f2f2 !important;}&nbsp;&raquo;][vc_column width=&nbsp;&raquo;1\/6&Prime;][\/vc_column][vc_column width=&nbsp;&raquo;2\/3&Prime;][vc_custom_heading text=&nbsp;&raquo;D\u00e9tecteur de filament Orthus\u2122&nbsp;&raquo; font_container=&nbsp;&raquo;tag:h1|font_size:40px|text_align:center|line_height:50px&nbsp;&raquo; google_fonts=&nbsp;&raquo;font_family:Poppins%3Aregular|font_style:500%20bold%20regular%3A500%3Anormal&nbsp;&raquo; css_animation=&nbsp;&raquo;fadeInUp&nbsp;&raquo; css=&nbsp;&raquo;.vc_custom_1612557881253{padding-bottom: 20px !important;}&nbsp;&raquo;][vc_custom_heading text=&nbsp;&raquo;Pr\u00e9cision. Sensibilit\u00e9. Compatibilit\u00e9.&nbsp;&raquo; font_container=&nbsp;&raquo;tag:h2|font_size:72px|text_align:center|line_height:75px&nbsp;&raquo; use_theme_fonts=&nbsp;&raquo;yes&nbsp;&raquo;<span class=\"excerpt-hellip\"> [\u2026]<\/span><\/p>\n","protected":false},"author":571,"featured_media":0,"parent":0,"menu_order":0,"comment_status":"closed","ping_status":"closed","template":"","meta":{"footnotes":""},"class_list":["post-29726","page","type-page","status-publish","hentry"],"yoast_head":"<!-- This site is optimized with the Yoast SEO plugin v27.2 - https:\/\/yoast.com\/product\/yoast-seo-wordpress\/ -->\n<title>Moniteur de filament Orthus\u2122 - DYZE DESIGN<\/title>\n<meta name=\"description\" content=\"Orthus \u2122 est un capteur de filament ultra-pr\u00e9cis permettant une d\u00e9tection instantan\u00e9e \u00e0 la fois du manque et du bourrage de filament.\" \/>\n<meta name=\"robots\" content=\"index, follow, max-snippet:-1, max-image-preview:large, max-video-preview:-1\" \/>\n<link rel=\"canonical\" href=\"https:\/\/dyzedesign.com\/fr\/moniteur-de-filament-orthus\/\" \/>\n<meta property=\"og:locale\" content=\"fr_FR\" \/>\n<meta property=\"og:type\" content=\"article\" \/>\n<meta property=\"og:title\" content=\"Moniteur de filament Orthus\u2122 - DYZE DESIGN\" \/>\n<meta property=\"og:description\" content=\"Orthus \u2122 est un capteur de filament ultra-pr\u00e9cis permettant une d\u00e9tection instantan\u00e9e \u00e0 la fois du manque et du bourrage de filament.\" \/>\n<meta property=\"og:url\" content=\"https:\/\/dyzedesign.com\/fr\/moniteur-de-filament-orthus\/\" \/>\n<meta property=\"og:site_name\" content=\"DYZE DESIGN\" \/>\n<meta property=\"article:publisher\" content=\"https:\/\/www.facebook.com\/dyzedesign\/\" \/>\n<meta property=\"article:modified_time\" content=\"2022-09-26T19:15:41+00:00\" \/>\n<meta property=\"og:image\" content=\"https:\/\/dyzedesign.com\/wp-content\/uploads\/2022\/03\/IMG_0642r-scaled.jpg\" \/>\n\t<meta property=\"og:image:width\" content=\"2048\" \/>\n\t<meta property=\"og:image:height\" content=\"1365\" \/>\n\t<meta property=\"og:image:type\" content=\"image\/jpeg\" \/>\n<meta name=\"twitter:card\" content=\"summary_large_image\" \/>\n<meta name=\"twitter:image\" content=\"https:\/\/dyzedesign.com\/wp-content\/uploads\/2022\/03\/IMG_0642r-1024x683.jpg\" \/>\n<meta name=\"twitter:label1\" content=\"Dur\u00e9e de lecture estim\u00e9e\" \/>\n\t<meta name=\"twitter:data1\" content=\"3 minutes\" \/>\n<script type=\"application\/ld+json\" class=\"yoast-schema-graph\">{\"@context\":\"https:\/\/schema.org\",\"@graph\":[{\"@type\":[\"WebPage\",\"ItemPage\"],\"@id\":\"https:\/\/dyzedesign.com\/fr\/moniteur-de-filament-orthus\/\",\"url\":\"https:\/\/dyzedesign.com\/fr\/moniteur-de-filament-orthus\/\",\"name\":\"Moniteur de filament Orthus\u2122 - DYZE DESIGN\",\"isPartOf\":{\"@id\":\"https:\/\/dyzedesign.com\/#website\"},\"datePublished\":\"2022-09-23T17:54:34+00:00\",\"dateModified\":\"2022-09-26T19:15:41+00:00\",\"description\":\"Orthus \u2122 est un capteur de filament ultra-pr\u00e9cis permettant une d\u00e9tection instantan\u00e9e \u00e0 la fois du manque et du bourrage de filament.\",\"breadcrumb\":{\"@id\":\"https:\/\/dyzedesign.com\/fr\/moniteur-de-filament-orthus\/#breadcrumb\"},\"inLanguage\":\"fr-FR\",\"potentialAction\":[{\"@type\":\"ReadAction\",\"target\":[\"https:\/\/dyzedesign.com\/fr\/moniteur-de-filament-orthus\/\"]}]},{\"@type\":\"BreadcrumbList\",\"@id\":\"https:\/\/dyzedesign.com\/fr\/moniteur-de-filament-orthus\/#breadcrumb\",\"itemListElement\":[{\"@type\":\"ListItem\",\"position\":1,\"name\":\"Home\",\"item\":\"https:\/\/dyzedesign.com\/\"},{\"@type\":\"ListItem\",\"position\":2,\"name\":\"Moniteur de filament Orthus\u2122\"}]},{\"@type\":\"WebSite\",\"@id\":\"https:\/\/dyzedesign.com\/#website\",\"url\":\"https:\/\/dyzedesign.com\/\",\"name\":\"DYZE DESIGN\",\"description\":\"\",\"publisher\":{\"@id\":\"https:\/\/dyzedesign.com\/#organization\"},\"potentialAction\":[{\"@type\":\"SearchAction\",\"target\":{\"@type\":\"EntryPoint\",\"urlTemplate\":\"https:\/\/dyzedesign.com\/?s={search_term_string}\"},\"query-input\":{\"@type\":\"PropertyValueSpecification\",\"valueRequired\":true,\"valueName\":\"search_term_string\"}}],\"inLanguage\":\"fr-FR\"},{\"@type\":\"Organization\",\"@id\":\"https:\/\/dyzedesign.com\/#organization\",\"name\":\"Dyze Design\",\"url\":\"https:\/\/dyzedesign.com\/\",\"logo\":{\"@type\":\"ImageObject\",\"inLanguage\":\"fr-FR\",\"@id\":\"https:\/\/dyzedesign.com\/#\/schema\/logo\/image\/\",\"url\":\"https:\/\/dyzedesign.com\/wp-content\/uploads\/2016\/11\/DYZE_logo_RGB_PNG-web.png\",\"contentUrl\":\"https:\/\/dyzedesign.com\/wp-content\/uploads\/2016\/11\/DYZE_logo_RGB_PNG-web.png\",\"width\":451,\"height\":225,\"caption\":\"Dyze Design\"},\"image\":{\"@id\":\"https:\/\/dyzedesign.com\/#\/schema\/logo\/image\/\"},\"sameAs\":[\"https:\/\/www.facebook.com\/dyzedesign\/\"]}]}<\/script>\n<!-- \/ Yoast SEO plugin. -->","yoast_head_json":{"title":"Moniteur de filament Orthus\u2122 - DYZE DESIGN","description":"Orthus \u2122 est un capteur de filament ultra-pr\u00e9cis permettant une d\u00e9tection instantan\u00e9e \u00e0 la fois du manque et du bourrage de filament.","robots":{"index":"index","follow":"follow","max-snippet":"max-snippet:-1","max-image-preview":"max-image-preview:large","max-video-preview":"max-video-preview:-1"},"canonical":"https:\/\/dyzedesign.com\/fr\/moniteur-de-filament-orthus\/","og_locale":"fr_FR","og_type":"article","og_title":"Moniteur de filament Orthus\u2122 - DYZE DESIGN","og_description":"Orthus \u2122 est un capteur de filament ultra-pr\u00e9cis permettant une d\u00e9tection instantan\u00e9e \u00e0 la fois du manque et du bourrage de filament.","og_url":"https:\/\/dyzedesign.com\/fr\/moniteur-de-filament-orthus\/","og_site_name":"DYZE DESIGN","article_publisher":"https:\/\/www.facebook.com\/dyzedesign\/","article_modified_time":"2022-09-26T19:15:41+00:00","og_image":[{"width":2048,"height":1365,"url":"https:\/\/dyzedesign.com\/wp-content\/uploads\/2022\/03\/IMG_0642r-scaled.jpg","type":"image\/jpeg"}],"twitter_card":"summary_large_image","twitter_image":"https:\/\/dyzedesign.com\/wp-content\/uploads\/2022\/03\/IMG_0642r-1024x683.jpg","twitter_misc":{"Dur\u00e9e de lecture estim\u00e9e":"3 minutes"},"schema":{"@context":"https:\/\/schema.org","@graph":[{"@type":["WebPage","ItemPage"],"@id":"https:\/\/dyzedesign.com\/fr\/moniteur-de-filament-orthus\/","url":"https:\/\/dyzedesign.com\/fr\/moniteur-de-filament-orthus\/","name":"Moniteur de filament Orthus\u2122 - DYZE DESIGN","isPartOf":{"@id":"https:\/\/dyzedesign.com\/#website"},"datePublished":"2022-09-23T17:54:34+00:00","dateModified":"2022-09-26T19:15:41+00:00","description":"Orthus \u2122 est un capteur de filament ultra-pr\u00e9cis permettant une d\u00e9tection instantan\u00e9e \u00e0 la fois du manque et du bourrage de filament.","breadcrumb":{"@id":"https:\/\/dyzedesign.com\/fr\/moniteur-de-filament-orthus\/#breadcrumb"},"inLanguage":"fr-FR","potentialAction":[{"@type":"ReadAction","target":["https:\/\/dyzedesign.com\/fr\/moniteur-de-filament-orthus\/"]}]},{"@type":"BreadcrumbList","@id":"https:\/\/dyzedesign.com\/fr\/moniteur-de-filament-orthus\/#breadcrumb","itemListElement":[{"@type":"ListItem","position":1,"name":"Home","item":"https:\/\/dyzedesign.com\/"},{"@type":"ListItem","position":2,"name":"Moniteur de filament Orthus\u2122"}]},{"@type":"WebSite","@id":"https:\/\/dyzedesign.com\/#website","url":"https:\/\/dyzedesign.com\/","name":"DYZE DESIGN","description":"","publisher":{"@id":"https:\/\/dyzedesign.com\/#organization"},"potentialAction":[{"@type":"SearchAction","target":{"@type":"EntryPoint","urlTemplate":"https:\/\/dyzedesign.com\/?s={search_term_string}"},"query-input":{"@type":"PropertyValueSpecification","valueRequired":true,"valueName":"search_term_string"}}],"inLanguage":"fr-FR"},{"@type":"Organization","@id":"https:\/\/dyzedesign.com\/#organization","name":"Dyze Design","url":"https:\/\/dyzedesign.com\/","logo":{"@type":"ImageObject","inLanguage":"fr-FR","@id":"https:\/\/dyzedesign.com\/#\/schema\/logo\/image\/","url":"https:\/\/dyzedesign.com\/wp-content\/uploads\/2016\/11\/DYZE_logo_RGB_PNG-web.png","contentUrl":"https:\/\/dyzedesign.com\/wp-content\/uploads\/2016\/11\/DYZE_logo_RGB_PNG-web.png","width":451,"height":225,"caption":"Dyze Design"},"image":{"@id":"https:\/\/dyzedesign.com\/#\/schema\/logo\/image\/"},"sameAs":["https:\/\/www.facebook.com\/dyzedesign\/"]}]}},"_links":{"self":[{"href":"https:\/\/dyzedesign.com\/fr\/wp-json\/wp\/v2\/pages\/29726","targetHints":{"allow":["GET"]}}],"collection":[{"href":"https:\/\/dyzedesign.com\/fr\/wp-json\/wp\/v2\/pages"}],"about":[{"href":"https:\/\/dyzedesign.com\/fr\/wp-json\/wp\/v2\/types\/page"}],"author":[{"embeddable":true,"href":"https:\/\/dyzedesign.com\/fr\/wp-json\/wp\/v2\/users\/571"}],"replies":[{"embeddable":true,"href":"https:\/\/dyzedesign.com\/fr\/wp-json\/wp\/v2\/comments?post=29726"}],"version-history":[{"count":0,"href":"https:\/\/dyzedesign.com\/fr\/wp-json\/wp\/v2\/pages\/29726\/revisions"}],"wp:attachment":[{"href":"https:\/\/dyzedesign.com\/fr\/wp-json\/wp\/v2\/media?parent=29726"}],"curies":[{"name":"wp","href":"https:\/\/api.w.org\/{rel}","templated":true}]}}