{"id":13408,"date":"2018-05-15T14:52:20","date_gmt":"2018-05-15T18:52:20","guid":{"rendered":"https:\/\/dyzedesign.com\/?page_id=13408"},"modified":"2022-08-26T15:33:58","modified_gmt":"2022-08-26T19:33:58","slug":"emplois","status":"publish","type":"page","link":"https:\/\/dyzedesign.com\/fr\/a-propos\/emplois\/","title":{"rendered":"Emplois"},"content":{"rendered":"\n<div style=\"height:50px\" aria-hidden=\"true\" class=\"wp-block-spacer\"><\/div>\n\n\n\n<h2 class=\"has-text-align-center wp-block-heading\">Joignez-vous \u00e0 notre \u00e9quipe et vivez l&rsquo;exp\u00e9rience d&rsquo;une startup montr\u00e9alaise!<\/h2>\n\n\n\n<div style=\"height:22px\" aria-hidden=\"true\" class=\"wp-block-spacer\"><\/div>\n\n\n\n<figure class=\"wp-block-gallery has-nested-images columns-3 is-cropped wp-block-gallery-1 is-layout-flex wp-block-gallery-is-layout-flex\">\n<figure class=\"wp-block-image size-large\"><a href=\"https:\/\/dyzedesign.com\/wp-content\/uploads\/2021\/02\/20200421_105623-scaled.jpg\"><img width=\"1024\" height=\"774\"fetchpriority=\"high\" decoding=\"async\" width=\"1024\" height=\"774\" data-id=\"29798\" src=\"\/cdn-cgi\/image\/width=1024,height=774,fit=crop,quality=80,format=auto,onerror=redirect,metadata=none\/wp-content\/uploads\/2021\/02\/20200421_105623.jpg\" alt=\"\" class=\"wp-image-29798\" srcset=\"\/cdn-cgi\/image\/width=1024,height=774,fit=crop,quality=80,format=auto,onerror=redirect,metadata=none\/wp-content\/uploads\/2021\/02\/20200421_105623.jpg 1024w, \/cdn-cgi\/image\/width=800,height=605,fit=crop,quality=80,format=auto,onerror=redirect,metadata=none\/wp-content\/uploads\/2021\/02\/20200421_105623-scaled.jpg 800w, \/cdn-cgi\/image\/width=300,height=227,fit=crop,quality=80,format=auto,onerror=redirect,metadata=none\/wp-content\/uploads\/2021\/02\/20200421_105623.jpg 300w, \/cdn-cgi\/image\/width=150,height=113,fit=crop,quality=80,format=auto,onerror=redirect,metadata=none\/wp-content\/uploads\/2021\/02\/20200421_105623.jpg 150w, \/cdn-cgi\/image\/width=768,height=581,fit=crop,quality=80,format=auto,onerror=redirect,metadata=none\/wp-content\/uploads\/2021\/02\/20200421_105623.jpg 768w, \/cdn-cgi\/image\/width=1536,height=1161,fit=crop,quality=80,format=auto,onerror=redirect,metadata=none\/wp-content\/uploads\/2021\/02\/20200421_105623.jpg 1536w, \/cdn-cgi\/image\/quality=80,format=auto,onerror=redirect,metadata=none\/wp-content\/uploads\/2021\/02\/20200421_105623-scaled.jpg 2048w, \/cdn-cgi\/image\/width=193,height=146,fit=crop,quality=80,format=auto,onerror=redirect,metadata=none\/wp-content\/uploads\/2021\/02\/20200421_105623.jpg 193w, \/cdn-cgi\/image\/width=50,height=38,fit=crop,quality=80,format=auto,onerror=redirect,metadata=none\/wp-content\/uploads\/2021\/02\/20200421_105623.jpg 50w, \/cdn-cgi\/image\/width=99,height=75,fit=crop,quality=80,format=auto,onerror=redirect,metadata=none\/wp-content\/uploads\/2021\/02\/20200421_105623.jpg 99w, \/cdn-cgi\/image\/width=600,height=454,fit=crop,quality=80,format=auto,onerror=redirect,metadata=none\/wp-content\/uploads\/2021\/02\/20200421_105623.jpg 600w, \/cdn-cgi\/image\/width=79,height=60,fit=crop,quality=80,format=auto,onerror=redirect,metadata=none\/wp-content\/uploads\/2021\/02\/20200421_105623.jpg 79w, \/cdn-cgi\/image\/width=119,height=90,fit=crop,quality=80,format=auto,onerror=redirect,metadata=none\/wp-content\/uploads\/2021\/02\/20200421_105623.jpg 119w\" sizes=\"(max-width:767px) 480px, (max-width:1024px) 100vw, 1024px\" \/><\/a><\/figure>\n\n\n\n<figure class=\"wp-block-image size-large\"><a href=\"https:\/\/dyzedesign.com\/wp-content\/uploads\/2021\/02\/20200421_105753-scaled.jpg\"><img width=\"1024\" height=\"565\"decoding=\"async\" width=\"1024\" height=\"565\" data-id=\"29796\" src=\"\/cdn-cgi\/image\/width=1024,height=565,fit=crop,quality=80,format=auto,onerror=redirect,metadata=none\/wp-content\/uploads\/2021\/02\/20200421_105753.jpg\" alt=\"\" class=\"wp-image-29796\" srcset=\"\/cdn-cgi\/image\/width=1024,height=565,fit=crop,quality=80,format=auto,onerror=redirect,metadata=none\/wp-content\/uploads\/2021\/02\/20200421_105753.jpg 1024w, \/cdn-cgi\/image\/width=800,height=441,fit=crop,quality=80,format=auto,onerror=redirect,metadata=none\/wp-content\/uploads\/2021\/02\/20200421_105753-scaled.jpg 800w, \/cdn-cgi\/image\/width=300,height=166,fit=crop,quality=80,format=auto,onerror=redirect,metadata=none\/wp-content\/uploads\/2021\/02\/20200421_105753.jpg 300w, \/cdn-cgi\/image\/width=150,height=83,fit=crop,quality=80,format=auto,onerror=redirect,metadata=none\/wp-content\/uploads\/2021\/02\/20200421_105753.jpg 150w, \/cdn-cgi\/image\/width=768,height=424,fit=crop,quality=80,format=auto,onerror=redirect,metadata=none\/wp-content\/uploads\/2021\/02\/20200421_105753.jpg 768w, \/cdn-cgi\/image\/width=1536,height=848,fit=crop,quality=80,format=auto,onerror=redirect,metadata=none\/wp-content\/uploads\/2021\/02\/20200421_105753.jpg 1536w, \/cdn-cgi\/image\/quality=80,format=auto,onerror=redirect,metadata=none\/wp-content\/uploads\/2021\/02\/20200421_105753-scaled.jpg 2048w, \/cdn-cgi\/image\/width=260,height=143,fit=crop,quality=80,format=auto,onerror=redirect,metadata=none\/wp-content\/uploads\/2021\/02\/20200421_105753.jpg 260w, \/cdn-cgi\/image\/width=50,height=28,fit=crop,quality=80,format=auto,onerror=redirect,metadata=none\/wp-content\/uploads\/2021\/02\/20200421_105753.jpg 50w, \/cdn-cgi\/image\/width=136,height=75,fit=crop,quality=80,format=auto,onerror=redirect,metadata=none\/wp-content\/uploads\/2021\/02\/20200421_105753.jpg 136w, \/cdn-cgi\/image\/width=600,height=331,fit=crop,quality=80,format=auto,onerror=redirect,metadata=none\/wp-content\/uploads\/2021\/02\/20200421_105753.jpg 600w, \/cdn-cgi\/image\/width=109,height=60,fit=crop,quality=80,format=auto,onerror=redirect,metadata=none\/wp-content\/uploads\/2021\/02\/20200421_105753.jpg 109w, \/cdn-cgi\/image\/width=163,height=90,fit=crop,quality=80,format=auto,onerror=redirect,metadata=none\/wp-content\/uploads\/2021\/02\/20200421_105753.jpg 163w\" sizes=\"(max-width:767px) 480px, (max-width:1024px) 100vw, 1024px\" \/><\/a><\/figure>\n\n\n\n<figure class=\"wp-block-image size-large\"><a href=\"https:\/\/dyzedesign.com\/wp-content\/uploads\/2021\/02\/20200421_111458-scaled.jpg\"><img width=\"1024\" height=\"818\"decoding=\"async\" width=\"1024\" height=\"818\" data-id=\"29794\" src=\"\/cdn-cgi\/image\/width=1024,height=818,fit=crop,quality=80,format=auto,onerror=redirect,metadata=none\/wp-content\/uploads\/2021\/02\/20200421_111458.jpg\" alt=\"\" class=\"wp-image-29794\" srcset=\"\/cdn-cgi\/image\/width=1024,height=818,fit=crop,quality=80,format=auto,onerror=redirect,metadata=none\/wp-content\/uploads\/2021\/02\/20200421_111458.jpg 1024w, \/cdn-cgi\/image\/width=800,height=639,fit=crop,quality=80,format=auto,onerror=redirect,metadata=none\/wp-content\/uploads\/2021\/02\/20200421_111458-scaled.jpg 800w, \/cdn-cgi\/image\/width=300,height=240,fit=crop,quality=80,format=auto,onerror=redirect,metadata=none\/wp-content\/uploads\/2021\/02\/20200421_111458.jpg 300w, \/cdn-cgi\/image\/width=150,height=120,fit=crop,quality=80,format=auto,onerror=redirect,metadata=none\/wp-content\/uploads\/2021\/02\/20200421_111458.jpg 150w, \/cdn-cgi\/image\/width=768,height=613,fit=crop,quality=80,format=auto,onerror=redirect,metadata=none\/wp-content\/uploads\/2021\/02\/20200421_111458.jpg 768w, \/cdn-cgi\/image\/width=1536,height=1227,fit=crop,quality=80,format=auto,onerror=redirect,metadata=none\/wp-content\/uploads\/2021\/02\/20200421_111458.jpg 1536w, \/cdn-cgi\/image\/quality=80,format=auto,onerror=redirect,metadata=none\/wp-content\/uploads\/2021\/02\/20200421_111458-scaled.jpg 2048w, \/cdn-cgi\/image\/width=183,height=146,fit=crop,quality=80,format=auto,onerror=redirect,metadata=none\/wp-content\/uploads\/2021\/02\/20200421_111458.jpg 183w, \/cdn-cgi\/image\/width=50,height=40,fit=crop,quality=80,format=auto,onerror=redirect,metadata=none\/wp-content\/uploads\/2021\/02\/20200421_111458.jpg 50w, \/cdn-cgi\/image\/width=94,height=75,fit=crop,quality=80,format=auto,onerror=redirect,metadata=none\/wp-content\/uploads\/2021\/02\/20200421_111458.jpg 94w, \/cdn-cgi\/image\/width=600,height=479,fit=crop,quality=80,format=auto,onerror=redirect,metadata=none\/wp-content\/uploads\/2021\/02\/20200421_111458.jpg 600w, \/cdn-cgi\/image\/width=75,height=60,fit=crop,quality=80,format=auto,onerror=redirect,metadata=none\/wp-content\/uploads\/2021\/02\/20200421_111458.jpg 75w, \/cdn-cgi\/image\/width=113,height=90,fit=crop,quality=80,format=auto,onerror=redirect,metadata=none\/wp-content\/uploads\/2021\/02\/20200421_111458.jpg 113w\" sizes=\"(max-width:767px) 480px, (max-width:1024px) 100vw, 1024px\" \/><\/a><\/figure>\n\n\n\n<figure class=\"wp-block-image size-large\"><a href=\"https:\/\/dyzedesign.com\/wp-content\/uploads\/2022\/08\/IMG_1518-2-scaled.jpg\"><img width=\"1024\" height=\"683\"loading=\"lazy\" decoding=\"async\" width=\"1024\" height=\"683\" data-id=\"31952\" src=\"\/cdn-cgi\/image\/width=1024,height=683,fit=crop,quality=80,format=auto,onerror=redirect,metadata=none\/wp-content\/uploads\/2022\/08\/IMG_1518-2.jpg\" alt=\"\" class=\"wp-image-31952\" srcset=\"\/cdn-cgi\/image\/width=1024,height=683,fit=crop,quality=80,format=auto,onerror=redirect,metadata=none\/wp-content\/uploads\/2022\/08\/IMG_1518-2.jpg 1024w, \/cdn-cgi\/image\/width=800,height=533,fit=crop,quality=80,format=auto,onerror=redirect,metadata=none\/wp-content\/uploads\/2022\/08\/IMG_1518-2-scaled.jpg 800w, \/cdn-cgi\/image\/width=300,height=200,fit=crop,quality=80,format=auto,onerror=redirect,metadata=none\/wp-content\/uploads\/2022\/08\/IMG_1518-2.jpg 300w, \/cdn-cgi\/image\/width=150,height=100,fit=crop,quality=80,format=auto,onerror=redirect,metadata=none\/wp-content\/uploads\/2022\/08\/IMG_1518-2.jpg 150w, \/cdn-cgi\/image\/width=768,height=512,fit=crop,quality=80,format=auto,onerror=redirect,metadata=none\/wp-content\/uploads\/2022\/08\/IMG_1518-2.jpg 768w, \/cdn-cgi\/image\/width=1536,height=1024,fit=crop,quality=80,format=auto,onerror=redirect,metadata=none\/wp-content\/uploads\/2022\/08\/IMG_1518-2.jpg 1536w, \/cdn-cgi\/image\/quality=80,format=auto,onerror=redirect,metadata=none\/wp-content\/uploads\/2022\/08\/IMG_1518-2-scaled.jpg 2048w, \/cdn-cgi\/image\/width=219,height=146,fit=crop,quality=80,format=auto,onerror=redirect,metadata=none\/wp-content\/uploads\/2022\/08\/IMG_1518-2.jpg 219w, \/cdn-cgi\/image\/width=50,height=33,fit=crop,quality=80,format=auto,onerror=redirect,metadata=none\/wp-content\/uploads\/2022\/08\/IMG_1518-2.jpg 50w, \/cdn-cgi\/image\/width=113,height=75,fit=crop,quality=80,format=auto,onerror=redirect,metadata=none\/wp-content\/uploads\/2022\/08\/IMG_1518-2.jpg 113w\" sizes=\"(max-width:767px) 480px, (max-width:1024px) 100vw, 1024px\" \/><\/a><\/figure>\n\n\n\n<figure class=\"wp-block-image size-large\"><a href=\"https:\/\/dyzedesign.com\/wp-content\/uploads\/2022\/08\/D4C3960-2-scaled.jpg\"><img width=\"1024\" height=\"682\"loading=\"lazy\" decoding=\"async\" width=\"1024\" height=\"682\" data-id=\"31954\" src=\"\/cdn-cgi\/image\/width=1024,height=682,fit=crop,quality=80,format=auto,onerror=redirect,metadata=none\/wp-content\/uploads\/2022\/08\/D4C3960-2.jpg\" alt=\"\" class=\"wp-image-31954\" srcset=\"\/cdn-cgi\/image\/width=1024,height=682,fit=crop,quality=80,format=auto,onerror=redirect,metadata=none\/wp-content\/uploads\/2022\/08\/D4C3960-2.jpg 1024w, \/cdn-cgi\/image\/width=800,height=532,fit=crop,quality=80,format=auto,onerror=redirect,metadata=none\/wp-content\/uploads\/2022\/08\/D4C3960-2-scaled.jpg 800w, \/cdn-cgi\/image\/width=300,height=200,fit=crop,quality=80,format=auto,onerror=redirect,metadata=none\/wp-content\/uploads\/2022\/08\/D4C3960-2.jpg 300w, \/cdn-cgi\/image\/width=150,height=100,fit=crop,quality=80,format=auto,onerror=redirect,metadata=none\/wp-content\/uploads\/2022\/08\/D4C3960-2.jpg 150w, \/cdn-cgi\/image\/width=768,height=511,fit=crop,quality=80,format=auto,onerror=redirect,metadata=none\/wp-content\/uploads\/2022\/08\/D4C3960-2.jpg 768w, \/cdn-cgi\/image\/width=1536,height=1022,fit=crop,quality=80,format=auto,onerror=redirect,metadata=none\/wp-content\/uploads\/2022\/08\/D4C3960-2.jpg 1536w, \/cdn-cgi\/image\/quality=80,format=auto,onerror=redirect,metadata=none\/wp-content\/uploads\/2022\/08\/D4C3960-2-scaled.jpg 2048w, \/cdn-cgi\/image\/width=219,height=146,fit=crop,quality=80,format=auto,onerror=redirect,metadata=none\/wp-content\/uploads\/2022\/08\/D4C3960-2.jpg 219w, \/cdn-cgi\/image\/width=50,height=33,fit=crop,quality=80,format=auto,onerror=redirect,metadata=none\/wp-content\/uploads\/2022\/08\/D4C3960-2.jpg 50w, \/cdn-cgi\/image\/width=113,height=75,fit=crop,quality=80,format=auto,onerror=redirect,metadata=none\/wp-content\/uploads\/2022\/08\/D4C3960-2.jpg 113w\" sizes=\"(max-width:767px) 480px, (max-width:1024px) 100vw, 1024px\" \/><\/a><\/figure>\n<\/figure>\n\n\n\n<div style=\"height:28px\" aria-hidden=\"true\" class=\"wp-block-spacer\"><\/div>\n\n\n\n<p>Nous cherchons des personnes de talents afin de nous aider \u00e0 devenir des leaders dans l&rsquo;industrie de l&rsquo;impression 3D et continuer \u00e0 d\u00e9velopper les meilleurs composantes et accessoires pour les imprimantes 3D de type &laquo;&nbsp;Prosommateurs&nbsp;&raquo; et industriels. \u00cates-vous celui que nous cherchons?<\/p>\n\n\n\n<p>\n\nSi vous avez des questions, n&rsquo;h\u00e9sitez pas \u00e0<a href=\"\/fr\/contactez-nous\/\"> nous contacter!<\/a><\/p>\n\n\n\n<div style=\"height:35px\" aria-hidden=\"true\" class=\"wp-block-spacer\"><\/div>\n\n\n\n<h3 class=\"wp-block-heading\">Postes disponibles<\/h3>\n\n\n\n<div style=\"height:20px\" aria-hidden=\"true\" class=\"wp-block-spacer\"><\/div>\n\n\n\n<script type=\"text\/javascript\" src=\"https:\/\/static.smartrecruiters.com\/job-widget\/1.4.2\/script\/smart_widget.js\"><\/script>\n<script type=\"text\/javascript\" class=\"job_widget\">\nwidget({\n    \"company_code\": \"DyzeDesign\",\n    \"bg_color_widget\": \"#ffffff\",\n    \"bg_color_headers\": \"#326295\",\n    \"bg_color_links\": \"#3c75ad\",\n    \"txt_color_headers\": \"#fafafa\",\n    \"txt_color_job\": \"#3d3d3d\",\n    \"bg_color_even_row\": \"#e0e0e0\",\n    \"bg_color_odd_row\": \"#f7f7f7\",\n    \"auto_width\": \"auto\",\n    \"auto_height\": \"auto\",\n    \"number\": \"on\",\n    \"job_title\": \"true\",\n    \"location\": \"true\",\n    \"type_of_employment\": \"true\",\n    \"filter_languages\": \"fr-CA\",\n    \"trid\": \"\",\n    \"api_url\": \"https:\/\/www.smartrecruiters.com\",\n    \"custom_css_url\": \"https:\/\/static.smartrecruiters.com\/job-widget\/1.4.2\/css\/smart_widget.css\"\n});\n<\/script>\n\n\n\n<div style=\"height:150px\" aria-hidden=\"true\" class=\"wp-block-spacer\"><\/div>\n","protected":false},"excerpt":{"rendered":"<p>Joignez-vous \u00e0 notre \u00e9quipe et vivez l&rsquo;exp\u00e9rience d&rsquo;une startup montr\u00e9alaise! Nous cherchons des personnes de talents afin de nous aider \u00e0 devenir des leaders dans l&rsquo;industrie de l&rsquo;impression 3D et continuer \u00e0 d\u00e9velopper les meilleurs composantes et accessoires pour les<span class=\"excerpt-hellip\"> [\u2026]<\/span><\/p>\n","protected":false},"author":1,"featured_media":0,"parent":828,"menu_order":0,"comment_status":"closed","ping_status":"closed","template":"","meta":{"footnotes":""},"class_list":["post-13408","page","type-page","status-publish","hentry"],"yoast_head":"<!-- This site is optimized with the Yoast SEO plugin v27.2 - https:\/\/yoast.com\/product\/yoast-seo-wordpress\/ -->\n<title>Emplois - DYZE DESIGN<\/title>\n<meta name=\"robots\" content=\"index, follow, max-snippet:-1, max-image-preview:large, max-video-preview:-1\" \/>\n<link rel=\"canonical\" href=\"https:\/\/dyzedesign.com\/fr\/a-propos\/emplois\/\" \/>\n<meta property=\"og:locale\" content=\"fr_FR\" \/>\n<meta property=\"og:type\" content=\"article\" \/>\n<meta property=\"og:title\" content=\"Emplois - DYZE DESIGN\" \/>\n<meta property=\"og:description\" content=\"Joignez-vous \u00e0 notre \u00e9quipe et vivez l&rsquo;exp\u00e9rience d&rsquo;une startup montr\u00e9alaise! Nous cherchons des personnes de talents afin de nous aider \u00e0 devenir des leaders dans l&rsquo;industrie de l&rsquo;impression 3D et continuer \u00e0 d\u00e9velopper les meilleurs composantes et accessoires pour les [\u2026]\" \/>\n<meta property=\"og:url\" content=\"https:\/\/dyzedesign.com\/fr\/a-propos\/emplois\/\" \/>\n<meta property=\"og:site_name\" content=\"DYZE DESIGN\" \/>\n<meta property=\"article:publisher\" content=\"https:\/\/www.facebook.com\/dyzedesign\/\" \/>\n<meta property=\"article:modified_time\" content=\"2022-08-26T19:33:58+00:00\" \/>\n<meta property=\"og:image\" content=\"https:\/\/dyzedesign.com\/wp-content\/uploads\/2021\/02\/20200421_105623-1024x774.jpg\" \/>\n<meta name=\"twitter:card\" content=\"summary_large_image\" \/>\n<meta name=\"twitter:label1\" content=\"Dur\u00e9e de lecture estim\u00e9e\" \/>\n\t<meta name=\"twitter:data1\" content=\"2 minutes\" \/>\n<script type=\"application\/ld+json\" class=\"yoast-schema-graph\">{\"@context\":\"https:\/\/schema.org\",\"@graph\":[{\"@type\":\"WebPage\",\"@id\":\"https:\/\/dyzedesign.com\/fr\/a-propos\/emplois\/\",\"url\":\"https:\/\/dyzedesign.com\/fr\/a-propos\/emplois\/\",\"name\":\"Emplois - DYZE DESIGN\",\"isPartOf\":{\"@id\":\"https:\/\/dyzedesign.com\/#website\"},\"primaryImageOfPage\":{\"@id\":\"https:\/\/dyzedesign.com\/fr\/a-propos\/emplois\/#primaryimage\"},\"image\":{\"@id\":\"https:\/\/dyzedesign.com\/fr\/a-propos\/emplois\/#primaryimage\"},\"thumbnailUrl\":\"https:\/\/dyzedesign.com\/wp-content\/uploads\/2021\/02\/20200421_105623-1024x774.jpg\",\"datePublished\":\"2018-05-15T18:52:20+00:00\",\"dateModified\":\"2022-08-26T19:33:58+00:00\",\"breadcrumb\":{\"@id\":\"https:\/\/dyzedesign.com\/fr\/a-propos\/emplois\/#breadcrumb\"},\"inLanguage\":\"fr-FR\",\"potentialAction\":[{\"@type\":\"ReadAction\",\"target\":[\"https:\/\/dyzedesign.com\/fr\/a-propos\/emplois\/\"]}]},{\"@type\":\"ImageObject\",\"inLanguage\":\"fr-FR\",\"@id\":\"https:\/\/dyzedesign.com\/fr\/a-propos\/emplois\/#primaryimage\",\"url\":\"https:\/\/dyzedesign.com\/wp-content\/uploads\/2021\/02\/20200421_105623-1024x774.jpg\",\"contentUrl\":\"https:\/\/dyzedesign.com\/wp-content\/uploads\/2021\/02\/20200421_105623-1024x774.jpg\"},{\"@type\":\"BreadcrumbList\",\"@id\":\"https:\/\/dyzedesign.com\/fr\/a-propos\/emplois\/#breadcrumb\",\"itemListElement\":[{\"@type\":\"ListItem\",\"position\":1,\"name\":\"Home\",\"item\":\"https:\/\/dyzedesign.com\/\"},{\"@type\":\"ListItem\",\"position\":2,\"name\":\"\u00c0 Propos\",\"item\":\"https:\/\/dyzedesign.com\/fr\/a-propos\/\"},{\"@type\":\"ListItem\",\"position\":3,\"name\":\"Emplois\"}]},{\"@type\":\"WebSite\",\"@id\":\"https:\/\/dyzedesign.com\/#website\",\"url\":\"https:\/\/dyzedesign.com\/\",\"name\":\"DYZE DESIGN\",\"description\":\"\",\"publisher\":{\"@id\":\"https:\/\/dyzedesign.com\/#organization\"},\"potentialAction\":[{\"@type\":\"SearchAction\",\"target\":{\"@type\":\"EntryPoint\",\"urlTemplate\":\"https:\/\/dyzedesign.com\/?s={search_term_string}\"},\"query-input\":{\"@type\":\"PropertyValueSpecification\",\"valueRequired\":true,\"valueName\":\"search_term_string\"}}],\"inLanguage\":\"fr-FR\"},{\"@type\":\"Organization\",\"@id\":\"https:\/\/dyzedesign.com\/#organization\",\"name\":\"Dyze Design\",\"url\":\"https:\/\/dyzedesign.com\/\",\"logo\":{\"@type\":\"ImageObject\",\"inLanguage\":\"fr-FR\",\"@id\":\"https:\/\/dyzedesign.com\/#\/schema\/logo\/image\/\",\"url\":\"https:\/\/dyzedesign.com\/wp-content\/uploads\/2016\/11\/DYZE_logo_RGB_PNG-web.png\",\"contentUrl\":\"https:\/\/dyzedesign.com\/wp-content\/uploads\/2016\/11\/DYZE_logo_RGB_PNG-web.png\",\"width\":451,\"height\":225,\"caption\":\"Dyze Design\"},\"image\":{\"@id\":\"https:\/\/dyzedesign.com\/#\/schema\/logo\/image\/\"},\"sameAs\":[\"https:\/\/www.facebook.com\/dyzedesign\/\"]}]}<\/script>\n<!-- \/ Yoast SEO plugin. -->","yoast_head_json":{"title":"Emplois - DYZE DESIGN","robots":{"index":"index","follow":"follow","max-snippet":"max-snippet:-1","max-image-preview":"max-image-preview:large","max-video-preview":"max-video-preview:-1"},"canonical":"https:\/\/dyzedesign.com\/fr\/a-propos\/emplois\/","og_locale":"fr_FR","og_type":"article","og_title":"Emplois - DYZE DESIGN","og_description":"Joignez-vous \u00e0 notre \u00e9quipe et vivez l&rsquo;exp\u00e9rience d&rsquo;une startup montr\u00e9alaise! Nous cherchons des personnes de talents afin de nous aider \u00e0 devenir des leaders dans l&rsquo;industrie de l&rsquo;impression 3D et continuer \u00e0 d\u00e9velopper les meilleurs composantes et accessoires pour les [\u2026]","og_url":"https:\/\/dyzedesign.com\/fr\/a-propos\/emplois\/","og_site_name":"DYZE DESIGN","article_publisher":"https:\/\/www.facebook.com\/dyzedesign\/","article_modified_time":"2022-08-26T19:33:58+00:00","og_image":[{"url":"https:\/\/dyzedesign.com\/wp-content\/uploads\/2021\/02\/20200421_105623-1024x774.jpg","type":"","width":"","height":""}],"twitter_card":"summary_large_image","twitter_misc":{"Dur\u00e9e de lecture estim\u00e9e":"2 minutes"},"schema":{"@context":"https:\/\/schema.org","@graph":[{"@type":"WebPage","@id":"https:\/\/dyzedesign.com\/fr\/a-propos\/emplois\/","url":"https:\/\/dyzedesign.com\/fr\/a-propos\/emplois\/","name":"Emplois - DYZE DESIGN","isPartOf":{"@id":"https:\/\/dyzedesign.com\/#website"},"primaryImageOfPage":{"@id":"https:\/\/dyzedesign.com\/fr\/a-propos\/emplois\/#primaryimage"},"image":{"@id":"https:\/\/dyzedesign.com\/fr\/a-propos\/emplois\/#primaryimage"},"thumbnailUrl":"https:\/\/dyzedesign.com\/wp-content\/uploads\/2021\/02\/20200421_105623-1024x774.jpg","datePublished":"2018-05-15T18:52:20+00:00","dateModified":"2022-08-26T19:33:58+00:00","breadcrumb":{"@id":"https:\/\/dyzedesign.com\/fr\/a-propos\/emplois\/#breadcrumb"},"inLanguage":"fr-FR","potentialAction":[{"@type":"ReadAction","target":["https:\/\/dyzedesign.com\/fr\/a-propos\/emplois\/"]}]},{"@type":"ImageObject","inLanguage":"fr-FR","@id":"https:\/\/dyzedesign.com\/fr\/a-propos\/emplois\/#primaryimage","url":"https:\/\/dyzedesign.com\/wp-content\/uploads\/2021\/02\/20200421_105623-1024x774.jpg","contentUrl":"https:\/\/dyzedesign.com\/wp-content\/uploads\/2021\/02\/20200421_105623-1024x774.jpg"},{"@type":"BreadcrumbList","@id":"https:\/\/dyzedesign.com\/fr\/a-propos\/emplois\/#breadcrumb","itemListElement":[{"@type":"ListItem","position":1,"name":"Home","item":"https:\/\/dyzedesign.com\/"},{"@type":"ListItem","position":2,"name":"\u00c0 Propos","item":"https:\/\/dyzedesign.com\/fr\/a-propos\/"},{"@type":"ListItem","position":3,"name":"Emplois"}]},{"@type":"WebSite","@id":"https:\/\/dyzedesign.com\/#website","url":"https:\/\/dyzedesign.com\/","name":"DYZE DESIGN","description":"","publisher":{"@id":"https:\/\/dyzedesign.com\/#organization"},"potentialAction":[{"@type":"SearchAction","target":{"@type":"EntryPoint","urlTemplate":"https:\/\/dyzedesign.com\/?s={search_term_string}"},"query-input":{"@type":"PropertyValueSpecification","valueRequired":true,"valueName":"search_term_string"}}],"inLanguage":"fr-FR"},{"@type":"Organization","@id":"https:\/\/dyzedesign.com\/#organization","name":"Dyze Design","url":"https:\/\/dyzedesign.com\/","logo":{"@type":"ImageObject","inLanguage":"fr-FR","@id":"https:\/\/dyzedesign.com\/#\/schema\/logo\/image\/","url":"https:\/\/dyzedesign.com\/wp-content\/uploads\/2016\/11\/DYZE_logo_RGB_PNG-web.png","contentUrl":"https:\/\/dyzedesign.com\/wp-content\/uploads\/2016\/11\/DYZE_logo_RGB_PNG-web.png","width":451,"height":225,"caption":"Dyze Design"},"image":{"@id":"https:\/\/dyzedesign.com\/#\/schema\/logo\/image\/"},"sameAs":["https:\/\/www.facebook.com\/dyzedesign\/"]}]}},"_links":{"self":[{"href":"https:\/\/dyzedesign.com\/fr\/wp-json\/wp\/v2\/pages\/13408","targetHints":{"allow":["GET"]}}],"collection":[{"href":"https:\/\/dyzedesign.com\/fr\/wp-json\/wp\/v2\/pages"}],"about":[{"href":"https:\/\/dyzedesign.com\/fr\/wp-json\/wp\/v2\/types\/page"}],"author":[{"embeddable":true,"href":"https:\/\/dyzedesign.com\/fr\/wp-json\/wp\/v2\/users\/1"}],"replies":[{"embeddable":true,"href":"https:\/\/dyzedesign.com\/fr\/wp-json\/wp\/v2\/comments?post=13408"}],"version-history":[{"count":0,"href":"https:\/\/dyzedesign.com\/fr\/wp-json\/wp\/v2\/pages\/13408\/revisions"}],"up":[{"embeddable":true,"href":"https:\/\/dyzedesign.com\/fr\/wp-json\/wp\/v2\/pages\/828"}],"wp:attachment":[{"href":"https:\/\/dyzedesign.com\/fr\/wp-json\/wp\/v2\/media?parent=13408"}],"curies":[{"name":"wp","href":"https:\/\/api.w.org\/{rel}","templated":true}]}}