{"id":13377,"date":"2018-04-09T15:52:24","date_gmt":"2018-04-09T19:52:24","guid":{"rendered":"https:\/\/dyzedesign.com\/?page_id=13377"},"modified":"2021-06-11T11:11:50","modified_gmt":"2021-06-11T15:11:50","slug":"retours-et-remboursements","status":"publish","type":"page","link":"https:\/\/dyzedesign.com\/fr\/boutique\/retours-et-remboursements\/","title":{"rendered":"Retours et remboursements"},"content":{"rendered":"\n<div style=\"height:40px\" aria-hidden=\"true\" class=\"wp-block-spacer\"><\/div>\n\n\n\n<p>Merci pour votre achat. Nous esp\u00e9rons que vous \u00eates satisfait de votre achat. Cependant, si vous n&rsquo;\u00eates pas enti\u00e8rement satisfait de votre achat pour quelque raison que ce soit, vous pouvez nous le retourner pour un cr\u00e9dit en magasin ou un \u00e9change. S&rsquo;il vous pla\u00eet voir ci-dessous pour plus d&rsquo;informations sur notre politique de retour.<\/p>\n\n\n\n<div style=\"height:40px\" aria-hidden=\"true\" class=\"wp-block-spacer\"><\/div>\n\n\n\n<h4 class=\"wp-block-heading\">Retours<\/h4>\n\n\n\n<p>Tous les retours doivent \u00eatre post\u00e9s dans les soixante (60) jours suivant la date d&rsquo;achat. Tous les articles retourn\u00e9s doivent \u00eatre en&nbsp;\u00e9tat neuf et inutilis\u00e9, avec toutes les \u00e9tiquettes et \u00e9tiquettes originales attach\u00e9es.<\/p>\n\n\n\n<div style=\"height:40px\" aria-hidden=\"true\" class=\"wp-block-spacer\"><\/div>\n\n\n\n<h4 class=\"wp-block-heading\">Processus de retour<\/h4>\n\n\n\n<p>Pour retourner un article, veuillez envoyer un courriel au service \u00e0 la client\u00e8le \u00e0 sales@dyzedesign.com pour obtenir un Num\u00e9ro d&rsquo;autorisation&nbsp;pour marchandise de retour (RMA). Apr\u00e8s avoir re\u00e7u un num\u00e9ro RMA, placez l&rsquo;article en toute s\u00e9curit\u00e9 dans son emballage d&rsquo;origine et&nbsp;joignez votre preuve d&rsquo;achat et postez votre d\u00e9claration \u00e0 l&rsquo;adresse suivante:<\/p>\n\n\n\n<p>Dyze Design<br>Attn: Returns<br>RMA #<br>1505 Saint-Thomas Suite A, <br>LeMoyne, Quebec, <br>J4P 3S2<br>Canada<\/p>\n\n\n\n<p>Veuillez noter que vous serez responsable de tous les frais d&rsquo;exp\u00e9dition de retour. Nous vous recommandons fortement d&rsquo;utiliser un&nbsp;service tra\u00e7able pour poster votre retour.<\/p>\n\n\n\n<div style=\"height:40px\" aria-hidden=\"true\" class=\"wp-block-spacer\"><\/div>\n\n\n\n<h4 class=\"wp-block-heading\">Remboursements<\/h4>\n\n\n\n<p>Apr\u00e8s avoir re\u00e7u votre retour et inspectant l&rsquo;\u00e9tat de votre article, nous traiterons votre retour ou \u00e9change.<\/p>\n\n\n\n<p>S&rsquo;il vous pla\u00eet permettre au moins dix (10) jours \u00e0 compter de la r\u00e9ception de votre article pour traiter votre retour ou \u00e9change.Nous vous informerons par email lorsque votre retour aura \u00e9t\u00e9 trait\u00e9.<\/p>\n\n\n\n<div style=\"height:40px\" aria-hidden=\"true\" class=\"wp-block-spacer\"><\/div>\n\n\n\n<h4 class=\"wp-block-heading\">Garantie<\/h4>\n\n\n\n<p>Pour les produits d\u00e9fectueux ou endommag\u00e9s, veuillez nous contacter au num\u00e9ro du service client ou par e-mail ci-dessous pour organiser un remboursement ou un \u00e9change.<\/p>\n\n\n\n<p>Cette garantie couvre tous les d\u00e9fauts de mat\u00e9riaux et de fabrication pendant une p\u00e9riode de 6 mois \u00e0 compter de l&rsquo;achat. Elle ne s&rsquo;applique pas aux circonstances telles que, mais sans s&rsquo;y limiter&nbsp;:<\/p>\n\n\n\n<ul class=\"wp-block-list\"><li>Le produit a \u00e9t\u00e9 falsifi\u00e9, r\u00e9par\u00e9 et\/ou modifi\u00e9 par du personnel non autoris\u00e9\u00a0;<\/li><li>Le num\u00e9ro de s\u00e9rie du produit, des composants ou des accessoires a \u00e9t\u00e9 alt\u00e9r\u00e9, d\u00e9grad\u00e9 ou supprim\u00e9\u00a0;<\/li><li>Dommages caus\u00e9s par un produit tier, un assemblage incorrect ou un abus du produit. Veuillez lire attentivement notre documentation : <a href=\"http:\/\/docs.dyzedesign.com\/\" target=\"_blank\" rel=\"noreferrer noopener\">http:\/\/docs.dyzedesign.com\/<\/a> ;<\/li><\/ul>\n\n\n\n<div style=\"height:40px\" aria-hidden=\"true\" class=\"wp-block-spacer\"><\/div>\n\n\n\n<h4 class=\"wp-block-heading\">Questions<\/h4>\n\n\n\n<p>Si vous avez des questions concernant notre politique de retour, s&rsquo;il vous pla\u00eet contactez-nous au:<\/p>\n\n\n\n<p>(438) 238 &#8211; 1400<br>sales@dyzedesign.com<\/p>\n\n\n\n<div style=\"height:40px\" aria-hidden=\"true\" class=\"wp-block-spacer\"><\/div>\n","protected":false},"excerpt":{"rendered":"<p>Merci pour votre achat. Nous esp\u00e9rons que vous \u00eates satisfait de votre achat. Cependant, si vous n&rsquo;\u00eates pas enti\u00e8rement satisfait de votre achat pour quelque raison que ce soit, vous pouvez nous le retourner pour un cr\u00e9dit en magasin ou<span class=\"excerpt-hellip\"> [\u2026]<\/span><\/p>\n","protected":false},"author":1,"featured_media":0,"parent":168,"menu_order":0,"comment_status":"closed","ping_status":"closed","template":"","meta":{"footnotes":""},"class_list":["post-13377","page","type-page","status-publish","hentry"],"yoast_head":"<!-- This site is optimized with the Yoast SEO plugin v27.4 - https:\/\/yoast.com\/product\/yoast-seo-wordpress\/ -->\n<title>Retours et remboursements - DYZE DESIGN<\/title>\n<meta name=\"robots\" content=\"index, follow, max-snippet:-1, max-image-preview:large, max-video-preview:-1\" \/>\n<link rel=\"canonical\" href=\"https:\/\/dyzedesign.com\/fr\/boutique\/retours-et-remboursements\/\" \/>\n<meta property=\"og:locale\" content=\"fr_FR\" \/>\n<meta property=\"og:type\" content=\"article\" \/>\n<meta property=\"og:title\" content=\"Retours et remboursements - DYZE DESIGN\" \/>\n<meta property=\"og:description\" content=\"Merci pour votre achat. Nous esp\u00e9rons que vous \u00eates satisfait de votre achat. Cependant, si vous n&rsquo;\u00eates pas enti\u00e8rement satisfait de votre achat pour quelque raison que ce soit, vous pouvez nous le retourner pour un cr\u00e9dit en magasin ou [\u2026]\" \/>\n<meta property=\"og:url\" content=\"https:\/\/dyzedesign.com\/fr\/boutique\/retours-et-remboursements\/\" \/>\n<meta property=\"og:site_name\" content=\"DYZE DESIGN\" \/>\n<meta property=\"article:publisher\" content=\"https:\/\/www.facebook.com\/dyzedesign\/\" \/>\n<meta property=\"article:modified_time\" content=\"2021-06-11T15:11:50+00:00\" \/>\n<meta property=\"og:image\" content=\"https:\/\/dyzedesign.com\/cdn-cgi\/image\/quality=80,format=auto,onerror=redirect,metadata=none\/wp-content\/uploads\/2017\/10\/CubePro-Dyze-Printing-13_resize.jpg\" \/>\n\t<meta property=\"og:image:width\" content=\"2000\" \/>\n\t<meta property=\"og:image:height\" content=\"1333\" \/>\n\t<meta property=\"og:image:type\" content=\"image\/jpeg\" \/>\n<meta name=\"twitter:card\" content=\"summary_large_image\" \/>\n<meta name=\"twitter:label1\" content=\"Dur\u00e9e de lecture estim\u00e9e\" \/>\n\t<meta name=\"twitter:data1\" content=\"2 minutes\" \/>\n<script type=\"application\/ld+json\" class=\"yoast-schema-graph\">{\"@context\":\"https:\\\/\\\/schema.org\",\"@graph\":[{\"@type\":\"WebPage\",\"@id\":\"https:\\\/\\\/dyzedesign.com\\\/fr\\\/boutique\\\/retours-et-remboursements\\\/\",\"url\":\"https:\\\/\\\/dyzedesign.com\\\/fr\\\/boutique\\\/retours-et-remboursements\\\/\",\"name\":\"Retours et remboursements - DYZE DESIGN\",\"isPartOf\":{\"@id\":\"https:\\\/\\\/dyzedesign.com\\\/#website\"},\"datePublished\":\"2018-04-09T19:52:24+00:00\",\"dateModified\":\"2021-06-11T15:11:50+00:00\",\"breadcrumb\":{\"@id\":\"https:\\\/\\\/dyzedesign.com\\\/fr\\\/boutique\\\/retours-et-remboursements\\\/#breadcrumb\"},\"inLanguage\":\"fr-FR\",\"potentialAction\":[{\"@type\":\"ReadAction\",\"target\":[\"https:\\\/\\\/dyzedesign.com\\\/fr\\\/boutique\\\/retours-et-remboursements\\\/\"]}]},{\"@type\":\"BreadcrumbList\",\"@id\":\"https:\\\/\\\/dyzedesign.com\\\/fr\\\/boutique\\\/retours-et-remboursements\\\/#breadcrumb\",\"itemListElement\":[{\"@type\":\"ListItem\",\"position\":1,\"name\":\"Home\",\"item\":\"https:\\\/\\\/dyzedesign.com\\\/\"},{\"@type\":\"ListItem\",\"position\":2,\"name\":\"Boutique\",\"item\":\"https:\\\/\\\/dyzedesign.com\\\/fr\\\/boutique\\\/\"},{\"@type\":\"ListItem\",\"position\":3,\"name\":\"Retours et remboursements\"}]},{\"@type\":\"WebSite\",\"@id\":\"https:\\\/\\\/dyzedesign.com\\\/#website\",\"url\":\"https:\\\/\\\/dyzedesign.com\\\/\",\"name\":\"DYZE DESIGN\",\"description\":\"\",\"publisher\":{\"@id\":\"https:\\\/\\\/dyzedesign.com\\\/#organization\"},\"potentialAction\":[{\"@type\":\"SearchAction\",\"target\":{\"@type\":\"EntryPoint\",\"urlTemplate\":\"https:\\\/\\\/dyzedesign.com\\\/?s={search_term_string}\"},\"query-input\":{\"@type\":\"PropertyValueSpecification\",\"valueRequired\":true,\"valueName\":\"search_term_string\"}}],\"inLanguage\":\"fr-FR\"},{\"@type\":\"Organization\",\"@id\":\"https:\\\/\\\/dyzedesign.com\\\/#organization\",\"name\":\"Dyze Design\",\"url\":\"https:\\\/\\\/dyzedesign.com\\\/\",\"logo\":{\"@type\":\"ImageObject\",\"inLanguage\":\"fr-FR\",\"@id\":\"https:\\\/\\\/dyzedesign.com\\\/#\\\/schema\\\/logo\\\/image\\\/\",\"url\":\"https:\\\/\\\/dyzedesign.com\\\/wp-content\\\/uploads\\\/2016\\\/11\\\/DYZE_logo_RGB_PNG-web.png\",\"contentUrl\":\"https:\\\/\\\/dyzedesign.com\\\/wp-content\\\/uploads\\\/2016\\\/11\\\/DYZE_logo_RGB_PNG-web.png\",\"width\":451,\"height\":225,\"caption\":\"Dyze Design\"},\"image\":{\"@id\":\"https:\\\/\\\/dyzedesign.com\\\/#\\\/schema\\\/logo\\\/image\\\/\"},\"sameAs\":[\"https:\\\/\\\/www.facebook.com\\\/dyzedesign\\\/\"]}]}<\/script>\n<!-- \/ Yoast SEO plugin. -->","yoast_head_json":{"title":"Retours et remboursements - DYZE DESIGN","robots":{"index":"index","follow":"follow","max-snippet":"max-snippet:-1","max-image-preview":"max-image-preview:large","max-video-preview":"max-video-preview:-1"},"canonical":"https:\/\/dyzedesign.com\/fr\/boutique\/retours-et-remboursements\/","og_locale":"fr_FR","og_type":"article","og_title":"Retours et remboursements - DYZE DESIGN","og_description":"Merci pour votre achat. Nous esp\u00e9rons que vous \u00eates satisfait de votre achat. Cependant, si vous n&rsquo;\u00eates pas enti\u00e8rement satisfait de votre achat pour quelque raison que ce soit, vous pouvez nous le retourner pour un cr\u00e9dit en magasin ou [\u2026]","og_url":"https:\/\/dyzedesign.com\/fr\/boutique\/retours-et-remboursements\/","og_site_name":"DYZE DESIGN","article_publisher":"https:\/\/www.facebook.com\/dyzedesign\/","article_modified_time":"2021-06-11T15:11:50+00:00","og_image":[{"width":2000,"height":1333,"url":"https:\/\/dyzedesign.com\/cdn-cgi\/image\/quality=80,format=auto,onerror=redirect,metadata=none\/wp-content\/uploads\/2017\/10\/CubePro-Dyze-Printing-13_resize.jpg","type":"image\/jpeg"}],"twitter_card":"summary_large_image","twitter_misc":{"Dur\u00e9e de lecture estim\u00e9e":"2 minutes"},"schema":{"@context":"https:\/\/schema.org","@graph":[{"@type":"WebPage","@id":"https:\/\/dyzedesign.com\/fr\/boutique\/retours-et-remboursements\/","url":"https:\/\/dyzedesign.com\/fr\/boutique\/retours-et-remboursements\/","name":"Retours et remboursements - DYZE DESIGN","isPartOf":{"@id":"https:\/\/dyzedesign.com\/#website"},"datePublished":"2018-04-09T19:52:24+00:00","dateModified":"2021-06-11T15:11:50+00:00","breadcrumb":{"@id":"https:\/\/dyzedesign.com\/fr\/boutique\/retours-et-remboursements\/#breadcrumb"},"inLanguage":"fr-FR","potentialAction":[{"@type":"ReadAction","target":["https:\/\/dyzedesign.com\/fr\/boutique\/retours-et-remboursements\/"]}]},{"@type":"BreadcrumbList","@id":"https:\/\/dyzedesign.com\/fr\/boutique\/retours-et-remboursements\/#breadcrumb","itemListElement":[{"@type":"ListItem","position":1,"name":"Home","item":"https:\/\/dyzedesign.com\/"},{"@type":"ListItem","position":2,"name":"Boutique","item":"https:\/\/dyzedesign.com\/fr\/boutique\/"},{"@type":"ListItem","position":3,"name":"Retours et remboursements"}]},{"@type":"WebSite","@id":"https:\/\/dyzedesign.com\/#website","url":"https:\/\/dyzedesign.com\/","name":"DYZE DESIGN","description":"","publisher":{"@id":"https:\/\/dyzedesign.com\/#organization"},"potentialAction":[{"@type":"SearchAction","target":{"@type":"EntryPoint","urlTemplate":"https:\/\/dyzedesign.com\/?s={search_term_string}"},"query-input":{"@type":"PropertyValueSpecification","valueRequired":true,"valueName":"search_term_string"}}],"inLanguage":"fr-FR"},{"@type":"Organization","@id":"https:\/\/dyzedesign.com\/#organization","name":"Dyze Design","url":"https:\/\/dyzedesign.com\/","logo":{"@type":"ImageObject","inLanguage":"fr-FR","@id":"https:\/\/dyzedesign.com\/#\/schema\/logo\/image\/","url":"https:\/\/dyzedesign.com\/wp-content\/uploads\/2016\/11\/DYZE_logo_RGB_PNG-web.png","contentUrl":"https:\/\/dyzedesign.com\/wp-content\/uploads\/2016\/11\/DYZE_logo_RGB_PNG-web.png","width":451,"height":225,"caption":"Dyze Design"},"image":{"@id":"https:\/\/dyzedesign.com\/#\/schema\/logo\/image\/"},"sameAs":["https:\/\/www.facebook.com\/dyzedesign\/"]}]}},"_links":{"self":[{"href":"https:\/\/dyzedesign.com\/fr\/wp-json\/wp\/v2\/pages\/13377","targetHints":{"allow":["GET"]}}],"collection":[{"href":"https:\/\/dyzedesign.com\/fr\/wp-json\/wp\/v2\/pages"}],"about":[{"href":"https:\/\/dyzedesign.com\/fr\/wp-json\/wp\/v2\/types\/page"}],"author":[{"embeddable":true,"href":"https:\/\/dyzedesign.com\/fr\/wp-json\/wp\/v2\/users\/1"}],"replies":[{"embeddable":true,"href":"https:\/\/dyzedesign.com\/fr\/wp-json\/wp\/v2\/comments?post=13377"}],"version-history":[{"count":0,"href":"https:\/\/dyzedesign.com\/fr\/wp-json\/wp\/v2\/pages\/13377\/revisions"}],"up":[{"embeddable":true,"href":"https:\/\/dyzedesign.com\/fr\/wp-json\/wp\/v2\/pages\/168"}],"wp:attachment":[{"href":"https:\/\/dyzedesign.com\/fr\/wp-json\/wp\/v2\/media?parent=13377"}],"curies":[{"name":"wp","href":"https:\/\/api.w.org\/{rel}","templated":true}]}}